{"id":389,"date":"2023-04-05T15:45:09","date_gmt":"2023-04-05T13:45:09","guid":{"rendered":"https:\/\/www.laboratoireslelegard.com\/?post_type=product&#038;p=389"},"modified":"2026-03-05T15:17:59","modified_gmt":"2026-03-05T14:17:59","slug":"formation-installation-savonnerie","status":"publish","type":"product","link":"https:\/\/www.laboratoireslelegard.com\/it_ch\/product-2\/formation-installation-savonnerie\/","title":{"rendered":"Formation Installation de ma savonnerie"},"content":{"rendered":"<div data-elementor-type=\"product-post\" data-elementor-id=\"389\" class=\"elementor elementor-389\" data-elementor-post-type=\"product\">\n\t\t\t\t\t\t<section class=\"elementor-section elementor-top-section elementor-element elementor-element-a9dc6ed elementor-section-boxed elementor-section-height-default elementor-section-height-default\" data-id=\"a9dc6ed\" data-element_type=\"section\">\n\t\t\t\t\t\t<div class=\"elementor-container elementor-column-gap-default\">\n\t\t\t\t\t<div class=\"elementor-column elementor-col-50 elementor-top-column elementor-element elementor-element-12afdbd\" data-id=\"12afdbd\" data-element_type=\"column\">\n\t\t\t<div class=\"elementor-widget-wrap elementor-element-populated\">\n\t\t\t\t\t\t<div class=\"elementor-element elementor-element-ced15b6 elementor-widget elementor-widget-text-editor\" data-id=\"ced15b6\" data-element_type=\"widget\" data-widget_type=\"text-editor.default\">\n\t\t\t\t<div class=\"elementor-widget-container\">\n\t\t\t\t\t\t\t\t\t<p dir=\"ltr\" style=\"line-height: 1.38; margin-top: 0pt; margin-bottom: 0pt;\"><span style=\"background-color: unset; color: #000000;\">Bienvenue dans notre formation Installation de ma savonnerie ! Cette formation de 2 jours (14 heures) vous permettra de ma\u00eetriser les bases d&rsquo;une entreprise, d&rsquo;avoir une approche sur le rapport au commerce et de vous aider dans l&rsquo;installation physique de votre atelier de savonnerie.<\/span><\/p><p dir=\"ltr\" style=\"line-height: 1.38; margin-top: 0pt; margin-bottom: 0pt;\"><br><\/p>\n<p><span style=\"color: #000000;\">Nous vous accompagnons afin que vous puissiez d\u00e9velopper au mieux votre entreprise !<\/span><\/p>\n<p><\/p>\t\t\t\t\t\t\t\t<\/div>\n\t\t\t\t<\/div>\n\t\t\t\t\t<\/div>\n\t\t<\/div>\n\t\t\t\t<div class=\"elementor-column elementor-col-50 elementor-top-column elementor-element elementor-element-4fc881a\" data-id=\"4fc881a\" data-element_type=\"column\">\n\t\t\t<div class=\"elementor-widget-wrap elementor-element-populated\">\n\t\t\t\t\t\t<div class=\"elementor-element elementor-element-c55f3ec elementor-widget elementor-widget-image\" data-id=\"c55f3ec\" data-element_type=\"widget\" data-widget_type=\"image.default\">\n\t\t\t\t<div class=\"elementor-widget-container\">\n\t\t\t\t\t\t\t\t\t\t\t\t\t\t\t<img fetchpriority=\"high\" decoding=\"async\" width=\"1000\" height=\"1000\" src=\"https:\/\/www.laboratoireslelegard.com\/wp-content\/uploads\/2023\/04\/savonnerie-2.jpg\" class=\"attachment-large size-large wp-image-710\" alt=\"Savonnerie Savonnier Savon Soap\" srcset=\"https:\/\/www.laboratoireslelegard.com\/wp-content\/uploads\/2023\/04\/savonnerie-2.jpg 1000w, https:\/\/www.laboratoireslelegard.com\/wp-content\/uploads\/2023\/04\/savonnerie-2-300x300.jpg 300w, https:\/\/www.laboratoireslelegard.com\/wp-content\/uploads\/2023\/04\/savonnerie-2-150x150.jpg 150w, https:\/\/www.laboratoireslelegard.com\/wp-content\/uploads\/2023\/04\/savonnerie-2-768x768.jpg 768w, https:\/\/www.laboratoireslelegard.com\/wp-content\/uploads\/2023\/04\/savonnerie-2-990x990.jpg 990w, https:\/\/www.laboratoireslelegard.com\/wp-content\/uploads\/2023\/04\/savonnerie-2-441x441.jpg 441w, https:\/\/www.laboratoireslelegard.com\/wp-content\/uploads\/2023\/04\/savonnerie-2-600x600.jpg 600w\" sizes=\"(max-width: 1000px) 100vw, 1000px\" \/>\t\t\t\t\t\t\t\t\t\t\t\t\t\t\t<\/div>\n\t\t\t\t<\/div>\n\t\t\t\t\t<\/div>\n\t\t<\/div>\n\t\t\t\t\t<\/div>\n\t\t<\/section>\n\t\t\t\t<section class=\"elementor-section elementor-top-section elementor-element elementor-element-0843408 elementor-section-boxed elementor-section-height-default elementor-section-height-default\" data-id=\"0843408\" data-element_type=\"section\">\n\t\t\t\t\t\t<div class=\"elementor-container elementor-column-gap-default\">\n\t\t\t\t\t<div class=\"elementor-column elementor-col-100 elementor-top-column elementor-element elementor-element-90a39a3\" data-id=\"90a39a3\" data-element_type=\"column\">\n\t\t\t<div class=\"elementor-widget-wrap elementor-element-populated\">\n\t\t\t\t\t\t<div class=\"elementor-element elementor-element-a7d4e36 elementor-widget elementor-widget-text-editor\" data-id=\"a7d4e36\" data-element_type=\"widget\" data-widget_type=\"text-editor.default\">\n\t\t\t\t<div class=\"elementor-widget-container\">\n\t\t\t\t\t\t\t\t\t<h3 style=\"margin-top: 1.29068em; letter-spacing: normal;\"><span style=\"color: #000000;\">Base d&rsquo;une entreprise<\/span><\/h3><div><p><span style=\"color: #000000;\">Diff\u00e9rentes formes de statuts, de d\u00e9clarations, les organismes institutionnels<\/span><\/p><p><span style=\"color: #000000;\">Notions obligatoires et textes r\u00e9glementaires r\u00e9gissant un \u00e9tablissement cosm\u00e9tique<\/span><\/p><\/div><div><span style=\"color: #000000;\">Notions de comptabilit\u00e9, charges, bilans, comptes de r\u00e9sultats, b\u00e9n\u00e9fices, d\u00e9ficits<\/span><\/div><div><span style=\"background-color: unset; color: #000000;\">\u00a0<\/span><\/div><p><span style=\"color: #000000;\">Calcul du prix de revient d\u2019un produit fini<\/span><\/p><p><span style=\"color: #000000;\">Calcul d&rsquo;une marge brut<\/span><\/p><p><span style=\"color: #000000;\">\u00c9tablir un coefficient multiplicateur, un taux de marge, un taux de marque<\/span><\/p><p><span style=\"color: #000000;\">Calcul d&rsquo;un seuil de rentabilit\u00e9<\/span><\/p><p><span style=\"color: #000000;\">Calcul de TVA<\/span><\/p><h3 style=\"margin-top: 1.29068em; letter-spacing: normal;\"><span style=\"color: #000000;\">Rapport au commerce<\/span><\/h3><p><span style=\"color: #000000;\">Trouver des prospects<\/span><\/p><p><span style=\"color: #000000;\">\u00c9tapes de ventes<\/span><\/p><p><span style=\"color: #000000;\">Marketing du produit<\/span><\/p><p><span style=\"color: #000000;\">Ventes additionnelles<\/span><\/p><p><span style=\"color: #000000; font-family: Raleway, sans-serif; font-size: 24px; font-weight: 800; background-color: unset;\">Organisation des locaux et installation du mat\u00e9riel<\/span><\/p><div><div><p><span style=\"color: #000000;\">Organisation des locaux<\/span><\/p><p><span style=\"color: #000000;\">Installation du mat\u00e9riel<\/span><\/p><p><span style=\"color: #000000;\">Hygi\u00e8ne au laboratoire<\/span><\/p><p><span style=\"color: #000000;\">Bonnes Pratiques de Fabrication (BPF)<\/span><\/p><\/div><\/div><h3 style=\"margin-top: 1.29068em; letter-spacing: normal;\"><span style=\"color: #000000;\">Temps d&rsquo;\u00e9change<\/span><\/h3><div style=\"color: #444444; font-family: 'IBM Plex Sans'; font-size: 17px; font-weight: 400;\">\u00a0<\/div><div style=\"color: #444444; font-family: 'IBM Plex Sans'; font-size: 17px; font-weight: 400;\"><p><span style=\"color: #000000;\">Durant ce temps, notre toxicologue r\u00e9pondra \u00e0 toutes vos probl\u00e9matiques personnelles que vous nous soumettrez. Bien s\u00fbre, nous prenons \u00e9galement le temps de r\u00e9pondre \u00e0 toutes vos questions tout au long de la formation.<\/span><\/p><\/div><h3 style=\"margin-top: 1.290684em; letter-spacing: normal;\"><span style=\"color: #000000;\">Informations g\u00e9n\u00e9rales\u00a0<\/span><\/h3><p><span style=\"color: #000000;\">Retrouvez le programme de cette formation en PDF\u00a0<\/span><a style=\"background-color: #f8f8f8;\" href=\"https:\/\/www.laboratoireslelegard.com\/wp-content\/uploads\/2023\/08\/FICHE-FORMATION-INSTALLATION-D-EMA-SAVONNERIE.pdf\" target=\"_blank\" rel=\"noopener\">\u00e0 t\u00e9l\u00e9charger ici<\/a><span style=\"color: #000000;\"><a href=\"https:\/\/www.laboratoireslelegard.com\/wp-content\/uploads\/2023\/04\/Fiche-installation-de-ma-savonnerie.pdf\">.<\/a><\/span><span style=\"background-color: unset; color: #ffffff;\">\u00a0\u00a0<\/span><\/p><p><span style=\"color: #000000;\">Nombre de places :\u00a0<\/span><span style=\"color: #000000; background-color: unset;\">12 participants maximum par session<\/span><\/p><p><span style=\"color: #000000;\">Public :\u00a0<\/span><span style=\"color: #000000; background-color: unset;\">Toutes personnes souhaitant s&rsquo;installer \u00e0 son compte.<\/span><\/p><p><span style=\"color: #000000;\">Dur\u00e9e : 2 jours (14 heures)<br \/><\/span><\/p><p><span style=\"color: #000000;\">Tarif : 1250 \u20ac HT<\/span><\/p><p><span style=\"color: #000000;\">Pour cette formation, il est possible de l&rsquo;effectuer dans vos locaux afin de vous accompagner au mieux dans l&rsquo;installation de votre atelier (demander nous un devis).\u00a0<\/span><\/p><p><span style=\"color: #000000; background-color: unset;\">Dans l\u2019\u00e9ventualit\u00e9 o\u00f9 vous souhaiteriez former plusieurs membres de votre entreprise vous pouvez b\u00e9n\u00e9ficier d\u2019un tarif d\u00e9gressif. Pri\u00e8re de nous faire une demande de devis.<\/span><\/p><p><span style=\"color: #000000;\">Mat\u00e9riel \u00e0 apporter : P<\/span><span style=\"color: #000000;\">apier, crayon, calculatrice, ordinateur portable.\u00a0<\/span><\/p><p><span style=\"color: #000000;\">Prochaine session,\u00a0<\/span><a style=\"background-color: #f8f8f8;\" href=\"https:\/\/www.laboratoireslelegard.com\/it_ch\/nous-contacter\/\">nous contacter.<\/a><span style=\"color: #000000;\"><br \/><\/span><\/p><p><span style=\"background-color: unset; color: #000000;\">Nous nous tenons \u00e0 votre disposition pour r\u00e9pondre \u00e0 vos questions sur cette formation. N\u2019h\u00e9sitez pas \u00e0\u00a0<\/span><a href=\"https:\/\/www.laboratoireslelegard.com\/it_ch\/nous-contacter\/\">nous contacter.<\/a><\/p><p><span style=\"color: #000000;\">Laboratoires Lel\u00e9gard SASU est un organisme de formation enregistr\u00e9 sous le num\u00e9ro 84030393603. Cet enregistrement ne vaut pas agr\u00e9ment de l\u2019\u00c9tat.<\/span><\/p>\t\t\t\t\t\t\t\t<\/div>\n\t\t\t\t<\/div>\n\t\t\t\t\t<\/div>\n\t\t<\/div>\n\t\t\t\t\t<\/div>\n\t\t<\/section>\n\t\t\t\t<\/div>","protected":false},"excerpt":{"rendered":"<p>Bienvenue dans notre formation Installation de ma savonnerie ! Cette formation de 2 jours (14 heures) vous permettra de ma\u00eetriser les bases d&rsquo;une entreprise, d&rsquo;avoir une approche sur le rapport au commerce et de vous aider dans l&rsquo;installation physique de votre atelier de savonnerie. Nous vous accompagnons afin que vous puissiez d\u00e9velopper au mieux votre [&hellip;]<\/p>","protected":false},"featured_media":709,"template":"","meta":{"_acf_changed":false},"product_brand":[],"product_cat":[22],"product_tag":[88,40,85,39,29,84,41,87,90,47,86,89],"class_list":{"0":"post-389","1":"product","2":"type-product","3":"status-publish","4":"has-post-thumbnail","6":"product_cat-formations","7":"product_tag-calculs","8":"product_tag-commerce","9":"product_tag-creation-entreprise","10":"product_tag-entreprise","11":"product_tag-formation","12":"product_tag-installation","13":"product_tag-marche","14":"product_tag-marketing","15":"product_tag-notions","16":"product_tag-savonnerie","17":"product_tag-savons","18":"product_tag-statuts","20":"first","21":"instock","22":"shipping-taxable","23":"product-type-simple"},"acf":[],"yoast_head":"<!-- This site is optimized with the Yoast SEO plugin v24.6 - https:\/\/yoast.com\/wordpress\/plugins\/seo\/ -->\n<title>Formation savonnerie | L&#039;installation de ma savonnerie<\/title>\n<meta name=\"description\" content=\"D\u00e9couvrez \u00e0 travers cette formation comment installer votre propre savonnerie et ainsi cr\u00e9er votre entreprise puis d\u00e9poser vos produits sur le march\u00e9.\" \/>\n<meta name=\"robots\" content=\"index, follow, max-snippet:-1, max-image-preview:large, max-video-preview:-1\" \/>\n<link rel=\"canonical\" href=\"https:\/\/www.laboratoireslelegard.com\/it_ch\/product-2\/formation-installation-savonnerie\/\" \/>\n<meta property=\"og:locale\" content=\"it_IT\" \/>\n<meta property=\"og:type\" content=\"article\" \/>\n<meta property=\"og:title\" content=\"Formation savonnerie | L&#039;installation de ma savonnerie\" \/>\n<meta property=\"og:description\" content=\"D\u00e9couvrez \u00e0 travers cette formation comment installer votre propre savonnerie et ainsi cr\u00e9er votre entreprise puis d\u00e9poser vos produits sur le march\u00e9.\" \/>\n<meta property=\"og:url\" content=\"https:\/\/www.laboratoireslelegard.com\/it_ch\/product-2\/formation-installation-savonnerie\/\" \/>\n<meta property=\"og:site_name\" content=\"Laboratoires Lel\u00e9gard\" \/>\n<meta property=\"article:modified_time\" content=\"2026-03-05T14:17:59+00:00\" \/>\n<meta property=\"og:image\" content=\"https:\/\/www.laboratoireslelegard.com\/wp-content\/uploads\/2023\/04\/formation-complete-du-savonnier2.jpg\" \/>\n\t<meta property=\"og:image:width\" content=\"1000\" \/>\n\t<meta property=\"og:image:height\" content=\"1000\" \/>\n\t<meta property=\"og:image:type\" content=\"image\/jpeg\" \/>\n<meta name=\"twitter:card\" content=\"summary_large_image\" \/>\n<script type=\"application\/ld+json\" class=\"yoast-schema-graph\">{\"@context\":\"https:\/\/schema.org\",\"@graph\":[{\"@type\":\"WebPage\",\"@id\":\"https:\/\/www.laboratoireslelegard.com\/produit\/formation-installation-savonnerie\/\",\"url\":\"https:\/\/www.laboratoireslelegard.com\/produit\/formation-installation-savonnerie\/\",\"name\":\"Formation savonnerie | L'installation de ma savonnerie\",\"isPartOf\":{\"@id\":\"https:\/\/www.laboratoireslelegard.com\/#website\"},\"primaryImageOfPage\":{\"@id\":\"https:\/\/www.laboratoireslelegard.com\/produit\/formation-installation-savonnerie\/#primaryimage\"},\"image\":{\"@id\":\"https:\/\/www.laboratoireslelegard.com\/produit\/formation-installation-savonnerie\/#primaryimage\"},\"thumbnailUrl\":\"https:\/\/www.laboratoireslelegard.com\/wp-content\/uploads\/2023\/04\/formation-complete-du-savonnier2.jpg\",\"datePublished\":\"2023-04-05T13:45:09+00:00\",\"dateModified\":\"2026-03-05T14:17:59+00:00\",\"description\":\"D\u00e9couvrez \u00e0 travers cette formation comment installer votre propre savonnerie et ainsi cr\u00e9er votre entreprise puis d\u00e9poser vos produits sur le march\u00e9.\",\"breadcrumb\":{\"@id\":\"https:\/\/www.laboratoireslelegard.com\/produit\/formation-installation-savonnerie\/#breadcrumb\"},\"inLanguage\":\"it-CH\",\"potentialAction\":[{\"@type\":\"ReadAction\",\"target\":[\"https:\/\/www.laboratoireslelegard.com\/produit\/formation-installation-savonnerie\/\"]}]},{\"@type\":\"ImageObject\",\"inLanguage\":\"it-CH\",\"@id\":\"https:\/\/www.laboratoireslelegard.com\/produit\/formation-installation-savonnerie\/#primaryimage\",\"url\":\"https:\/\/www.laboratoireslelegard.com\/wp-content\/uploads\/2023\/04\/formation-complete-du-savonnier2.jpg\",\"contentUrl\":\"https:\/\/www.laboratoireslelegard.com\/wp-content\/uploads\/2023\/04\/formation-complete-du-savonnier2.jpg\",\"width\":1000,\"height\":1000,\"caption\":\"Savonnerie Savonnier Savon Soap\"},{\"@type\":\"BreadcrumbList\",\"@id\":\"https:\/\/www.laboratoireslelegard.com\/produit\/formation-installation-savonnerie\/#breadcrumb\",\"itemListElement\":[{\"@type\":\"ListItem\",\"position\":1,\"name\":\"Accueil\",\"item\":\"https:\/\/www.laboratoireslelegard.com\/\"},{\"@type\":\"ListItem\",\"position\":2,\"name\":\"Boutique\",\"item\":\"https:\/\/www.laboratoireslelegard.com\/prestations-formations\/\"},{\"@type\":\"ListItem\",\"position\":3,\"name\":\"Formation Installation de ma savonnerie\"}]},{\"@type\":\"WebSite\",\"@id\":\"https:\/\/www.laboratoireslelegard.com\/#website\",\"url\":\"https:\/\/www.laboratoireslelegard.com\/\",\"name\":\"Laboratoires Lel\u00e9gard\",\"description\":\"SERVICE DE REGLEMENTATION ET TOXICOLOGIE\",\"publisher\":{\"@id\":\"https:\/\/www.laboratoireslelegard.com\/#organization\"},\"potentialAction\":[{\"@type\":\"SearchAction\",\"target\":{\"@type\":\"EntryPoint\",\"urlTemplate\":\"https:\/\/www.laboratoireslelegard.com\/?s={search_term_string}\"},\"query-input\":{\"@type\":\"PropertyValueSpecification\",\"valueRequired\":true,\"valueName\":\"search_term_string\"}}],\"inLanguage\":\"it-CH\"},{\"@type\":\"Organization\",\"@id\":\"https:\/\/www.laboratoireslelegard.com\/#organization\",\"name\":\"Laboratoires Lel\u00e9gard\",\"url\":\"https:\/\/www.laboratoireslelegard.com\/\",\"logo\":{\"@type\":\"ImageObject\",\"inLanguage\":\"it-CH\",\"@id\":\"https:\/\/www.laboratoireslelegard.com\/#\/schema\/logo\/image\/\",\"url\":\"https:\/\/www.laboratoireslelegard.com\/wp-content\/uploads\/2022\/10\/labolelegard.svg\",\"contentUrl\":\"https:\/\/www.laboratoireslelegard.com\/wp-content\/uploads\/2022\/10\/labolelegard.svg\",\"width\":515,\"height\":116,\"caption\":\"Laboratoires Lel\u00e9gard\"},\"image\":{\"@id\":\"https:\/\/www.laboratoireslelegard.com\/#\/schema\/logo\/image\/\"}}]}<\/script>\n<!-- \/ Yoast SEO plugin. -->","yoast_head_json":{"title":"Formation savonnerie | L'installation de ma savonnerie","description":"D\u00e9couvrez \u00e0 travers cette formation comment installer votre propre savonnerie et ainsi cr\u00e9er votre entreprise puis d\u00e9poser vos produits sur le march\u00e9.","robots":{"index":"index","follow":"follow","max-snippet":"max-snippet:-1","max-image-preview":"max-image-preview:large","max-video-preview":"max-video-preview:-1"},"canonical":"https:\/\/www.laboratoireslelegard.com\/it_ch\/product-2\/formation-installation-savonnerie\/","og_locale":"it_IT","og_type":"article","og_title":"Formation savonnerie | L'installation de ma savonnerie","og_description":"D\u00e9couvrez \u00e0 travers cette formation comment installer votre propre savonnerie et ainsi cr\u00e9er votre entreprise puis d\u00e9poser vos produits sur le march\u00e9.","og_url":"https:\/\/www.laboratoireslelegard.com\/it_ch\/product-2\/formation-installation-savonnerie\/","og_site_name":"Laboratoires Lel\u00e9gard","article_modified_time":"2026-03-05T14:17:59+00:00","og_image":[{"width":1000,"height":1000,"url":"https:\/\/www.laboratoireslelegard.com\/wp-content\/uploads\/2023\/04\/formation-complete-du-savonnier2.jpg","type":"image\/jpeg"}],"twitter_card":"summary_large_image","schema":{"@context":"https:\/\/schema.org","@graph":[{"@type":"WebPage","@id":"https:\/\/www.laboratoireslelegard.com\/produit\/formation-installation-savonnerie\/","url":"https:\/\/www.laboratoireslelegard.com\/produit\/formation-installation-savonnerie\/","name":"Formation savonnerie | L'installation de ma savonnerie","isPartOf":{"@id":"https:\/\/www.laboratoireslelegard.com\/#website"},"primaryImageOfPage":{"@id":"https:\/\/www.laboratoireslelegard.com\/produit\/formation-installation-savonnerie\/#primaryimage"},"image":{"@id":"https:\/\/www.laboratoireslelegard.com\/produit\/formation-installation-savonnerie\/#primaryimage"},"thumbnailUrl":"https:\/\/www.laboratoireslelegard.com\/wp-content\/uploads\/2023\/04\/formation-complete-du-savonnier2.jpg","datePublished":"2023-04-05T13:45:09+00:00","dateModified":"2026-03-05T14:17:59+00:00","description":"D\u00e9couvrez \u00e0 travers cette formation comment installer votre propre savonnerie et ainsi cr\u00e9er votre entreprise puis d\u00e9poser vos produits sur le march\u00e9.","breadcrumb":{"@id":"https:\/\/www.laboratoireslelegard.com\/produit\/formation-installation-savonnerie\/#breadcrumb"},"inLanguage":"it-CH","potentialAction":[{"@type":"ReadAction","target":["https:\/\/www.laboratoireslelegard.com\/produit\/formation-installation-savonnerie\/"]}]},{"@type":"ImageObject","inLanguage":"it-CH","@id":"https:\/\/www.laboratoireslelegard.com\/produit\/formation-installation-savonnerie\/#primaryimage","url":"https:\/\/www.laboratoireslelegard.com\/wp-content\/uploads\/2023\/04\/formation-complete-du-savonnier2.jpg","contentUrl":"https:\/\/www.laboratoireslelegard.com\/wp-content\/uploads\/2023\/04\/formation-complete-du-savonnier2.jpg","width":1000,"height":1000,"caption":"Savonnerie Savonnier Savon Soap"},{"@type":"BreadcrumbList","@id":"https:\/\/www.laboratoireslelegard.com\/produit\/formation-installation-savonnerie\/#breadcrumb","itemListElement":[{"@type":"ListItem","position":1,"name":"Accueil","item":"https:\/\/www.laboratoireslelegard.com\/"},{"@type":"ListItem","position":2,"name":"Boutique","item":"https:\/\/www.laboratoireslelegard.com\/prestations-formations\/"},{"@type":"ListItem","position":3,"name":"Formation Installation de ma savonnerie"}]},{"@type":"WebSite","@id":"https:\/\/www.laboratoireslelegard.com\/#website","url":"https:\/\/www.laboratoireslelegard.com\/","name":"Laboratoires Lel\u00e9gard","description":"SERVICE DE REGLEMENTATION ET TOXICOLOGIE","publisher":{"@id":"https:\/\/www.laboratoireslelegard.com\/#organization"},"potentialAction":[{"@type":"SearchAction","target":{"@type":"EntryPoint","urlTemplate":"https:\/\/www.laboratoireslelegard.com\/?s={search_term_string}"},"query-input":{"@type":"PropertyValueSpecification","valueRequired":true,"valueName":"search_term_string"}}],"inLanguage":"it-CH"},{"@type":"Organization","@id":"https:\/\/www.laboratoireslelegard.com\/#organization","name":"Laboratoires Lel\u00e9gard","url":"https:\/\/www.laboratoireslelegard.com\/","logo":{"@type":"ImageObject","inLanguage":"it-CH","@id":"https:\/\/www.laboratoireslelegard.com\/#\/schema\/logo\/image\/","url":"https:\/\/www.laboratoireslelegard.com\/wp-content\/uploads\/2022\/10\/labolelegard.svg","contentUrl":"https:\/\/www.laboratoireslelegard.com\/wp-content\/uploads\/2022\/10\/labolelegard.svg","width":515,"height":116,"caption":"Laboratoires Lel\u00e9gard"},"image":{"@id":"https:\/\/www.laboratoireslelegard.com\/#\/schema\/logo\/image\/"}}]}},"_links":{"self":[{"href":"https:\/\/www.laboratoireslelegard.com\/it_ch\/wp-json\/wp\/v2\/product\/389","targetHints":{"allow":["GET"]}}],"collection":[{"href":"https:\/\/www.laboratoireslelegard.com\/it_ch\/wp-json\/wp\/v2\/product"}],"about":[{"href":"https:\/\/www.laboratoireslelegard.com\/it_ch\/wp-json\/wp\/v2\/types\/product"}],"version-history":[{"count":69,"href":"https:\/\/www.laboratoireslelegard.com\/it_ch\/wp-json\/wp\/v2\/product\/389\/revisions"}],"predecessor-version":[{"id":1978,"href":"https:\/\/www.laboratoireslelegard.com\/it_ch\/wp-json\/wp\/v2\/product\/389\/revisions\/1978"}],"wp:featuredmedia":[{"embeddable":true,"href":"https:\/\/www.laboratoireslelegard.com\/it_ch\/wp-json\/wp\/v2\/media\/709"}],"wp:attachment":[{"href":"https:\/\/www.laboratoireslelegard.com\/it_ch\/wp-json\/wp\/v2\/media?parent=389"}],"wp:term":[{"taxonomy":"product_brand","embeddable":true,"href":"https:\/\/www.laboratoireslelegard.com\/it_ch\/wp-json\/wp\/v2\/product_brand?post=389"},{"taxonomy":"product_cat","embeddable":true,"href":"https:\/\/www.laboratoireslelegard.com\/it_ch\/wp-json\/wp\/v2\/product_cat?post=389"},{"taxonomy":"product_tag","embeddable":true,"href":"https:\/\/www.laboratoireslelegard.com\/it_ch\/wp-json\/wp\/v2\/product_tag?post=389"}],"curies":[{"name":"wp","href":"https:\/\/api.w.org\/{rel}","templated":true}]}}