{"id":155,"date":"2022-11-04T12:54:17","date_gmt":"2022-11-04T11:54:17","guid":{"rendered":"https:\/\/www.laboratoireslelegard.com\/?post_type=product&#038;p=155"},"modified":"2023-07-27T15:29:41","modified_gmt":"2023-07-27T13:29:41","slug":"formulazione-capitolato-doneri","status":"publish","type":"product","link":"https:\/\/www.laboratoireslelegard.com\/it\/product\/formulazione-capitolato-doneri\/","title":{"rendered":"Formulazione su specifiche tecniche"},"content":{"rendered":"<div data-elementor-type=\"product-post\" data-elementor-id=\"155\" class=\"elementor elementor-155\" data-elementor-post-type=\"product\">\n\t\t\t\t\t\t<section class=\"elementor-section elementor-top-section elementor-element elementor-element-247efa34 elementor-section-boxed elementor-section-height-default elementor-section-height-default\" data-id=\"247efa34\" data-element_type=\"section\">\n\t\t\t\t\t\t<div class=\"elementor-container elementor-column-gap-default\">\n\t\t\t\t\t<div class=\"elementor-column elementor-col-50 elementor-top-column elementor-element elementor-element-3df7b849\" data-id=\"3df7b849\" data-element_type=\"column\">\n\t\t\t<div class=\"elementor-widget-wrap elementor-element-populated\">\n\t\t\t\t\t\t<div class=\"elementor-element elementor-element-57ccb3e0 elementor-widget elementor-widget-text-editor\" data-id=\"57ccb3e0\" data-element_type=\"widget\" data-widget_type=\"text-editor.default\">\n\t\t\t\t<div class=\"elementor-widget-container\">\n\t\t\t\t\t\t\t\t\t<p>Desiderate creare e commercializzare i vostri prodotti cosmetici con il vostro marchio? Vi accompagniamo in questo progetto proponendovi formulazioni realizzate secondo le vostre specifiche.<\/p><p>\u00a0<\/p><h2 style=\"text-align: left;\">Desiderate commercializzare i vostri  prodotti cosmetici?<\/h2><h2 style=\"text-align: left;\">Sviluppiamo  la vostra formulazione!<\/h2><p>Il nostro team professionale di ricerca e sviluppo vi accompagna nello sviluppo delle formulazioni pi\u00f9 adatte ai criteri del vostro capitolato. Durante tutto il processo, la nostra forza propositiva e la nostra competenza vi accompagnano per  portare a termine il vostro progetto.<\/p><p>I nostri punti di forza:<\/p><ul><li>Il nostro team multidisciplinare composto da formulatori, ingegneri e tossicologi vi accompagna dalla definizione delle specifiche tecniche alla commercializzazione del vostro prodotto.<\/li><li>Garantiamo il rispetto delle buone pratiche di fabbricazione (BPF) e l'evoluzione delle normative per offrirvi  prodotti sicuri e conformi ai requisiti legali vigenti sia in Europa che in diversi paesi extraeuropei.<\/li><li>Sviluppo di prodotti cosmetici personalizzati e innovativi, biologici o tradizionali<\/li><li>Ricerca e analisi continua delle ultime tendenze e sviluppi nel campo della bellezza e del benessere<\/li><li>Selezioniamo esclusivamente per voi ingredienti di qualit\u00e0<\/li><li>Gamma completa di oli essenziali per creare il tuo profumo unico<\/li><li>Infine, ci impegniamo a offrirvi servizi che rispettino i tempi migliori.\u00a0<\/li><\/ul>\t\t\t\t\t\t\t\t<\/div>\n\t\t\t\t<\/div>\n\t\t\t\t\t<\/div>\n\t\t<\/div>\n\t\t\t\t<div class=\"elementor-column elementor-col-50 elementor-top-column elementor-element elementor-element-ef96002\" data-id=\"ef96002\" data-element_type=\"column\">\n\t\t\t<div class=\"elementor-widget-wrap elementor-element-populated\">\n\t\t\t\t\t\t<div class=\"elementor-element elementor-element-6ffdc51 elementor-widget elementor-widget-image\" data-id=\"6ffdc51\" data-element_type=\"widget\" data-widget_type=\"image.default\">\n\t\t\t\t<div class=\"elementor-widget-container\">\n\t\t\t\t\t\t\t\t\t\t\t\t\t\t\t<img fetchpriority=\"high\" decoding=\"async\" width=\"1000\" height=\"1000\" src=\"https:\/\/www.laboratoireslelegard.com\/wp-content\/uploads\/2023\/04\/produit-formulation.jpg\" class=\"attachment-large size-large wp-image-498\" alt=\"Formulazione\" srcset=\"https:\/\/www.laboratoireslelegard.com\/wp-content\/uploads\/2023\/04\/produit-formulation.jpg 1000w, https:\/\/www.laboratoireslelegard.com\/wp-content\/uploads\/2023\/04\/produit-formulation-300x300.jpg 300w, https:\/\/www.laboratoireslelegard.com\/wp-content\/uploads\/2023\/04\/produit-formulation-150x150.jpg 150w, https:\/\/www.laboratoireslelegard.com\/wp-content\/uploads\/2023\/04\/produit-formulation-768x768.jpg 768w, https:\/\/www.laboratoireslelegard.com\/wp-content\/uploads\/2023\/04\/produit-formulation-990x990.jpg 990w, https:\/\/www.laboratoireslelegard.com\/wp-content\/uploads\/2023\/04\/produit-formulation-441x441.jpg 441w, https:\/\/www.laboratoireslelegard.com\/wp-content\/uploads\/2023\/04\/produit-formulation-600x600.jpg 600w\" sizes=\"(max-width: 1000px) 100vw, 1000px\" \/>\t\t\t\t\t\t\t\t\t\t\t\t\t\t\t<\/div>\n\t\t\t\t<\/div>\n\t\t\t\t\t<\/div>\n\t\t<\/div>\n\t\t\t\t\t<\/div>\n\t\t<\/section>\n\t\t\t\t<section class=\"elementor-section elementor-top-section elementor-element elementor-element-62630af elementor-section-boxed elementor-section-height-default elementor-section-height-default\" data-id=\"62630af\" data-element_type=\"section\">\n\t\t\t\t\t\t<div class=\"elementor-container elementor-column-gap-default\">\n\t\t\t\t\t<div class=\"elementor-column elementor-col-100 elementor-top-column elementor-element elementor-element-bb87f46\" data-id=\"bb87f46\" data-element_type=\"column\">\n\t\t\t<div class=\"elementor-widget-wrap elementor-element-populated\">\n\t\t\t\t\t\t<div class=\"elementor-element elementor-element-592769f elementor-widget elementor-widget-text-editor\" data-id=\"592769f\" data-element_type=\"widget\" data-widget_type=\"text-editor.default\">\n\t\t\t\t<div class=\"elementor-widget-container\">\n\t\t\t\t\t\t\t\t\t<h2 style=\"text-align: left;\">Il nostro ruolo nel vostro progetto?<\/h2>\n<p>Tutto il nostro team di specialisti \u00e8 a vostra disposizione. Vi accompagniamo nella creazione di formulazioni innovative o tradizionali, adatte alle vostre esigenze. A tal fine, selezioniamo ingredienti di qualit\u00e0 e seguiamo le buone pratiche di fabbricazione (BPF). Questo ci permette di garantirvi che i prodotti che sviluppiamo soddisfano i requisiti legali in vigore in Europa e in diversi paesi extraeuropei.<\/p>\n<p>Sviluppiamo prodotti cosmetici personalizzati, su misura, innovativi, biologici o tradizionali per soddisfare tutte le vostre esigenze.  Siamo qui per aiutarvi a creare un prodotto che soddisfi tutte le vostre esigenze. Questo prodotto rispetter\u00e0 le norme regolamentari vigenti.<\/p>\n<p>Siamo orgogliosi di offrire servizi professionali e competitivi, consentendovi al contempo di commercializzare i vostri prodotti nel minor tempo possibile. Siamo il vostro partner nella realizzazione del vostro progetto, proponendo soluzioni per risolvere e superare tutti i problemi che si presentano. <a href=\"https:\/\/www.laboratoireslelegard.com\/it\/contattaci\/\">Contattaci<\/a> Contattateci oggi stesso per scoprire come possiamo aiutarvi a realizzare il vostro progetto.<\/p>\n<p>Avete gi\u00e0 la vostra formulazione e desiderate affidare la produzione del vostro prodotto a terzi? Scoprite la nostra offerta di <a href=\"https:\/\/www.laboratoireslelegard.com\/it\/product\/produzione-di-cosmetici-su-misura\/\">Produzione su misura<\/a>.<\/p>\t\t\t\t\t\t\t\t<\/div>\n\t\t\t\t<\/div>\n\t\t\t\t\t<\/div>\n\t\t<\/div>\n\t\t\t\t\t<\/div>\n\t\t<\/section>\n\t\t\t\t<\/div>","protected":false},"excerpt":{"rendered":"<p>I Laboratori L\u00e9l\u00e9gard offrono un servizio professionale di sviluppo di formulazioni cosmetiche personalizzate, specializzato in tutti i tipi di prodotti cosmetici. Forniamo servizi di formulazione su misura che tengono conto delle ultime innovazioni per i marchi di bellezza e cura della persona. Abbiamo le conoscenze necessarie per commercializzare i vostri prodotti tradizionali o biologici.<\/p>","protected":false},"featured_media":686,"template":"","meta":{"_acf_changed":false},"product_brand":[],"product_cat":[21],"product_tag":[62,61,37,50,63,59,57,41,25,60,58],"class_list":{"0":"post-155","1":"product","2":"type-product","3":"status-publish","4":"has-post-thumbnail","6":"product_cat-prestations","7":"product_tag-adapte","8":"product_tag-besoin","9":"product_tag-bpf","10":"product_tag-cosmetiques","11":"product_tag-creation","12":"product_tag-developpement","13":"product_tag-formulation","14":"product_tag-marche","15":"product_tag-produit","16":"product_tag-qualite","17":"product_tag-recherche","19":"first","20":"instock","21":"shipping-taxable","22":"product-type-simple"},"acf":[],"yoast_head":"<!-- This site is optimized with the Yoast SEO plugin v24.6 - https:\/\/yoast.com\/wordpress\/plugins\/seo\/ -->\n<title>Formulation sur cahier des charges<\/title>\n<meta name=\"description\" content=\"Nous vous proposons notre service de formulation professionnel afin que vous puissiez cr\u00e9er votre produit cosm\u00e9tique et le mettre sur le march\u00e9.\" \/>\n<meta name=\"robots\" content=\"index, follow, max-snippet:-1, max-image-preview:large, max-video-preview:-1\" \/>\n<link rel=\"canonical\" href=\"https:\/\/www.laboratoireslelegard.com\/it\/product\/formulazione-capitolato-doneri\/\" \/>\n<meta property=\"og:locale\" content=\"it_IT\" \/>\n<meta property=\"og:type\" content=\"article\" \/>\n<meta property=\"og:title\" content=\"Formulation sur cahier des charges\" \/>\n<meta property=\"og:description\" content=\"Nous vous proposons notre service de formulation professionnel afin que vous puissiez cr\u00e9er votre produit cosm\u00e9tique et le mettre sur le march\u00e9.\" \/>\n<meta property=\"og:url\" content=\"https:\/\/www.laboratoireslelegard.com\/it\/product\/formulazione-capitolato-doneri\/\" \/>\n<meta property=\"og:site_name\" content=\"Laboratoires Lel\u00e9gard\" \/>\n<meta property=\"article:modified_time\" content=\"2023-07-27T13:29:41+00:00\" \/>\n<meta property=\"og:image\" content=\"https:\/\/www.laboratoireslelegard.com\/wp-content\/uploads\/2023\/04\/Formulation-1.jpg\" \/>\n\t<meta property=\"og:image:width\" content=\"1000\" \/>\n\t<meta property=\"og:image:height\" content=\"1000\" \/>\n\t<meta property=\"og:image:type\" content=\"image\/jpeg\" \/>\n<meta name=\"twitter:card\" content=\"summary_large_image\" \/>\n<script type=\"application\/ld+json\" class=\"yoast-schema-graph\">{\"@context\":\"https:\/\/schema.org\",\"@graph\":[{\"@type\":\"WebPage\",\"@id\":\"https:\/\/www.laboratoireslelegard.com\/produit\/formulation-cahier-charges\/\",\"url\":\"https:\/\/www.laboratoireslelegard.com\/produit\/formulation-cahier-charges\/\",\"name\":\"Formulation sur cahier des charges\",\"isPartOf\":{\"@id\":\"https:\/\/www.laboratoireslelegard.com\/#website\"},\"primaryImageOfPage\":{\"@id\":\"https:\/\/www.laboratoireslelegard.com\/produit\/formulation-cahier-charges\/#primaryimage\"},\"image\":{\"@id\":\"https:\/\/www.laboratoireslelegard.com\/produit\/formulation-cahier-charges\/#primaryimage\"},\"thumbnailUrl\":\"https:\/\/www.laboratoireslelegard.com\/wp-content\/uploads\/2023\/04\/Formulation-1.jpg\",\"datePublished\":\"2022-11-04T11:54:17+00:00\",\"dateModified\":\"2023-07-27T13:29:41+00:00\",\"description\":\"Nous vous proposons notre service de formulation professionnel afin que vous puissiez cr\u00e9er votre produit cosm\u00e9tique et le mettre sur le march\u00e9.\",\"breadcrumb\":{\"@id\":\"https:\/\/www.laboratoireslelegard.com\/produit\/formulation-cahier-charges\/#breadcrumb\"},\"inLanguage\":\"it-IT\",\"potentialAction\":[{\"@type\":\"ReadAction\",\"target\":[\"https:\/\/www.laboratoireslelegard.com\/produit\/formulation-cahier-charges\/\"]}]},{\"@type\":\"ImageObject\",\"inLanguage\":\"it-IT\",\"@id\":\"https:\/\/www.laboratoireslelegard.com\/produit\/formulation-cahier-charges\/#primaryimage\",\"url\":\"https:\/\/www.laboratoireslelegard.com\/wp-content\/uploads\/2023\/04\/Formulation-1.jpg\",\"contentUrl\":\"https:\/\/www.laboratoireslelegard.com\/wp-content\/uploads\/2023\/04\/Formulation-1.jpg\",\"width\":1000,\"height\":1000,\"caption\":\"Formulation\"},{\"@type\":\"BreadcrumbList\",\"@id\":\"https:\/\/www.laboratoireslelegard.com\/produit\/formulation-cahier-charges\/#breadcrumb\",\"itemListElement\":[{\"@type\":\"ListItem\",\"position\":1,\"name\":\"Accueil\",\"item\":\"https:\/\/www.laboratoireslelegard.com\/\"},{\"@type\":\"ListItem\",\"position\":2,\"name\":\"Boutique\",\"item\":\"https:\/\/www.laboratoireslelegard.com\/prestations-formations\/\"},{\"@type\":\"ListItem\",\"position\":3,\"name\":\"Formulation sur cahier des charges\"}]},{\"@type\":\"WebSite\",\"@id\":\"https:\/\/www.laboratoireslelegard.com\/#website\",\"url\":\"https:\/\/www.laboratoireslelegard.com\/\",\"name\":\"Laboratoires Lel\u00e9gard\",\"description\":\"SERVICE DE REGLEMENTATION ET TOXICOLOGIE\",\"publisher\":{\"@id\":\"https:\/\/www.laboratoireslelegard.com\/#organization\"},\"potentialAction\":[{\"@type\":\"SearchAction\",\"target\":{\"@type\":\"EntryPoint\",\"urlTemplate\":\"https:\/\/www.laboratoireslelegard.com\/?s={search_term_string}\"},\"query-input\":{\"@type\":\"PropertyValueSpecification\",\"valueRequired\":true,\"valueName\":\"search_term_string\"}}],\"inLanguage\":\"it-IT\"},{\"@type\":\"Organization\",\"@id\":\"https:\/\/www.laboratoireslelegard.com\/#organization\",\"name\":\"Laboratoires Lel\u00e9gard\",\"url\":\"https:\/\/www.laboratoireslelegard.com\/\",\"logo\":{\"@type\":\"ImageObject\",\"inLanguage\":\"it-IT\",\"@id\":\"https:\/\/www.laboratoireslelegard.com\/#\/schema\/logo\/image\/\",\"url\":\"https:\/\/www.laboratoireslelegard.com\/wp-content\/uploads\/2022\/10\/labolelegard.svg\",\"contentUrl\":\"https:\/\/www.laboratoireslelegard.com\/wp-content\/uploads\/2022\/10\/labolelegard.svg\",\"width\":515,\"height\":116,\"caption\":\"Laboratoires Lel\u00e9gard\"},\"image\":{\"@id\":\"https:\/\/www.laboratoireslelegard.com\/#\/schema\/logo\/image\/\"}}]}<\/script>\n<!-- \/ Yoast SEO plugin. -->","yoast_head_json":{"title":"Formulazione su specifiche tecniche","description":"Vi offriamo il nostro servizio di formulazione professionale affinch\u00e9 possiate creare il vostro prodotto cosmetico e immetterlo sul mercato.","robots":{"index":"index","follow":"follow","max-snippet":"max-snippet:-1","max-image-preview":"max-image-preview:large","max-video-preview":"max-video-preview:-1"},"canonical":"https:\/\/www.laboratoireslelegard.com\/it\/product\/formulazione-capitolato-doneri\/","og_locale":"it_IT","og_type":"article","og_title":"Formulation sur cahier des charges","og_description":"Nous vous proposons notre service de formulation professionnel afin que vous puissiez cr\u00e9er votre produit cosm\u00e9tique et le mettre sur le march\u00e9.","og_url":"https:\/\/www.laboratoireslelegard.com\/it\/product\/formulazione-capitolato-doneri\/","og_site_name":"Laboratoires Lel\u00e9gard","article_modified_time":"2023-07-27T13:29:41+00:00","og_image":[{"width":1000,"height":1000,"url":"https:\/\/www.laboratoireslelegard.com\/wp-content\/uploads\/2023\/04\/Formulation-1.jpg","type":"image\/jpeg"}],"twitter_card":"summary_large_image","schema":{"@context":"https:\/\/schema.org","@graph":[{"@type":"WebPage","@id":"https:\/\/www.laboratoireslelegard.com\/produit\/formulation-cahier-charges\/","url":"https:\/\/www.laboratoireslelegard.com\/produit\/formulation-cahier-charges\/","name":"Formulazione su specifiche tecniche","isPartOf":{"@id":"https:\/\/www.laboratoireslelegard.com\/#website"},"primaryImageOfPage":{"@id":"https:\/\/www.laboratoireslelegard.com\/produit\/formulation-cahier-charges\/#primaryimage"},"image":{"@id":"https:\/\/www.laboratoireslelegard.com\/produit\/formulation-cahier-charges\/#primaryimage"},"thumbnailUrl":"https:\/\/www.laboratoireslelegard.com\/wp-content\/uploads\/2023\/04\/Formulation-1.jpg","datePublished":"2022-11-04T11:54:17+00:00","dateModified":"2023-07-27T13:29:41+00:00","description":"Vi offriamo il nostro servizio di formulazione professionale affinch\u00e9 possiate creare il vostro prodotto cosmetico e immetterlo sul mercato.","breadcrumb":{"@id":"https:\/\/www.laboratoireslelegard.com\/produit\/formulation-cahier-charges\/#breadcrumb"},"inLanguage":"it-IT","potentialAction":[{"@type":"ReadAction","target":["https:\/\/www.laboratoireslelegard.com\/produit\/formulation-cahier-charges\/"]}]},{"@type":"ImageObject","inLanguage":"it-IT","@id":"https:\/\/www.laboratoireslelegard.com\/produit\/formulation-cahier-charges\/#primaryimage","url":"https:\/\/www.laboratoireslelegard.com\/wp-content\/uploads\/2023\/04\/Formulation-1.jpg","contentUrl":"https:\/\/www.laboratoireslelegard.com\/wp-content\/uploads\/2023\/04\/Formulation-1.jpg","width":1000,"height":1000,"caption":"Formulation"},{"@type":"BreadcrumbList","@id":"https:\/\/www.laboratoireslelegard.com\/produit\/formulation-cahier-charges\/#breadcrumb","itemListElement":[{"@type":"ListItem","position":1,"name":"Accueil","item":"https:\/\/www.laboratoireslelegard.com\/"},{"@type":"ListItem","position":2,"name":"Boutique","item":"https:\/\/www.laboratoireslelegard.com\/prestations-formations\/"},{"@type":"ListItem","position":3,"name":"Formulation sur cahier des charges"}]},{"@type":"WebSite","@id":"https:\/\/www.laboratoireslelegard.com\/#website","url":"https:\/\/www.laboratoireslelegard.com\/","name":"Laboratori Lel\u00e9gard","description":"SERVIZIO DI REGOLAMENTAZIONE E TOSSICOLOGIA","publisher":{"@id":"https:\/\/www.laboratoireslelegard.com\/#organization"},"potentialAction":[{"@type":"SearchAction","target":{"@type":"EntryPoint","urlTemplate":"https:\/\/www.laboratoireslelegard.com\/?s={search_term_string}"},"query-input":{"@type":"PropertyValueSpecification","valueRequired":true,"valueName":"search_term_string"}}],"inLanguage":"it-IT"},{"@type":"Organization","@id":"https:\/\/www.laboratoireslelegard.com\/#organization","name":"Laboratori Lel\u00e9gard","url":"https:\/\/www.laboratoireslelegard.com\/","logo":{"@type":"ImageObject","inLanguage":"it-IT","@id":"https:\/\/www.laboratoireslelegard.com\/#\/schema\/logo\/image\/","url":"https:\/\/www.laboratoireslelegard.com\/wp-content\/uploads\/2022\/10\/labolelegard.svg","contentUrl":"https:\/\/www.laboratoireslelegard.com\/wp-content\/uploads\/2022\/10\/labolelegard.svg","width":515,"height":116,"caption":"Laboratoires Lel\u00e9gard"},"image":{"@id":"https:\/\/www.laboratoireslelegard.com\/#\/schema\/logo\/image\/"}}]}},"_links":{"self":[{"href":"https:\/\/www.laboratoireslelegard.com\/it\/wp-json\/wp\/v2\/product\/155","targetHints":{"allow":["GET"]}}],"collection":[{"href":"https:\/\/www.laboratoireslelegard.com\/it\/wp-json\/wp\/v2\/product"}],"about":[{"href":"https:\/\/www.laboratoireslelegard.com\/it\/wp-json\/wp\/v2\/types\/product"}],"version-history":[{"count":62,"href":"https:\/\/www.laboratoireslelegard.com\/it\/wp-json\/wp\/v2\/product\/155\/revisions"}],"predecessor-version":[{"id":1448,"href":"https:\/\/www.laboratoireslelegard.com\/it\/wp-json\/wp\/v2\/product\/155\/revisions\/1448"}],"wp:featuredmedia":[{"embeddable":true,"href":"https:\/\/www.laboratoireslelegard.com\/it\/wp-json\/wp\/v2\/media\/686"}],"wp:attachment":[{"href":"https:\/\/www.laboratoireslelegard.com\/it\/wp-json\/wp\/v2\/media?parent=155"}],"wp:term":[{"taxonomy":"product_brand","embeddable":true,"href":"https:\/\/www.laboratoireslelegard.com\/it\/wp-json\/wp\/v2\/product_brand?post=155"},{"taxonomy":"product_cat","embeddable":true,"href":"https:\/\/www.laboratoireslelegard.com\/it\/wp-json\/wp\/v2\/product_cat?post=155"},{"taxonomy":"product_tag","embeddable":true,"href":"https:\/\/www.laboratoireslelegard.com\/it\/wp-json\/wp\/v2\/product_tag?post=155"}],"curies":[{"name":"wp","href":"https:\/\/api.w.org\/{rel}","templated":true}]}}