{"id":267,"date":"2022-11-13T23:25:36","date_gmt":"2022-11-13T22:25:36","guid":{"rendered":"https:\/\/www.laboratoireslelegard.com\/?post_type=product&#038;p=267"},"modified":"2023-04-25T15:53:19","modified_gmt":"2023-04-25T13:53:19","slug":"conformidad-reglamentaria-de-productos-domesticos","status":"publish","type":"product","link":"https:\/\/www.laboratoireslelegard.com\/es\/product\/conformidad-reglamentaria-de-productos-domesticos\/","title":{"rendered":"Cumplimiento normativo de los productos dom\u00e9sticos"},"content":{"rendered":"<div data-elementor-type=\"product-post\" data-elementor-id=\"267\" class=\"elementor elementor-267\" data-elementor-post-type=\"product\">\n\t\t\t\t\t\t<section class=\"elementor-section elementor-top-section elementor-element elementor-element-33ecfc76 elementor-section-boxed elementor-section-height-default elementor-section-height-default\" data-id=\"33ecfc76\" data-element_type=\"section\">\n\t\t\t\t\t\t<div class=\"elementor-container elementor-column-gap-default\">\n\t\t\t\t\t<div class=\"elementor-column elementor-col-50 elementor-top-column elementor-element elementor-element-2028e79d\" data-id=\"2028e79d\" data-element_type=\"column\">\n\t\t\t<div class=\"elementor-widget-wrap elementor-element-populated\">\n\t\t\t\t\t\t<div class=\"elementor-element elementor-element-28fff191 elementor-widget elementor-widget-text-editor\" data-id=\"28fff191\" data-element_type=\"widget\" data-widget_type=\"text-editor.default\">\n\t\t\t\t<div class=\"elementor-widget-container\">\n\t\t\t\t\t\t\t\t\t<div>\n<div>\n<div>\n<p style=\"text-align: left;\" align=\"justify\">Los Laboratorios Lel\u00e9gard le ofrecen un servicio de asistencia para el cumplimiento normativo y la comercializaci\u00f3n de sus productos dom\u00e9sticos.<\/p>\n<h3>Sus productos dom\u00e9sticos: nuestra experiencia<\/h3>\n<p style=\"text-align: left;\" align=\"justify\">Los Laboratorios Lel\u00e9gard le ofrecen asesoramiento y un estudio personalizado de sus necesidades normativas en funci\u00f3n de sus productos (productos de limpieza de superficies, productos para el lavado de vajillas o productos para el cuidado de la ropa) con el fin de facilitar su comercializaci\u00f3n de conformidad con la normativa.<\/p>\n<h3 style=\"margin-top: 1.29068em; letter-spacing: normal;\">Nuestros servicios:<\/h3>\n<\/div>\n<div>\n<ul>\n<li style=\"text-align: left;\">\n<p align=\"justify\">Revisi\u00f3n de su formulaci\u00f3n y preparaci\u00f3n de la ficha de composici\u00f3n para publicar en su sitio web.<\/p>\n<\/li>\n<li style=\"text-align: left;\">\n<p align=\"justify\">La clasificaci\u00f3n de su producto seg\u00fan el reglamento CLP<\/p>\n<\/li>\n<li style=\"text-align: left;\">\n<p align=\"justify\">La determinaci\u00f3n de la informaci\u00f3n obligatoria que debe figurar en sus etiquetas y una revisi\u00f3n del cumplimiento normativo de su etiquetado.<\/p>\n<\/li>\n<li style=\"text-align: left;\">\n<p align=\"justify\">Redacci\u00f3n de sus fichas de datos de seguridad (FDS)<\/p>\n<\/li>\n<li style=\"text-align: left;\">\n<p align=\"justify\">La generaci\u00f3n de sus identificadores UFI<\/p>\n<\/li>\n<li style=\"text-align: left;\">\n<p align=\"justify\">Creaci\u00f3n de su cuenta en la ECHA para introducir sus notificaciones<\/p>\n<\/li>\n<li>\n<p style=\"text-align: left;\" align=\"justify\">Notificaci\u00f3n de sus productos a los centros de control de intoxicaciones<\/p>\n<\/li>\n<\/ul>\n<div>ECHA: Agencia Europea de Sustancias y Mezclas Qu\u00edmicas<\/div>\n<div><br><\/div>\n<p style=\"text-align: left;\">\n<\/p><\/div>\n<\/div>\n<\/div>\t\t\t\t\t\t\t\t<\/div>\n\t\t\t\t<\/div>\n\t\t\t\t\t<\/div>\n\t\t<\/div>\n\t\t\t\t<div class=\"elementor-column elementor-col-50 elementor-top-column elementor-element elementor-element-dd27aaa\" data-id=\"dd27aaa\" data-element_type=\"column\">\n\t\t\t<div class=\"elementor-widget-wrap elementor-element-populated\">\n\t\t\t\t\t\t<div class=\"elementor-element elementor-element-9adfbf3 elementor-widget elementor-widget-image\" data-id=\"9adfbf3\" data-element_type=\"widget\" data-widget_type=\"image.default\">\n\t\t\t\t<div class=\"elementor-widget-container\">\n\t\t\t\t\t\t\t\t\t\t\t\t\t\t\t<img fetchpriority=\"high\" decoding=\"async\" width=\"1024\" height=\"683\" src=\"https:\/\/www.laboratoireslelegard.com\/wp-content\/uploads\/2023\/04\/cosmetici-biologici-certificazioni-2-1024x683-1.jpg\" class=\"attachment-large size-large wp-image-893\" alt=\"Validaci\u00f3n de detergentes conformidad-normativa-productos-dom\u00e9sticos-clp-ufi\" srcset=\"https:\/\/www.laboratoireslelegard.com\/wp-content\/uploads\/2023\/04\/cosmetici-biologici-certificazioni-2-1024x683-1.jpg 1024w, https:\/\/www.laboratoireslelegard.com\/wp-content\/uploads\/2023\/04\/cosmetici-biologici-certificazioni-2-1024x683-1-300x200.jpg 300w, https:\/\/www.laboratoireslelegard.com\/wp-content\/uploads\/2023\/04\/cosmetici-biologici-certificazioni-2-1024x683-1-768x512.jpg 768w, https:\/\/www.laboratoireslelegard.com\/wp-content\/uploads\/2023\/04\/cosmetici-biologici-certificazioni-2-1024x683-1-990x660.jpg 990w, https:\/\/www.laboratoireslelegard.com\/wp-content\/uploads\/2023\/04\/cosmetici-biologici-certificazioni-2-1024x683-1-441x294.jpg 441w, https:\/\/www.laboratoireslelegard.com\/wp-content\/uploads\/2023\/04\/cosmetici-biologici-certificazioni-2-1024x683-1-600x400.jpg 600w, https:\/\/www.laboratoireslelegard.com\/wp-content\/uploads\/2023\/04\/cosmetici-biologici-certificazioni-2-1024x683-1-150x100.jpg 150w\" sizes=\"(max-width: 1024px) 100vw, 1024px\" \/>\t\t\t\t\t\t\t\t\t\t\t\t\t\t\t<\/div>\n\t\t\t\t<\/div>\n\t\t\t\t\t<\/div>\n\t\t<\/div>\n\t\t\t\t\t<\/div>\n\t\t<\/section>\n\t\t\t\t<section class=\"elementor-section elementor-top-section elementor-element elementor-element-4e72b3e elementor-section-boxed elementor-section-height-default elementor-section-height-default\" data-id=\"4e72b3e\" data-element_type=\"section\">\n\t\t\t\t\t\t<div class=\"elementor-container elementor-column-gap-default\">\n\t\t\t\t\t<div class=\"elementor-column elementor-col-100 elementor-top-column elementor-element elementor-element-3d25b3d\" data-id=\"3d25b3d\" data-element_type=\"column\">\n\t\t\t<div class=\"elementor-widget-wrap elementor-element-populated\">\n\t\t\t\t\t\t<div class=\"elementor-element elementor-element-25d4033 elementor-widget elementor-widget-text-editor\" data-id=\"25d4033\" data-element_type=\"widget\" data-widget_type=\"text-editor.default\">\n\t\t\t\t<div class=\"elementor-widget-container\">\n\t\t\t\t\t\t\t\t\t<div><div><h3>La regulaci\u00f3n de los productos dom\u00e9sticos:<\/h3><p align=\"justify\">En Europa, los detergentes est\u00e1n sujetos a las obligaciones de la Directiva (CE) n.\u00ba 648\/2004 relativa a los detergentes, as\u00ed como al Reglamento CLP y al Reglamento Europeo 1907\/2006 (Reglamento REACH) relativo al registro, la evaluaci\u00f3n, la autorizaci\u00f3n y la restricci\u00f3n de sustancias qu\u00edmicas.<\/p><p align=\"justify\">En funci\u00f3n del uso de su producto, su composici\u00f3n y otros par\u00e1metros, tambi\u00e9n puede ser necesario cumplir con otras normativas.<\/p><p align=\"justify\">Desde 2021, el UFI (Identificador \u00danico de F\u00f3rmula), un c\u00f3digo de 16 caracteres, debe figurar en la etiqueta de los productos que contienen mezclas clasificadas. Elemento clave para el cumplimiento normativo de sus productos dom\u00e9sticos, permitir\u00e1 proporcionar informaci\u00f3n precisa sobre la composici\u00f3n de sus productos a las autoridades reguladoras mediante una declaraci\u00f3n asociada a este n\u00famero.<\/p><p align=\"justify\">\u00a0<\/p><\/div><h3>Tarifas para la adecuaci\u00f3n de sus productos dom\u00e9sticos:<\/h3><p>Nuestras tarifas son personalizadas y requieren un presupuesto, as\u00ed que no dude en ponerse en contacto con nosotros.<\/p><\/div><p>\u00bfDesea tambi\u00e9n confiarnos los expedientes reglamentarios de sus productos cosm\u00e9ticos? Descubra <a href=\"https:\/\/www.laboratoireslelegard.com\/es\/product\/redaccion-expediente-cosmetico-dip\/\">nuestra oferta.<\/a><\/p><p style=\"text-align: left;\">\u00a0<\/p>\t\t\t\t\t\t\t\t<\/div>\n\t\t\t\t<\/div>\n\t\t\t\t\t<\/div>\n\t\t<\/div>\n\t\t\t\t\t<\/div>\n\t\t<\/section>\n\t\t\t\t<\/div>","protected":false},"excerpt":{"rendered":"<p>Antes de su comercializaci\u00f3n, los productos dom\u00e9sticos deben registrarse en la ECHA y notificarse a los centros de control de intoxicaciones. Si tiene previsto fabricar y comercializar sus propios detergentes, le acompa\u00f1amos en este proyecto encarg\u00e1ndonos de la evaluaci\u00f3n, el registro y la constituci\u00f3n de sus expedientes reglamentarios.<\/p>","protected":false},"featured_media":503,"template":"","meta":{"_acf_changed":false},"product_brand":[],"product_cat":[21],"product_tag":[48,50,32,52,41,49,28,53,51],"class_list":{"0":"post-267","1":"product","2":"type-product","3":"status-publish","4":"has-post-thumbnail","6":"product_cat-prestations","7":"product_tag-allegations","8":"product_tag-cosmetiques","9":"product_tag-cpnp","10":"product_tag-evaluation","11":"product_tag-marche","12":"product_tag-produits","13":"product_tag-reglement","14":"product_tag-tests","15":"product_tag-toxicologue","17":"first","18":"instock","19":"shipping-taxable","20":"product-type-simple"},"acf":[],"yoast_head":"<!-- This site is optimized with the Yoast SEO plugin v24.6 - https:\/\/yoast.com\/wordpress\/plugins\/seo\/ -->\n<title>Mise en conformit\u00e9 r\u00e8glementaire des produits m\u00e9nagers<\/title>\n<meta name=\"description\" content=\"Les Laboratoires Lel\u00e9gard vous fournissent un service d&#039;accompagnement pour l&#039;\u00e9valuation toxicologique de vos produits m\u00e9nagers ainsi que des tests (UFI)\" \/>\n<meta name=\"robots\" content=\"index, follow, max-snippet:-1, max-image-preview:large, max-video-preview:-1\" \/>\n<link rel=\"canonical\" href=\"https:\/\/www.laboratoireslelegard.com\/es\/product\/conformidad-reglamentaria-de-productos-domesticos\/\" \/>\n<meta property=\"og:locale\" content=\"es_ES\" \/>\n<meta property=\"og:type\" content=\"article\" \/>\n<meta property=\"og:title\" content=\"Mise en conformit\u00e9 r\u00e8glementaire des produits m\u00e9nagers\" \/>\n<meta property=\"og:description\" content=\"Les Laboratoires Lel\u00e9gard vous fournissent un service d&#039;accompagnement pour l&#039;\u00e9valuation toxicologique de vos produits m\u00e9nagers ainsi que des tests (UFI)\" \/>\n<meta property=\"og:url\" content=\"https:\/\/www.laboratoireslelegard.com\/es\/product\/conformidad-reglamentaria-de-productos-domesticos\/\" \/>\n<meta property=\"og:site_name\" content=\"Laboratoires Lel\u00e9gard\" \/>\n<meta property=\"article:modified_time\" content=\"2023-04-25T13:53:19+00:00\" \/>\n<meta property=\"og:image\" content=\"https:\/\/www.laboratoireslelegard.com\/wp-content\/uploads\/2022\/11\/34e26d5e-33c0-48f7-bc19-dc933d028da5.jpg\" \/>\n\t<meta property=\"og:image:width\" content=\"773\" \/>\n\t<meta property=\"og:image:height\" content=\"900\" \/>\n\t<meta property=\"og:image:type\" content=\"image\/jpeg\" \/>\n<meta name=\"twitter:card\" content=\"summary_large_image\" \/>\n<script type=\"application\/ld+json\" class=\"yoast-schema-graph\">{\"@context\":\"https:\/\/schema.org\",\"@graph\":[{\"@type\":\"WebPage\",\"@id\":\"https:\/\/www.laboratoireslelegard.com\/produit\/conformite-reglementaire-produits-menagers\/\",\"url\":\"https:\/\/www.laboratoireslelegard.com\/produit\/conformite-reglementaire-produits-menagers\/\",\"name\":\"Mise en conformit\u00e9 r\u00e8glementaire des produits m\u00e9nagers\",\"isPartOf\":{\"@id\":\"https:\/\/www.laboratoireslelegard.com\/#website\"},\"primaryImageOfPage\":{\"@id\":\"https:\/\/www.laboratoireslelegard.com\/produit\/conformite-reglementaire-produits-menagers\/#primaryimage\"},\"image\":{\"@id\":\"https:\/\/www.laboratoireslelegard.com\/produit\/conformite-reglementaire-produits-menagers\/#primaryimage\"},\"thumbnailUrl\":\"https:\/\/www.laboratoireslelegard.com\/wp-content\/uploads\/2022\/11\/34e26d5e-33c0-48f7-bc19-dc933d028da5.jpg\",\"datePublished\":\"2022-11-13T22:25:36+00:00\",\"dateModified\":\"2023-04-25T13:53:19+00:00\",\"description\":\"Les Laboratoires Lel\u00e9gard vous fournissent un service d'accompagnement pour l'\u00e9valuation toxicologique de vos produits m\u00e9nagers ainsi que des tests (UFI)\",\"breadcrumb\":{\"@id\":\"https:\/\/www.laboratoireslelegard.com\/produit\/conformite-reglementaire-produits-menagers\/#breadcrumb\"},\"inLanguage\":\"es\",\"potentialAction\":[{\"@type\":\"ReadAction\",\"target\":[\"https:\/\/www.laboratoireslelegard.com\/produit\/conformite-reglementaire-produits-menagers\/\"]}]},{\"@type\":\"ImageObject\",\"inLanguage\":\"es\",\"@id\":\"https:\/\/www.laboratoireslelegard.com\/produit\/conformite-reglementaire-produits-menagers\/#primaryimage\",\"url\":\"https:\/\/www.laboratoireslelegard.com\/wp-content\/uploads\/2022\/11\/34e26d5e-33c0-48f7-bc19-dc933d028da5.jpg\",\"contentUrl\":\"https:\/\/www.laboratoireslelegard.com\/wp-content\/uploads\/2022\/11\/34e26d5e-33c0-48f7-bc19-dc933d028da5.jpg\",\"width\":773,\"height\":900,\"caption\":\"Validation d\u00e9tergents\"},{\"@type\":\"BreadcrumbList\",\"@id\":\"https:\/\/www.laboratoireslelegard.com\/produit\/conformite-reglementaire-produits-menagers\/#breadcrumb\",\"itemListElement\":[{\"@type\":\"ListItem\",\"position\":1,\"name\":\"Accueil\",\"item\":\"https:\/\/www.laboratoireslelegard.com\/\"},{\"@type\":\"ListItem\",\"position\":2,\"name\":\"Boutique\",\"item\":\"https:\/\/www.laboratoireslelegard.com\/prestations-formations\/\"},{\"@type\":\"ListItem\",\"position\":3,\"name\":\"Mise en conformit\u00e9 r\u00e8glementaire des produits m\u00e9nagers\"}]},{\"@type\":\"WebSite\",\"@id\":\"https:\/\/www.laboratoireslelegard.com\/#website\",\"url\":\"https:\/\/www.laboratoireslelegard.com\/\",\"name\":\"Laboratoires Lel\u00e9gard\",\"description\":\"SERVICE DE REGLEMENTATION ET TOXICOLOGIE\",\"publisher\":{\"@id\":\"https:\/\/www.laboratoireslelegard.com\/#organization\"},\"potentialAction\":[{\"@type\":\"SearchAction\",\"target\":{\"@type\":\"EntryPoint\",\"urlTemplate\":\"https:\/\/www.laboratoireslelegard.com\/?s={search_term_string}\"},\"query-input\":{\"@type\":\"PropertyValueSpecification\",\"valueRequired\":true,\"valueName\":\"search_term_string\"}}],\"inLanguage\":\"es\"},{\"@type\":\"Organization\",\"@id\":\"https:\/\/www.laboratoireslelegard.com\/#organization\",\"name\":\"Laboratoires Lel\u00e9gard\",\"url\":\"https:\/\/www.laboratoireslelegard.com\/\",\"logo\":{\"@type\":\"ImageObject\",\"inLanguage\":\"es\",\"@id\":\"https:\/\/www.laboratoireslelegard.com\/#\/schema\/logo\/image\/\",\"url\":\"https:\/\/www.laboratoireslelegard.com\/wp-content\/uploads\/2022\/10\/labolelegard.svg\",\"contentUrl\":\"https:\/\/www.laboratoireslelegard.com\/wp-content\/uploads\/2022\/10\/labolelegard.svg\",\"width\":515,\"height\":116,\"caption\":\"Laboratoires Lel\u00e9gard\"},\"image\":{\"@id\":\"https:\/\/www.laboratoireslelegard.com\/#\/schema\/logo\/image\/\"}}]}<\/script>\n<!-- \/ Yoast SEO plugin. -->","yoast_head_json":{"title":"Cumplimiento normativo de los productos dom\u00e9sticos","description":"Los Laboratorios Lel\u00e9gard le ofrecen un servicio de acompa\u00f1amiento para la evaluaci\u00f3n toxicol\u00f3gica de sus productos dom\u00e9sticos, as\u00ed como pruebas (UFI).","robots":{"index":"index","follow":"follow","max-snippet":"max-snippet:-1","max-image-preview":"max-image-preview:large","max-video-preview":"max-video-preview:-1"},"canonical":"https:\/\/www.laboratoireslelegard.com\/es\/product\/conformidad-reglamentaria-de-productos-domesticos\/","og_locale":"es_ES","og_type":"article","og_title":"Mise en conformit\u00e9 r\u00e8glementaire des produits m\u00e9nagers","og_description":"Les Laboratoires Lel\u00e9gard vous fournissent un service d'accompagnement pour l'\u00e9valuation toxicologique de vos produits m\u00e9nagers ainsi que des tests (UFI)","og_url":"https:\/\/www.laboratoireslelegard.com\/es\/product\/conformidad-reglamentaria-de-productos-domesticos\/","og_site_name":"Laboratoires Lel\u00e9gard","article_modified_time":"2023-04-25T13:53:19+00:00","og_image":[{"width":773,"height":900,"url":"https:\/\/www.laboratoireslelegard.com\/wp-content\/uploads\/2022\/11\/34e26d5e-33c0-48f7-bc19-dc933d028da5.jpg","type":"image\/jpeg"}],"twitter_card":"summary_large_image","schema":{"@context":"https:\/\/schema.org","@graph":[{"@type":"WebPage","@id":"https:\/\/www.laboratoireslelegard.com\/produit\/conformite-reglementaire-produits-menagers\/","url":"https:\/\/www.laboratoireslelegard.com\/produit\/conformite-reglementaire-produits-menagers\/","name":"Cumplimiento normativo de los productos dom\u00e9sticos","isPartOf":{"@id":"https:\/\/www.laboratoireslelegard.com\/#website"},"primaryImageOfPage":{"@id":"https:\/\/www.laboratoireslelegard.com\/produit\/conformite-reglementaire-produits-menagers\/#primaryimage"},"image":{"@id":"https:\/\/www.laboratoireslelegard.com\/produit\/conformite-reglementaire-produits-menagers\/#primaryimage"},"thumbnailUrl":"https:\/\/www.laboratoireslelegard.com\/wp-content\/uploads\/2022\/11\/34e26d5e-33c0-48f7-bc19-dc933d028da5.jpg","datePublished":"2022-11-13T22:25:36+00:00","dateModified":"2023-04-25T13:53:19+00:00","description":"Los Laboratorios Lel\u00e9gard le ofrecen un servicio de acompa\u00f1amiento para la evaluaci\u00f3n toxicol\u00f3gica de sus productos dom\u00e9sticos, as\u00ed como pruebas (UFI).","breadcrumb":{"@id":"https:\/\/www.laboratoireslelegard.com\/produit\/conformite-reglementaire-produits-menagers\/#breadcrumb"},"inLanguage":"es","potentialAction":[{"@type":"ReadAction","target":["https:\/\/www.laboratoireslelegard.com\/produit\/conformite-reglementaire-produits-menagers\/"]}]},{"@type":"ImageObject","inLanguage":"es","@id":"https:\/\/www.laboratoireslelegard.com\/produit\/conformite-reglementaire-produits-menagers\/#primaryimage","url":"https:\/\/www.laboratoireslelegard.com\/wp-content\/uploads\/2022\/11\/34e26d5e-33c0-48f7-bc19-dc933d028da5.jpg","contentUrl":"https:\/\/www.laboratoireslelegard.com\/wp-content\/uploads\/2022\/11\/34e26d5e-33c0-48f7-bc19-dc933d028da5.jpg","width":773,"height":900,"caption":"Validation d\u00e9tergents"},{"@type":"BreadcrumbList","@id":"https:\/\/www.laboratoireslelegard.com\/produit\/conformite-reglementaire-produits-menagers\/#breadcrumb","itemListElement":[{"@type":"ListItem","position":1,"name":"Accueil","item":"https:\/\/www.laboratoireslelegard.com\/"},{"@type":"ListItem","position":2,"name":"Boutique","item":"https:\/\/www.laboratoireslelegard.com\/prestations-formations\/"},{"@type":"ListItem","position":3,"name":"Mise en conformit\u00e9 r\u00e8glementaire des produits m\u00e9nagers"}]},{"@type":"WebSite","@id":"https:\/\/www.laboratoireslelegard.com\/#website","url":"https:\/\/www.laboratoireslelegard.com\/","name":"Laboratorios Lel\u00e9gard","description":"SERVICIO DE REGULACI\u00d3N Y TOXICOLOG\u00cdA","publisher":{"@id":"https:\/\/www.laboratoireslelegard.com\/#organization"},"potentialAction":[{"@type":"SearchAction","target":{"@type":"EntryPoint","urlTemplate":"https:\/\/www.laboratoireslelegard.com\/?s={search_term_string}"},"query-input":{"@type":"PropertyValueSpecification","valueRequired":true,"valueName":"search_term_string"}}],"inLanguage":"es"},{"@type":"Organization","@id":"https:\/\/www.laboratoireslelegard.com\/#organization","name":"Laboratorios Lel\u00e9gard","url":"https:\/\/www.laboratoireslelegard.com\/","logo":{"@type":"ImageObject","inLanguage":"es","@id":"https:\/\/www.laboratoireslelegard.com\/#\/schema\/logo\/image\/","url":"https:\/\/www.laboratoireslelegard.com\/wp-content\/uploads\/2022\/10\/labolelegard.svg","contentUrl":"https:\/\/www.laboratoireslelegard.com\/wp-content\/uploads\/2022\/10\/labolelegard.svg","width":515,"height":116,"caption":"Laboratoires Lel\u00e9gard"},"image":{"@id":"https:\/\/www.laboratoireslelegard.com\/#\/schema\/logo\/image\/"}}]}},"_links":{"self":[{"href":"https:\/\/www.laboratoireslelegard.com\/es\/wp-json\/wp\/v2\/product\/267","targetHints":{"allow":["GET"]}}],"collection":[{"href":"https:\/\/www.laboratoireslelegard.com\/es\/wp-json\/wp\/v2\/product"}],"about":[{"href":"https:\/\/www.laboratoireslelegard.com\/es\/wp-json\/wp\/v2\/types\/product"}],"version-history":[{"count":57,"href":"https:\/\/www.laboratoireslelegard.com\/es\/wp-json\/wp\/v2\/product\/267\/revisions"}],"predecessor-version":[{"id":1263,"href":"https:\/\/www.laboratoireslelegard.com\/es\/wp-json\/wp\/v2\/product\/267\/revisions\/1263"}],"wp:featuredmedia":[{"embeddable":true,"href":"https:\/\/www.laboratoireslelegard.com\/es\/wp-json\/wp\/v2\/media\/503"}],"wp:attachment":[{"href":"https:\/\/www.laboratoireslelegard.com\/es\/wp-json\/wp\/v2\/media?parent=267"}],"wp:term":[{"taxonomy":"product_brand","embeddable":true,"href":"https:\/\/www.laboratoireslelegard.com\/es\/wp-json\/wp\/v2\/product_brand?post=267"},{"taxonomy":"product_cat","embeddable":true,"href":"https:\/\/www.laboratoireslelegard.com\/es\/wp-json\/wp\/v2\/product_cat?post=267"},{"taxonomy":"product_tag","embeddable":true,"href":"https:\/\/www.laboratoireslelegard.com\/es\/wp-json\/wp\/v2\/product_tag?post=267"}],"curies":[{"name":"wp","href":"https:\/\/api.w.org\/{rel}","templated":true}]}}