{"id":254,"date":"2022-11-13T23:00:38","date_gmt":"2022-11-13T22:00:38","guid":{"rendered":"https:\/\/www.laboratoireslelegard.com\/?post_type=product&#038;p=254"},"modified":"2023-07-27T15:20:29","modified_gmt":"2023-07-27T13:20:29","slug":"fabricacion-de-productos-cosmeticos-de-marca-blanca","status":"publish","type":"product","link":"https:\/\/www.laboratoireslelegard.com\/es\/product\/fabricacion-de-productos-cosmeticos-de-marca-blanca\/","title":{"rendered":"Fabricaci\u00f3n de productos cosm\u00e9ticos de marca blanca"},"content":{"rendered":"<div data-elementor-type=\"product-post\" data-elementor-id=\"254\" class=\"elementor elementor-254\" data-elementor-post-type=\"product\">\n\t\t\t\t\t\t<section class=\"elementor-section elementor-top-section elementor-element elementor-element-7a9550b1 elementor-section-boxed elementor-section-height-default elementor-section-height-default\" data-id=\"7a9550b1\" data-element_type=\"section\">\n\t\t\t\t\t\t<div class=\"elementor-container elementor-column-gap-default\">\n\t\t\t\t\t<div class=\"elementor-column elementor-col-50 elementor-top-column elementor-element elementor-element-d510790\" data-id=\"d510790\" data-element_type=\"column\">\n\t\t\t<div class=\"elementor-widget-wrap elementor-element-populated\">\n\t\t\t\t\t\t<div class=\"elementor-element elementor-element-6a141f02 elementor-widget elementor-widget-text-editor\" data-id=\"6a141f02\" data-element_type=\"widget\" data-widget_type=\"text-editor.default\">\n\t\t\t\t<div class=\"elementor-widget-container\">\n\t\t\t\t\t\t\t\t\t<p>Le ofrecemos un servicio de marca blanca. Preparamos sus productos a partir de nuestras f\u00f3rmulas, que podr\u00e1 vender en el mercado con el nombre de su empresa. \u00bfDesea crear su propia f\u00f3rmula? Descubra nuestro servicio de <a href=\"https:\/\/www.laboratoireslelegard.com\/es\/product\/formulacion\/\">formulaci\u00f3n.<\/a><\/p>\n<p>Podemos fabricar sus productos cosm\u00e9ticos en peque\u00f1as o grandes cantidades. \u00bfBusca un fabricante de productos cosm\u00e9ticos para un volumen reducido? Estamos acostumbrados a trabajar con empresas que lanzan su proyecto y desean probar su gama en el mercado.<\/p>\n<p>Podemos ayudarle en la fabricaci\u00f3n de sus productos cosm\u00e9ticos de marca blanca, as\u00ed como en las operaciones de etiquetado y envasado de sus productos 100% fabricados en Francia:<\/p>\n<ul>\n<li>Llenado<\/li>\n<li>Envasado<\/li>\n<li>Colocaci\u00f3n de etiquetas<\/li>\n<li>Impresi\u00f3n del n\u00famero de lote y la fecha de caducidad<\/li>\n<\/ul>\t\t\t\t\t\t\t\t<\/div>\n\t\t\t\t<\/div>\n\t\t\t\t\t<\/div>\n\t\t<\/div>\n\t\t\t\t<div class=\"elementor-column elementor-col-50 elementor-top-column elementor-element elementor-element-300042a\" data-id=\"300042a\" data-element_type=\"column\">\n\t\t\t<div class=\"elementor-widget-wrap elementor-element-populated\">\n\t\t\t\t\t\t<div class=\"elementor-element elementor-element-e3528ec elementor-widget elementor-widget-image\" data-id=\"e3528ec\" data-element_type=\"widget\" data-widget_type=\"image.default\">\n\t\t\t\t<div class=\"elementor-widget-container\">\n\t\t\t\t\t\t\t\t\t\t\t\t\t\t\t<img fetchpriority=\"high\" decoding=\"async\" width=\"1000\" height=\"1000\" src=\"https:\/\/www.laboratoireslelegard.com\/wp-content\/uploads\/2022\/11\/marque-blanche-4.jpg\" class=\"attachment-large size-large wp-image-668\" alt=\"marca blanca\" srcset=\"https:\/\/www.laboratoireslelegard.com\/wp-content\/uploads\/2022\/11\/marque-blanche-4.jpg 1000w, https:\/\/www.laboratoireslelegard.com\/wp-content\/uploads\/2022\/11\/marque-blanche-4-300x300.jpg 300w, https:\/\/www.laboratoireslelegard.com\/wp-content\/uploads\/2022\/11\/marque-blanche-4-150x150.jpg 150w, https:\/\/www.laboratoireslelegard.com\/wp-content\/uploads\/2022\/11\/marque-blanche-4-768x768.jpg 768w, https:\/\/www.laboratoireslelegard.com\/wp-content\/uploads\/2022\/11\/marque-blanche-4-990x990.jpg 990w, https:\/\/www.laboratoireslelegard.com\/wp-content\/uploads\/2022\/11\/marque-blanche-4-441x441.jpg 441w, https:\/\/www.laboratoireslelegard.com\/wp-content\/uploads\/2022\/11\/marque-blanche-4-600x600.jpg 600w\" sizes=\"(max-width: 1000px) 100vw, 1000px\" \/>\t\t\t\t\t\t\t\t\t\t\t\t\t\t\t<\/div>\n\t\t\t\t<\/div>\n\t\t\t\t\t<\/div>\n\t\t<\/div>\n\t\t\t\t\t<\/div>\n\t\t<\/section>\n\t\t\t\t<section class=\"elementor-section elementor-top-section elementor-element elementor-element-643978a elementor-section-boxed elementor-section-height-default elementor-section-height-default\" data-id=\"643978a\" data-element_type=\"section\">\n\t\t\t\t\t\t<div class=\"elementor-container elementor-column-gap-default\">\n\t\t\t\t\t<div class=\"elementor-column elementor-col-100 elementor-top-column elementor-element elementor-element-595527b\" data-id=\"595527b\" data-element_type=\"column\">\n\t\t\t<div class=\"elementor-widget-wrap elementor-element-populated\">\n\t\t\t\t\t\t<div class=\"elementor-element elementor-element-5d69ee7 elementor-widget elementor-widget-text-editor\" data-id=\"5d69ee7\" data-element_type=\"widget\" data-widget_type=\"text-editor.default\">\n\t\t\t\t<div class=\"elementor-widget-container\">\n\t\t\t\t\t\t\t\t\t<p>\u00a0<\/p><h3>Nuestro apoyo para el desarrollo de cosm\u00e9ticos de marca blanca:<\/h3><p>Por lo tanto, podemos envasar sus productos cosm\u00e9ticos, colocarlos en cajas, ponerles etiquetas e imprimir los n\u00fameros de lote y las fechas de caducidad (DDM). Tanto si necesita peque\u00f1as como grandes cantidades, podemos fabricar sus productos cosm\u00e9ticos seg\u00fan sus necesidades. Entendemos que puede resultar dif\u00edcil para las empresas emergentes lanzar su propia gama de productos al mercado, por lo que estamos acostumbrados a trabajar con empresas que desean probar su gama antes de lanzarse al mercado.<\/p>\t\t\t\t\t\t\t\t<\/div>\n\t\t\t\t<\/div>\n\t\t\t\t\t<\/div>\n\t\t<\/div>\n\t\t\t\t\t<\/div>\n\t\t<\/section>\n\t\t\t\t<\/div>","protected":false},"excerpt":{"rendered":"<p>Tras el desarrollo, la evaluaci\u00f3n y el registro de su producto cosm\u00e9tico, Laboratoires Lel\u00e9gard tambi\u00e9n puede acompa\u00f1arle en su fabricaci\u00f3n en series peque\u00f1as o grandes. Nuestro taller franc\u00e9s de producci\u00f3n de productos cosm\u00e9ticos nos permite ofrecerle la fabricaci\u00f3n manual de sus productos de cuidado. De este modo, cada producto que sale de nuestro taller es \u00fanico y est\u00e1 hecho a mano.<\/p>","protected":false},"featured_media":682,"template":"","meta":{"_acf_changed":false},"product_brand":[],"product_cat":[21],"product_tag":[73,67,50,75,39,70,57,71,41,66,69,72,49,68,76,74],"class_list":{"0":"post-254","1":"product","2":"type-product","3":"status-publish","4":"has-post-thumbnail","6":"product_cat-prestations","7":"product_tag-besoins","8":"product_tag-blanche","9":"product_tag-cosmetiques","10":"product_tag-cremes","11":"product_tag-entreprise","12":"product_tag-etiquettes","13":"product_tag-formulation","14":"product_tag-formule","15":"product_tag-marche","16":"product_tag-marque","17":"product_tag-mise-en-boite","18":"product_tag-production","19":"product_tag-produits","20":"product_tag-remplissage","21":"product_tag-skincare","22":"product_tag-vente","24":"first","25":"instock","26":"shipping-taxable","27":"product-type-simple"},"acf":[],"yoast_head":"<!-- This site is optimized with the Yoast SEO plugin v24.6 - https:\/\/yoast.com\/wordpress\/plugins\/seo\/ -->\n<title>Marque blanche : d\u00e9veloppement de produits cosm\u00e9tiques<\/title>\n<meta name=\"description\" content=\"Nous vous proposons un service de marque blanche. Nous vous pr\u00e9parons vos produits issus de nos formulations que vous pourrez vendre sur le march\u00e9.\" \/>\n<meta name=\"robots\" content=\"index, follow, max-snippet:-1, max-image-preview:large, max-video-preview:-1\" \/>\n<link rel=\"canonical\" href=\"https:\/\/www.laboratoireslelegard.com\/es\/product\/fabricacion-de-productos-cosmeticos-de-marca-blanca\/\" \/>\n<meta property=\"og:locale\" content=\"es_ES\" \/>\n<meta property=\"og:type\" content=\"article\" \/>\n<meta property=\"og:title\" content=\"Marque blanche : d\u00e9veloppement de produits cosm\u00e9tiques\" \/>\n<meta property=\"og:description\" content=\"Nous vous proposons un service de marque blanche. Nous vous pr\u00e9parons vos produits issus de nos formulations que vous pourrez vendre sur le march\u00e9.\" \/>\n<meta property=\"og:url\" content=\"https:\/\/www.laboratoireslelegard.com\/es\/product\/fabricacion-de-productos-cosmeticos-de-marca-blanca\/\" \/>\n<meta property=\"og:site_name\" content=\"Laboratoires Lel\u00e9gard\" \/>\n<meta property=\"article:modified_time\" content=\"2023-07-27T13:20:29+00:00\" \/>\n<meta property=\"og:image\" content=\"https:\/\/www.laboratoireslelegard.com\/wp-content\/uploads\/2023\/04\/marque-blanche.jpg\" \/>\n\t<meta property=\"og:image:width\" content=\"1000\" \/>\n\t<meta property=\"og:image:height\" content=\"1000\" \/>\n\t<meta property=\"og:image:type\" content=\"image\/jpeg\" \/>\n<meta name=\"twitter:card\" content=\"summary_large_image\" \/>\n<script type=\"application\/ld+json\" class=\"yoast-schema-graph\">{\"@context\":\"https:\/\/schema.org\",\"@graph\":[{\"@type\":\"WebPage\",\"@id\":\"https:\/\/www.laboratoireslelegard.com\/produit\/fabrication-produits-cosmetiques-marque-blanche\/\",\"url\":\"https:\/\/www.laboratoireslelegard.com\/produit\/fabrication-produits-cosmetiques-marque-blanche\/\",\"name\":\"Marque blanche : d\u00e9veloppement de produits cosm\u00e9tiques\",\"isPartOf\":{\"@id\":\"https:\/\/www.laboratoireslelegard.com\/#website\"},\"primaryImageOfPage\":{\"@id\":\"https:\/\/www.laboratoireslelegard.com\/produit\/fabrication-produits-cosmetiques-marque-blanche\/#primaryimage\"},\"image\":{\"@id\":\"https:\/\/www.laboratoireslelegard.com\/produit\/fabrication-produits-cosmetiques-marque-blanche\/#primaryimage\"},\"thumbnailUrl\":\"https:\/\/www.laboratoireslelegard.com\/wp-content\/uploads\/2023\/04\/marque-blanche.jpg\",\"datePublished\":\"2022-11-13T22:00:38+00:00\",\"dateModified\":\"2023-07-27T13:20:29+00:00\",\"description\":\"Nous vous proposons un service de marque blanche. Nous vous pr\u00e9parons vos produits issus de nos formulations que vous pourrez vendre sur le march\u00e9.\",\"breadcrumb\":{\"@id\":\"https:\/\/www.laboratoireslelegard.com\/produit\/fabrication-produits-cosmetiques-marque-blanche\/#breadcrumb\"},\"inLanguage\":\"es\",\"potentialAction\":[{\"@type\":\"ReadAction\",\"target\":[\"https:\/\/www.laboratoireslelegard.com\/produit\/fabrication-produits-cosmetiques-marque-blanche\/\"]}]},{\"@type\":\"ImageObject\",\"inLanguage\":\"es\",\"@id\":\"https:\/\/www.laboratoireslelegard.com\/produit\/fabrication-produits-cosmetiques-marque-blanche\/#primaryimage\",\"url\":\"https:\/\/www.laboratoireslelegard.com\/wp-content\/uploads\/2023\/04\/marque-blanche.jpg\",\"contentUrl\":\"https:\/\/www.laboratoireslelegard.com\/wp-content\/uploads\/2023\/04\/marque-blanche.jpg\",\"width\":1000,\"height\":1000,\"caption\":\"marque blanche\"},{\"@type\":\"BreadcrumbList\",\"@id\":\"https:\/\/www.laboratoireslelegard.com\/produit\/fabrication-produits-cosmetiques-marque-blanche\/#breadcrumb\",\"itemListElement\":[{\"@type\":\"ListItem\",\"position\":1,\"name\":\"Accueil\",\"item\":\"https:\/\/www.laboratoireslelegard.com\/\"},{\"@type\":\"ListItem\",\"position\":2,\"name\":\"Boutique\",\"item\":\"https:\/\/www.laboratoireslelegard.com\/prestations-formations\/\"},{\"@type\":\"ListItem\",\"position\":3,\"name\":\"Fabrication de produits cosm\u00e9tiques en marque blanche\"}]},{\"@type\":\"WebSite\",\"@id\":\"https:\/\/www.laboratoireslelegard.com\/#website\",\"url\":\"https:\/\/www.laboratoireslelegard.com\/\",\"name\":\"Laboratoires Lel\u00e9gard\",\"description\":\"SERVICE DE REGLEMENTATION ET TOXICOLOGIE\",\"publisher\":{\"@id\":\"https:\/\/www.laboratoireslelegard.com\/#organization\"},\"potentialAction\":[{\"@type\":\"SearchAction\",\"target\":{\"@type\":\"EntryPoint\",\"urlTemplate\":\"https:\/\/www.laboratoireslelegard.com\/?s={search_term_string}\"},\"query-input\":{\"@type\":\"PropertyValueSpecification\",\"valueRequired\":true,\"valueName\":\"search_term_string\"}}],\"inLanguage\":\"es\"},{\"@type\":\"Organization\",\"@id\":\"https:\/\/www.laboratoireslelegard.com\/#organization\",\"name\":\"Laboratoires Lel\u00e9gard\",\"url\":\"https:\/\/www.laboratoireslelegard.com\/\",\"logo\":{\"@type\":\"ImageObject\",\"inLanguage\":\"es\",\"@id\":\"https:\/\/www.laboratoireslelegard.com\/#\/schema\/logo\/image\/\",\"url\":\"https:\/\/www.laboratoireslelegard.com\/wp-content\/uploads\/2022\/10\/labolelegard.svg\",\"contentUrl\":\"https:\/\/www.laboratoireslelegard.com\/wp-content\/uploads\/2022\/10\/labolelegard.svg\",\"width\":515,\"height\":116,\"caption\":\"Laboratoires Lel\u00e9gard\"},\"image\":{\"@id\":\"https:\/\/www.laboratoireslelegard.com\/#\/schema\/logo\/image\/\"}}]}<\/script>\n<!-- \/ Yoast SEO plugin. -->","yoast_head_json":{"title":"Marca blanca: desarrollo de productos cosm\u00e9ticos","description":"Le ofrecemos un servicio de marca blanca. Preparamos sus productos a partir de nuestras f\u00f3rmulas para que pueda venderlos en el mercado.","robots":{"index":"index","follow":"follow","max-snippet":"max-snippet:-1","max-image-preview":"max-image-preview:large","max-video-preview":"max-video-preview:-1"},"canonical":"https:\/\/www.laboratoireslelegard.com\/es\/product\/fabricacion-de-productos-cosmeticos-de-marca-blanca\/","og_locale":"es_ES","og_type":"article","og_title":"Marque blanche : d\u00e9veloppement de produits cosm\u00e9tiques","og_description":"Nous vous proposons un service de marque blanche. Nous vous pr\u00e9parons vos produits issus de nos formulations que vous pourrez vendre sur le march\u00e9.","og_url":"https:\/\/www.laboratoireslelegard.com\/es\/product\/fabricacion-de-productos-cosmeticos-de-marca-blanca\/","og_site_name":"Laboratoires Lel\u00e9gard","article_modified_time":"2023-07-27T13:20:29+00:00","og_image":[{"width":1000,"height":1000,"url":"https:\/\/www.laboratoireslelegard.com\/wp-content\/uploads\/2023\/04\/marque-blanche.jpg","type":"image\/jpeg"}],"twitter_card":"summary_large_image","schema":{"@context":"https:\/\/schema.org","@graph":[{"@type":"WebPage","@id":"https:\/\/www.laboratoireslelegard.com\/produit\/fabrication-produits-cosmetiques-marque-blanche\/","url":"https:\/\/www.laboratoireslelegard.com\/produit\/fabrication-produits-cosmetiques-marque-blanche\/","name":"Marca blanca: desarrollo de productos cosm\u00e9ticos","isPartOf":{"@id":"https:\/\/www.laboratoireslelegard.com\/#website"},"primaryImageOfPage":{"@id":"https:\/\/www.laboratoireslelegard.com\/produit\/fabrication-produits-cosmetiques-marque-blanche\/#primaryimage"},"image":{"@id":"https:\/\/www.laboratoireslelegard.com\/produit\/fabrication-produits-cosmetiques-marque-blanche\/#primaryimage"},"thumbnailUrl":"https:\/\/www.laboratoireslelegard.com\/wp-content\/uploads\/2023\/04\/marque-blanche.jpg","datePublished":"2022-11-13T22:00:38+00:00","dateModified":"2023-07-27T13:20:29+00:00","description":"Le ofrecemos un servicio de marca blanca. Preparamos sus productos a partir de nuestras f\u00f3rmulas para que pueda venderlos en el mercado.","breadcrumb":{"@id":"https:\/\/www.laboratoireslelegard.com\/produit\/fabrication-produits-cosmetiques-marque-blanche\/#breadcrumb"},"inLanguage":"es","potentialAction":[{"@type":"ReadAction","target":["https:\/\/www.laboratoireslelegard.com\/produit\/fabrication-produits-cosmetiques-marque-blanche\/"]}]},{"@type":"ImageObject","inLanguage":"es","@id":"https:\/\/www.laboratoireslelegard.com\/produit\/fabrication-produits-cosmetiques-marque-blanche\/#primaryimage","url":"https:\/\/www.laboratoireslelegard.com\/wp-content\/uploads\/2023\/04\/marque-blanche.jpg","contentUrl":"https:\/\/www.laboratoireslelegard.com\/wp-content\/uploads\/2023\/04\/marque-blanche.jpg","width":1000,"height":1000,"caption":"marque blanche"},{"@type":"BreadcrumbList","@id":"https:\/\/www.laboratoireslelegard.com\/produit\/fabrication-produits-cosmetiques-marque-blanche\/#breadcrumb","itemListElement":[{"@type":"ListItem","position":1,"name":"Accueil","item":"https:\/\/www.laboratoireslelegard.com\/"},{"@type":"ListItem","position":2,"name":"Boutique","item":"https:\/\/www.laboratoireslelegard.com\/prestations-formations\/"},{"@type":"ListItem","position":3,"name":"Fabrication de produits cosm\u00e9tiques en marque blanche"}]},{"@type":"WebSite","@id":"https:\/\/www.laboratoireslelegard.com\/#website","url":"https:\/\/www.laboratoireslelegard.com\/","name":"Laboratorios Lel\u00e9gard","description":"SERVICIO DE REGULACI\u00d3N Y TOXICOLOG\u00cdA","publisher":{"@id":"https:\/\/www.laboratoireslelegard.com\/#organization"},"potentialAction":[{"@type":"SearchAction","target":{"@type":"EntryPoint","urlTemplate":"https:\/\/www.laboratoireslelegard.com\/?s={search_term_string}"},"query-input":{"@type":"PropertyValueSpecification","valueRequired":true,"valueName":"search_term_string"}}],"inLanguage":"es"},{"@type":"Organization","@id":"https:\/\/www.laboratoireslelegard.com\/#organization","name":"Laboratorios Lel\u00e9gard","url":"https:\/\/www.laboratoireslelegard.com\/","logo":{"@type":"ImageObject","inLanguage":"es","@id":"https:\/\/www.laboratoireslelegard.com\/#\/schema\/logo\/image\/","url":"https:\/\/www.laboratoireslelegard.com\/wp-content\/uploads\/2022\/10\/labolelegard.svg","contentUrl":"https:\/\/www.laboratoireslelegard.com\/wp-content\/uploads\/2022\/10\/labolelegard.svg","width":515,"height":116,"caption":"Laboratoires Lel\u00e9gard"},"image":{"@id":"https:\/\/www.laboratoireslelegard.com\/#\/schema\/logo\/image\/"}}]}},"_links":{"self":[{"href":"https:\/\/www.laboratoireslelegard.com\/es\/wp-json\/wp\/v2\/product\/254","targetHints":{"allow":["GET"]}}],"collection":[{"href":"https:\/\/www.laboratoireslelegard.com\/es\/wp-json\/wp\/v2\/product"}],"about":[{"href":"https:\/\/www.laboratoireslelegard.com\/es\/wp-json\/wp\/v2\/types\/product"}],"version-history":[{"count":28,"href":"https:\/\/www.laboratoireslelegard.com\/es\/wp-json\/wp\/v2\/product\/254\/revisions"}],"predecessor-version":[{"id":1444,"href":"https:\/\/www.laboratoireslelegard.com\/es\/wp-json\/wp\/v2\/product\/254\/revisions\/1444"}],"wp:featuredmedia":[{"embeddable":true,"href":"https:\/\/www.laboratoireslelegard.com\/es\/wp-json\/wp\/v2\/media\/682"}],"wp:attachment":[{"href":"https:\/\/www.laboratoireslelegard.com\/es\/wp-json\/wp\/v2\/media?parent=254"}],"wp:term":[{"taxonomy":"product_brand","embeddable":true,"href":"https:\/\/www.laboratoireslelegard.com\/es\/wp-json\/wp\/v2\/product_brand?post=254"},{"taxonomy":"product_cat","embeddable":true,"href":"https:\/\/www.laboratoireslelegard.com\/es\/wp-json\/wp\/v2\/product_cat?post=254"},{"taxonomy":"product_tag","embeddable":true,"href":"https:\/\/www.laboratoireslelegard.com\/es\/wp-json\/wp\/v2\/product_tag?post=254"}],"curies":[{"name":"wp","href":"https:\/\/api.w.org\/{rel}","templated":true}]}}