{"id":3,"date":"2022-10-26T21:55:50","date_gmt":"2022-10-26T19:55:50","guid":{"rendered":"https:\/\/www.laboratoireslelegard.com\/?page_id=3"},"modified":"2023-07-24T09:54:00","modified_gmt":"2023-07-24T07:54:00","slug":"politica-de-privacidad","status":"publish","type":"page","link":"https:\/\/www.laboratoireslelegard.com\/es\/politica-de-privacidad\/","title":{"rendered":"Pol\u00edtica de privacidad"},"content":{"rendered":"<h2 class=\"wp-block-heading\">\u00bfQui\u00e9nes somos?<\/h2><p>Laboratoires Lel\u00e9gard SASU es un laboratorio dedicado al dise\u00f1o, la fabricaci\u00f3n y la validaci\u00f3n de productos cosm\u00e9ticos, as\u00ed como un organismo de formaci\u00f3n registrado con el n\u00famero 84030393603. Este registro no equivale a una acreditaci\u00f3n estatal.<\/p>\r\n<p>La direcci\u00f3n de nuestro sitio web es: https:\/\/www.laboratoireslelegard.com.<\/p><h2 class=\"wp-block-heading\">Comentarios<\/h2><p>Cuando deja un comentario en nuestro sitio web, se recopilan los datos introducidos en el formulario de comentarios, as\u00ed como su direcci\u00f3n IP y el agente de usuario de su navegador, para ayudarnos a detectar comentarios indeseables.<\/p><p>Una cadena an\u00f3nima creada a partir de su direcci\u00f3n de correo electr\u00f3nico (tambi\u00e9n llamada hash) puede enviarse al servicio Gravatar para verificar si lo utiliza. Las cl\u00e1usulas de confidencialidad del servicio Gravatar est\u00e1n disponibles aqu\u00ed: https:\/\/automattic.com\/privacy\/. Una vez validado su comentario, su foto de perfil ser\u00e1 visible p\u00fablicamente junto a su comentario.<\/p><h2 class=\"wp-block-heading\">Medios de comunicaci\u00f3n<\/h2><p>Si sube im\u00e1genes al sitio web, le recomendamos que evite subir im\u00e1genes que contengan datos EXIF de coordenadas GPS. Las personas que visiten su sitio web pueden descargar y extraer datos de ubicaci\u00f3n de estas im\u00e1genes.<\/p><h2 class=\"wp-block-heading\">Cookies<\/h2><p>Si deja un comentario en nuestro sitio web, se le pedir\u00e1 que registre su nombre, direcci\u00f3n de correo electr\u00f3nico y sitio web en cookies. Esto es \u00fanicamente para su comodidad, para que no tenga que introducir esta informaci\u00f3n si deja otro comentario m\u00e1s adelante. Estas cookies caducan al cabo de un a\u00f1o.<\/p><p>Si accede a la p\u00e1gina de inicio de sesi\u00f3n, se crear\u00e1 una cookie temporal para determinar si su navegador acepta cookies. No contiene datos personales y se eliminar\u00e1 autom\u00e1ticamente al cerrar el navegador.<\/p><p>Cuando inicie sesi\u00f3n, instalaremos una serie de cookies para registrar su informaci\u00f3n de inicio de sesi\u00f3n y sus preferencias de pantalla. La duraci\u00f3n de una cookie de inicio de sesi\u00f3n es de dos d\u00edas, mientras que la de una cookie de opciones de pantalla es de un a\u00f1o. Si marca \u00abRecordarme\u00bb, su cookie de inicio de sesi\u00f3n se conservar\u00e1 durante dos semanas. Si cierra sesi\u00f3n en su cuenta, la cookie de inicio de sesi\u00f3n se borrar\u00e1.<\/p><p>Al modificar o publicar una publicaci\u00f3n, se guardar\u00e1 una cookie adicional en su navegador. Esta cookie no contiene ning\u00fan dato personal. Simplemente indica el ID de la publicaci\u00f3n que acaba de modificar. Caduca al cabo de un d\u00eda.<\/p><h2 class=\"wp-block-heading\">Contenido incorporado desde otros sitios web<\/h2><p>Los art\u00edculos de este sitio web pueden incluir contenidos integrados (por ejemplo, v\u00eddeos, im\u00e1genes, art\u00edculos, etc.). El contenido integrado desde otros sitios web se comporta de la misma manera que si el visitante visitara ese otro sitio web.<\/p><p>Estos sitios web podr\u00edan recopilar datos sobre usted, utilizar cookies, incorporar herramientas de seguimiento de terceros, realizar un seguimiento de sus interacciones con estos contenidos incorporados si dispone de una cuenta conectada en su sitio web.<\/p><h2 class=\"wp-block-heading\">Uso y transmisi\u00f3n de sus datos personales<\/h2><p><strong class=\"privacy-policy-tutorial\">Texto sugerido: <\/strong>Si solicita un restablecimiento de su contrase\u00f1a, su direcci\u00f3n IP se incluir\u00e1 en el correo electr\u00f3nico de restablecimiento.<\/p><h2 class=\"wp-block-heading\">Duraci\u00f3n del almacenamiento de sus datos<\/h2><p><strong class=\"privacy-policy-tutorial\">\u00a0<\/strong>Si deja un comentario, el comentario y sus metadatos se conservan indefinidamente. Esto permite reconocer y aprobar autom\u00e1ticamente los comentarios siguientes en lugar de dejarlos en la cola de moderaci\u00f3n.<\/p><p>Para las cuentas que se registran en nuestro sitio web (si procede), tambi\u00e9n almacenamos los datos personales indicados en su perfil. Todas las cuentas pueden ver, modificar o eliminar su informaci\u00f3n personal en cualquier momento (excepto su nombre de usuario). Los administradores del sitio web tambi\u00e9n pueden ver y modificar esta informaci\u00f3n.<\/p><h2 class=\"wp-block-heading\">Los derechos que usted tiene sobre sus datos<\/h2><p>Si tiene una cuenta o ha dejado comentarios en el sitio web, puede solicitar recibir un archivo con todos los datos personales que tenemos sobre usted, incluidos los que nos ha proporcionado. Tambi\u00e9n puede solicitar la eliminaci\u00f3n de sus datos personales. Esto no incluye los datos almacenados con fines administrativos, legales o por motivos de seguridad.<\/p><h2 class=\"wp-block-heading\">D\u00f3nde se env\u00edan sus datos<\/h2><p>Los comentarios de los visitantes pueden verificarse mediante un servicio automatizado de detecci\u00f3n de comentarios no deseados.<\/p>","protected":false},"excerpt":{"rendered":"<p>Qui sommes-nous\u00a0? Laboratoires Lel\u00e9gard SASU est un laboratoire de conception de fabrication et de validation de produits cosm\u00e9tiques c&rsquo;est \u00e9galement un organisme de formation enregistr\u00e9 sous le num\u00e9ro 84030393603. Cet enregistrement ne vaut pas agr\u00e9ment de l\u2019\u00c9tat L\u2019adresse de notre site est\u00a0: https:\/\/www.laboratoireslelegard.com. Commentaires Quand vous laissez un commentaire sur notre site, les donn\u00e9es inscrites [&hellip;]<\/p>","protected":false},"author":1,"featured_media":0,"parent":0,"menu_order":0,"comment_status":"closed","ping_status":"closed","template":"","meta":{"_acf_changed":false,"footnotes":""},"class_list":["post-3","page","type-page","status-publish","hentry"],"acf":[],"yoast_head":"<!-- This site is optimized with the Yoast SEO plugin v24.6 - https:\/\/yoast.com\/wordpress\/plugins\/seo\/ -->\n<title>Politique de confidentialit\u00e9 - Laboratoires Lel\u00e9gard<\/title>\n<meta name=\"description\" content=\"Laboratoires Lel\u00e9gard est un organisme de formation enregistr\u00e9 sous le num\u00e9ro 84030393603. Cet enregistrement ne vaut pas agr\u00e9ment de l\u2019\u00c9tat\" \/>\n<meta name=\"robots\" content=\"index, follow, max-snippet:-1, max-image-preview:large, max-video-preview:-1\" \/>\n<link rel=\"canonical\" href=\"https:\/\/www.laboratoireslelegard.com\/es\/politica-de-privacidad\/\" \/>\n<meta property=\"og:locale\" content=\"es_ES\" \/>\n<meta property=\"og:type\" content=\"article\" \/>\n<meta property=\"og:title\" content=\"Politique de confidentialit\u00e9 - Laboratoires Lel\u00e9gard\" \/>\n<meta property=\"og:description\" content=\"Laboratoires Lel\u00e9gard est un organisme de formation enregistr\u00e9 sous le num\u00e9ro 84030393603. Cet enregistrement ne vaut pas agr\u00e9ment de l\u2019\u00c9tat\" \/>\n<meta property=\"og:url\" content=\"https:\/\/www.laboratoireslelegard.com\/es\/politica-de-privacidad\/\" \/>\n<meta property=\"og:site_name\" content=\"Laboratoires Lel\u00e9gard\" \/>\n<meta property=\"article:modified_time\" content=\"2023-07-24T07:54:00+00:00\" \/>\n<meta name=\"twitter:card\" content=\"summary_large_image\" \/>\n<meta name=\"twitter:label1\" content=\"Tiempo de lectura\" \/>\n\t<meta name=\"twitter:data1\" content=\"4 minutos\" \/>\n<script type=\"application\/ld+json\" class=\"yoast-schema-graph\">{\"@context\":\"https:\/\/schema.org\",\"@graph\":[{\"@type\":\"WebPage\",\"@id\":\"https:\/\/www.laboratoireslelegard.com\/politique-de-confidentialite\/\",\"url\":\"https:\/\/www.laboratoireslelegard.com\/politique-de-confidentialite\/\",\"name\":\"Politique de confidentialit\u00e9 - Laboratoires Lel\u00e9gard\",\"isPartOf\":{\"@id\":\"https:\/\/www.laboratoireslelegard.com\/#website\"},\"datePublished\":\"2022-10-26T19:55:50+00:00\",\"dateModified\":\"2023-07-24T07:54:00+00:00\",\"description\":\"Laboratoires Lel\u00e9gard est un organisme de formation enregistr\u00e9 sous le num\u00e9ro 84030393603. Cet enregistrement ne vaut pas agr\u00e9ment de l\u2019\u00c9tat\",\"breadcrumb\":{\"@id\":\"https:\/\/www.laboratoireslelegard.com\/politique-de-confidentialite\/#breadcrumb\"},\"inLanguage\":\"es\",\"potentialAction\":[{\"@type\":\"ReadAction\",\"target\":[\"https:\/\/www.laboratoireslelegard.com\/politique-de-confidentialite\/\"]}]},{\"@type\":\"BreadcrumbList\",\"@id\":\"https:\/\/www.laboratoireslelegard.com\/politique-de-confidentialite\/#breadcrumb\",\"itemListElement\":[{\"@type\":\"ListItem\",\"position\":1,\"name\":\"Accueil\",\"item\":\"https:\/\/www.laboratoireslelegard.com\/\"},{\"@type\":\"ListItem\",\"position\":2,\"name\":\"Politique de confidentialit\u00e9\"}]},{\"@type\":\"WebSite\",\"@id\":\"https:\/\/www.laboratoireslelegard.com\/#website\",\"url\":\"https:\/\/www.laboratoireslelegard.com\/\",\"name\":\"Laboratoires Lel\u00e9gard\",\"description\":\"SERVICE DE REGLEMENTATION ET TOXICOLOGIE\",\"publisher\":{\"@id\":\"https:\/\/www.laboratoireslelegard.com\/#organization\"},\"potentialAction\":[{\"@type\":\"SearchAction\",\"target\":{\"@type\":\"EntryPoint\",\"urlTemplate\":\"https:\/\/www.laboratoireslelegard.com\/?s={search_term_string}\"},\"query-input\":{\"@type\":\"PropertyValueSpecification\",\"valueRequired\":true,\"valueName\":\"search_term_string\"}}],\"inLanguage\":\"es\"},{\"@type\":\"Organization\",\"@id\":\"https:\/\/www.laboratoireslelegard.com\/#organization\",\"name\":\"Laboratoires Lel\u00e9gard\",\"url\":\"https:\/\/www.laboratoireslelegard.com\/\",\"logo\":{\"@type\":\"ImageObject\",\"inLanguage\":\"es\",\"@id\":\"https:\/\/www.laboratoireslelegard.com\/#\/schema\/logo\/image\/\",\"url\":\"https:\/\/www.laboratoireslelegard.com\/wp-content\/uploads\/2022\/10\/labolelegard.svg\",\"contentUrl\":\"https:\/\/www.laboratoireslelegard.com\/wp-content\/uploads\/2022\/10\/labolelegard.svg\",\"width\":515,\"height\":116,\"caption\":\"Laboratoires Lel\u00e9gard\"},\"image\":{\"@id\":\"https:\/\/www.laboratoireslelegard.com\/#\/schema\/logo\/image\/\"}}]}<\/script>\n<!-- \/ Yoast SEO plugin. -->","yoast_head_json":{"title":"Pol\u00edtica de privacidad - Laboratorios Lel\u00e9gard","description":"Laboratoires Lel\u00e9gard es un organismo de formaci\u00f3n registrado con el n\u00famero 84030393603. Este registro no equivale a una acreditaci\u00f3n estatal.","robots":{"index":"index","follow":"follow","max-snippet":"max-snippet:-1","max-image-preview":"max-image-preview:large","max-video-preview":"max-video-preview:-1"},"canonical":"https:\/\/www.laboratoireslelegard.com\/es\/politica-de-privacidad\/","og_locale":"es_ES","og_type":"article","og_title":"Politique de confidentialit\u00e9 - Laboratoires Lel\u00e9gard","og_description":"Laboratoires Lel\u00e9gard est un organisme de formation enregistr\u00e9 sous le num\u00e9ro 84030393603. Cet enregistrement ne vaut pas agr\u00e9ment de l\u2019\u00c9tat","og_url":"https:\/\/www.laboratoireslelegard.com\/es\/politica-de-privacidad\/","og_site_name":"Laboratoires Lel\u00e9gard","article_modified_time":"2023-07-24T07:54:00+00:00","twitter_card":"summary_large_image","twitter_misc":{"Tiempo de lectura":"4 minutos"},"schema":{"@context":"https:\/\/schema.org","@graph":[{"@type":"WebPage","@id":"https:\/\/www.laboratoireslelegard.com\/politique-de-confidentialite\/","url":"https:\/\/www.laboratoireslelegard.com\/politique-de-confidentialite\/","name":"Pol\u00edtica de privacidad - Laboratorios Lel\u00e9gard","isPartOf":{"@id":"https:\/\/www.laboratoireslelegard.com\/#website"},"datePublished":"2022-10-26T19:55:50+00:00","dateModified":"2023-07-24T07:54:00+00:00","description":"Laboratoires Lel\u00e9gard es un organismo de formaci\u00f3n registrado con el n\u00famero 84030393603. Este registro no equivale a una acreditaci\u00f3n estatal.","breadcrumb":{"@id":"https:\/\/www.laboratoireslelegard.com\/politique-de-confidentialite\/#breadcrumb"},"inLanguage":"es","potentialAction":[{"@type":"ReadAction","target":["https:\/\/www.laboratoireslelegard.com\/politique-de-confidentialite\/"]}]},{"@type":"BreadcrumbList","@id":"https:\/\/www.laboratoireslelegard.com\/politique-de-confidentialite\/#breadcrumb","itemListElement":[{"@type":"ListItem","position":1,"name":"Accueil","item":"https:\/\/www.laboratoireslelegard.com\/"},{"@type":"ListItem","position":2,"name":"Politique de confidentialit\u00e9"}]},{"@type":"WebSite","@id":"https:\/\/www.laboratoireslelegard.com\/#website","url":"https:\/\/www.laboratoireslelegard.com\/","name":"Laboratorios Lel\u00e9gard","description":"SERVICIO DE REGULACI\u00d3N Y TOXICOLOG\u00cdA","publisher":{"@id":"https:\/\/www.laboratoireslelegard.com\/#organization"},"potentialAction":[{"@type":"SearchAction","target":{"@type":"EntryPoint","urlTemplate":"https:\/\/www.laboratoireslelegard.com\/?s={search_term_string}"},"query-input":{"@type":"PropertyValueSpecification","valueRequired":true,"valueName":"search_term_string"}}],"inLanguage":"es"},{"@type":"Organization","@id":"https:\/\/www.laboratoireslelegard.com\/#organization","name":"Laboratorios Lel\u00e9gard","url":"https:\/\/www.laboratoireslelegard.com\/","logo":{"@type":"ImageObject","inLanguage":"es","@id":"https:\/\/www.laboratoireslelegard.com\/#\/schema\/logo\/image\/","url":"https:\/\/www.laboratoireslelegard.com\/wp-content\/uploads\/2022\/10\/labolelegard.svg","contentUrl":"https:\/\/www.laboratoireslelegard.com\/wp-content\/uploads\/2022\/10\/labolelegard.svg","width":515,"height":116,"caption":"Laboratoires Lel\u00e9gard"},"image":{"@id":"https:\/\/www.laboratoireslelegard.com\/#\/schema\/logo\/image\/"}}]}},"_links":{"self":[{"href":"https:\/\/www.laboratoireslelegard.com\/es\/wp-json\/wp\/v2\/pages\/3","targetHints":{"allow":["GET"]}}],"collection":[{"href":"https:\/\/www.laboratoireslelegard.com\/es\/wp-json\/wp\/v2\/pages"}],"about":[{"href":"https:\/\/www.laboratoireslelegard.com\/es\/wp-json\/wp\/v2\/types\/page"}],"author":[{"embeddable":true,"href":"https:\/\/www.laboratoireslelegard.com\/es\/wp-json\/wp\/v2\/users\/1"}],"replies":[{"embeddable":true,"href":"https:\/\/www.laboratoireslelegard.com\/es\/wp-json\/wp\/v2\/comments?post=3"}],"version-history":[{"count":5,"href":"https:\/\/www.laboratoireslelegard.com\/es\/wp-json\/wp\/v2\/pages\/3\/revisions"}],"predecessor-version":[{"id":1406,"href":"https:\/\/www.laboratoireslelegard.com\/es\/wp-json\/wp\/v2\/pages\/3\/revisions\/1406"}],"wp:attachment":[{"href":"https:\/\/www.laboratoireslelegard.com\/es\/wp-json\/wp\/v2\/media?parent=3"}],"curies":[{"name":"wp","href":"https:\/\/api.w.org\/{rel}","templated":true}]}}