{"id":157,"date":"2022-11-04T12:56:29","date_gmt":"2022-11-04T11:56:29","guid":{"rendered":"https:\/\/www.laboratoireslelegard.com\/demande-de-devis\/"},"modified":"2023-04-25T14:54:37","modified_gmt":"2023-04-25T12:54:37","slug":"solicitud-de-presupuesto","status":"publish","type":"page","link":"https:\/\/www.laboratoireslelegard.com\/es\/solicitud-de-presupuesto\/","title":{"rendered":"Solicitar un presupuesto"},"content":{"rendered":"<div data-elementor-type=\"wp-page\" data-elementor-id=\"157\" class=\"elementor elementor-157\" data-elementor-post-type=\"page\">\n\t\t\t\t\t\t<section class=\"elementor-section elementor-top-section elementor-element elementor-element-7b523035 elementor-section-full_width elementor-section-height-default elementor-section-height-default\" data-id=\"7b523035\" data-element_type=\"section\">\n\t\t\t\t\t\t<div class=\"elementor-container elementor-column-gap-default\">\n\t\t\t\t\t<div class=\"elementor-column elementor-col-100 elementor-top-column elementor-element elementor-element-59ea2696\" data-id=\"59ea2696\" data-element_type=\"column\">\n\t\t\t<div class=\"elementor-widget-wrap elementor-element-populated\">\n\t\t\t\t\t\t<div class=\"elementor-element elementor-element-41200990 elementor-widget elementor-widget-text-editor\" data-id=\"41200990\" data-element_type=\"widget\" data-widget_type=\"text-editor.default\">\n\t\t\t\t<div class=\"elementor-widget-container\">\n\t\t\t\t\t\t\t\t\t<p><div class=\"wpforms-container wpforms-container-full\" id=\"wpforms-218\"><form id=\"wpforms-form-218\" class=\"wpforms-validate wpforms-form wpforms-ajax-form\" data-formid=\"218\" method=\"post\" enctype=\"multipart\/form-data\" action=\"\/es\/wp-json\/wp\/v2\/pages\/157?wpforms_form_id=218\" data-token=\"8b2f64dea5b0c16092c30ad16ad797be\" data-trp-original-action=\"\/es\/wp-json\/wp\/v2\/pages\/157?wpforms_form_id=218\"><noscript class=\"wpforms-error-noscript\">Por favor, activa JavaScript en tu navegador para completar este formulario.<\/noscript><div class=\"wpforms-page-indicator progress\" data-indicator=\"progress\" data-indicator-color=\"#4db6c2\" data-scroll=\"1\"><span class=\"wpforms-page-indicator-page-title\" ><\/span><span class=\"wpforms-page-indicator-page-title-sep\" style=\"display:none;\"> &#8211; <\/span><span class=\"wpforms-page-indicator-steps\">Step <span class=\"wpforms-page-indicator-steps-current\">1<\/span> of 2<\/span><div class=\"wpforms-page-indicator-page-progress-wrap\"><div class=\"wpforms-page-indicator-page-progress\" style=\"width:50%;background-color:#4db6c2\"><\/div><\/div><\/div><div class=\"wpforms-field-container\"><div class=\"wpforms-page wpforms-page-1\"><div id=\"wpforms-218-field_14-container\" class=\"wpforms-field wpforms-field-pagebreak\" data-field-id=\"14\"><\/div><div id=\"wpforms-218-field_1-container\" class=\"wpforms-field wpforms-field-text\" data-field-id=\"1\"><label class=\"wpforms-field-label\" for=\"wpforms-218-field_1\">Nombre y apellidos <span class=\"wpforms-required-label\">*<\/span><\/label><input type=\"text\" id=\"wpforms-218-field_1\" class=\"wpforms-field-medium wpforms-field-required\" name=\"wpforms[fields][1]\" required><\/div><div id=\"wpforms-218-field_16-container\" class=\"wpforms-field wpforms-field-text\" data-field-id=\"16\"><label class=\"wpforms-field-label\" for=\"wpforms-218-field_16\">Nombre de la empresa<\/label><input type=\"text\" id=\"wpforms-218-field_16\" class=\"wpforms-field-medium\" name=\"wpforms[fields][16]\" ><\/div><div id=\"wpforms-218-field_17-container\" class=\"wpforms-field wpforms-field-text\" data-field-id=\"17\"><label class=\"wpforms-field-label\" for=\"wpforms-218-field_17\">SIRET<\/label><input type=\"text\" id=\"wpforms-218-field_17\" class=\"wpforms-field-medium wpforms-masked-input\" data-rule-inputmask-incomplete=\"1\" data-inputmask-mask=\"99999999999999\" name=\"wpforms[fields][17]\" ><\/div><div id=\"wpforms-218-field_18-container\" class=\"wpforms-field wpforms-field-text\" data-field-id=\"18\"><label class=\"wpforms-field-label\" for=\"wpforms-218-field_18\">Direcci\u00f3n<\/label><input type=\"text\" id=\"wpforms-218-field_18\" class=\"wpforms-field-medium\" name=\"wpforms[fields][18]\" ><\/div><div id=\"wpforms-218-field_4-container\" class=\"wpforms-field wpforms-field-email\" data-field-id=\"4\"><label class=\"wpforms-field-label\" for=\"wpforms-218-field_4\">Correo electr\u00f3nico <span class=\"wpforms-required-label\">*<\/span><\/label><input type=\"email\" id=\"wpforms-218-field_4\" class=\"wpforms-field-medium wpforms-field-required\" name=\"wpforms[fields][4]\" required><\/div><div id=\"wpforms-218-field_5-container\" class=\"wpforms-field wpforms-field-phone\" data-field-id=\"5\"><label class=\"wpforms-field-label\" for=\"wpforms-218-field_5\">Tel\u00e9fono <span class=\"wpforms-required-label\">*<\/span><\/label><input type=\"tel\" id=\"wpforms-218-field_5\" class=\"wpforms-field-medium wpforms-field-required wpforms-smart-phone-field\" data-rule-smart-phone-field=\"true\" name=\"wpforms[fields][5]\" required><\/div><div id=\"wpforms-218-field_13-container\" class=\"wpforms-field wpforms-field-pagebreak\" data-field-id=\"13\"><div class=\"wpforms-clear wpforms-pagebreak-left\"><button class=\"wpforms-page-button wpforms-page-next\" data-action=\"next\" data-page=\"1\" data-formid=\"218\" disabled>Siguiente<\/button><\/div><\/div><\/div><div class=\"wpforms-page wpforms-page-2 last\" style=\"display:none;\"><div id=\"wpforms-218-field_19-container\" class=\"wpforms-field wpforms-field-checkbox\" data-field-id=\"19\"><label class=\"wpforms-field-label\" for=\"wpforms-218-field_19\">\u00bfQu\u00e9 servicios le interesan?<\/label><ul id=\"wpforms-218-field_19\"><li class=\"choice-0 depth-1\"><input type=\"checkbox\" id=\"wpforms-218-field_19_0\" name=\"wpforms[fields][19][]\" value=\"260\"  ><label class=\"wpforms-field-label-inline\" for=\"wpforms-218-field_19_0\"> Fabricaci\u00f3n de productos cosm\u00e9ticos a medida<\/label><\/li><li class=\"choice-1 depth-1\"><input type=\"checkbox\" id=\"wpforms-218-field_19_1\" name=\"wpforms[fields][19][]\" value=\"254\"  ><label class=\"wpforms-field-label-inline\" for=\"wpforms-218-field_19_1\"> Fabricaci\u00f3n de productos cosm\u00e9ticos de marca blanca<\/label><\/li><li class=\"choice-2 depth-1\"><input type=\"checkbox\" id=\"wpforms-218-field_19_2\" name=\"wpforms[fields][19][]\" value=\"155\"  ><label class=\"wpforms-field-label-inline\" for=\"wpforms-218-field_19_2\"> Formulaci\u00f3n seg\u00fan especificaciones t\u00e9cnicas<\/label><\/li><li class=\"choice-3 depth-1\"><input type=\"checkbox\" id=\"wpforms-218-field_19_3\" name=\"wpforms[fields][19][]\" value=\"267\"  ><label class=\"wpforms-field-label-inline\" for=\"wpforms-218-field_19_3\"> Cumplimiento normativo de los productos dom\u00e9sticos<\/label><\/li><li class=\"choice-4 depth-1\"><input type=\"checkbox\" id=\"wpforms-218-field_19_4\" name=\"wpforms[fields][19][]\" value=\"261\"  ><label class=\"wpforms-field-label-inline\" for=\"wpforms-218-field_19_4\"> Redacci\u00f3n y evaluaci\u00f3n de expedientes cosm\u00e9ticos (DIP)<\/label><\/li><\/ul><\/div><div id=\"wpforms-218-field_20-container\" class=\"wpforms-field wpforms-field-checkbox\" data-field-id=\"20\"><label class=\"wpforms-field-label\" for=\"wpforms-218-field_20\">\u00bfQu\u00e9 cursos te interesan?<\/label><ul id=\"wpforms-218-field_20\"><li class=\"choice-0 depth-1\"><input type=\"checkbox\" id=\"wpforms-218-field_20_0\" name=\"wpforms[fields][20][]\" value=\"399\"  ><label class=\"wpforms-field-label-inline\" for=\"wpforms-218-field_20_0\"> Formaci\u00f3n completa para fabricantes de jab\u00f3n<\/label><\/li><li class=\"choice-1 depth-1\"><input type=\"checkbox\" id=\"wpforms-218-field_20_1\" name=\"wpforms[fields][20][]\" value=\"397\"  ><label class=\"wpforms-field-label-inline\" for=\"wpforms-218-field_20_1\"> Formaci\u00f3n en elaboraci\u00f3n de perfumes<\/label><\/li><li class=\"choice-2 depth-1\"><input type=\"checkbox\" id=\"wpforms-218-field_20_2\" name=\"wpforms[fields][20][]\" value=\"393\"  ><label class=\"wpforms-field-label-inline\" for=\"wpforms-218-field_20_2\"> Formaci\u00f3n en fabricaci\u00f3n y elaboraci\u00f3n de jabones<\/label><\/li><li class=\"choice-3 depth-1\"><input type=\"checkbox\" id=\"wpforms-218-field_20_3\" name=\"wpforms[fields][20][]\" value=\"389\"  ><label class=\"wpforms-field-label-inline\" for=\"wpforms-218-field_20_3\"> Formaci\u00f3n Instalaci\u00f3n de mi jaboner\u00eda<\/label><\/li><li class=\"choice-4 depth-1\"><input type=\"checkbox\" id=\"wpforms-218-field_20_4\" name=\"wpforms[fields][20][]\" value=\"395\"  ><label class=\"wpforms-field-label-inline\" for=\"wpforms-218-field_20_4\"> Formaci\u00f3n sobre normativa cosm\u00e9tica y redacci\u00f3n del DIP<\/label><\/li><\/ul><\/div><div id=\"wpforms-218-field_12-container\" class=\"wpforms-field wpforms-field-richtext wpforms-field-richtext-media-enabled\" data-field-id=\"12\"><label class=\"wpforms-field-label\" for=\"wpforms-218-field_12\">Descripci\u00f3n de su solicitud <span class=\"wpforms-required-label\">*<\/span><\/label><div id=\"wp-wpforms-218-field_12-wrap\" class=\"wp-core-ui wp-editor-wrap tmce-active\"><link rel='stylesheet' id='dashicons-css' href='https:\/\/www.laboratoireslelegard.com\/wp-includes\/css\/dashicons.min.css?ver=6.9.4' type='text\/css' media='all' \/>\n<link rel='stylesheet' id='editor-buttons-css' href='https:\/\/www.laboratoireslelegard.com\/wp-includes\/css\/editor.min.css?ver=6.9.4' type='text\/css' media='all' \/>\n<style>.wpforms-field-richtext .insert-media.add_media { display: none !important; }<\/style>\n<div id=\"wp-wpforms-218-field_12-editor-tools\" class=\"wp-editor-tools hide-if-no-js\"><div id=\"wp-wpforms-218-field_12-media-buttons\" class=\"wp-media-buttons\"><button type=\"button\" id=\"insert-media-button\" class=\"button insert-media add_media\" data-editor=\"wpforms-218-field_12\" aria-haspopup=\"dialog\" aria-controls=\"wp-media-modal\"><span class=\"wp-media-buttons-icon\" aria-hidden=\"true\"><\/span> A\u00f1adir medios<\/button><\/div>\n<div class=\"wp-editor-tabs\"><button type=\"button\" id=\"wpforms-218-field_12-tmce\" aria-pressed=\"true\" class=\"wp-switch-editor switch-tmce\" data-wp-editor-id=\"wpforms-218-field_12\">Visual<\/button>\n<button type=\"button\" id=\"wpforms-218-field_12-html\" class=\"wp-switch-editor switch-html\" data-wp-editor-id=\"wpforms-218-field_12\">C\u00f3digo<\/button>\n<\/div>\n<\/div>\n<div id=\"wp-wpforms-218-field_12-editor-container\" class=\"wp-editor-container\"><div id=\"qt_wpforms-218-field_12_toolbar\" class=\"quicktags-toolbar hide-if-no-js\"><\/div><textarea class=\"wpforms-field-required wp-editor-area\" style=\"height: 120px\" autocomplete=\"off\" cols=\"40\" name=\"wpforms[fields][12]\" id=\"wpforms-218-field_12\"><\/textarea><\/div>\n<\/div>\n\n<div class=\"wpforms-field-description\">Especifique sus expectativas, los productos que desea, la formaci\u00f3n que necesita o cualquier otro elemento que considere relevante para que podamos ofrecerle una propuesta que se adapte realmente a sus necesidades.<\/div><\/div><div id=\"wpforms-218-field_11-container\" class=\"wpforms-field wpforms-field-file-upload\" data-field-id=\"11\"><label class=\"wpforms-field-label\" for=\"wpforms-218-field_11\">Adjuntar archivos<\/label><div\n\t\tclass=\"wpforms-uploader\"\n\t\tdata-field-id=\"11\"\n\t\tdata-form-id=\"218\"\n\t\tdata-input-name=\"wpforms_218_11\"\n\t\tdata-extensions=\"tar,7z,zip,rar,png,jpg,jpeg,pdf,docx,pptx,xlsx,xls,csv,bmp,webp\"\n\t\tdata-max-size=\"104857600\"\n\t\tdata-max-file-number=\"10\"\n\t\tdata-post-max-size=\"536870912\"\n\t\tdata-max-parallel-uploads=\"4\"\n\t\tdata-parallel-uploads=\"true\"\n\t\tdata-file-chunk-size=\"2097152\">\n\t<div class=\"dz-message\">\n\t\t<svg viewbox=\"0 0 1024 1024\" focusable=\"false\" data-icon=\"inbox\" width=\"50px\" height=\"50px\" fill=\"#b1b1b1\" aria-hidden=\"true\">\n\t\t\t<path d=\"M885.2 446.3l-.2-.8-112.2-285.1c-5-16.1-19.9-27.2-36.8-27.2H281.2c-17 0-32.1 11.3-36.9 27.6L139.4 443l-.3.7-.2.8c-1.3 4.9-1.7 9.9-1 14.8-.1 1.6-.2 3.2-.2 4.8V830a60.9 60.9 0 0 0 60.8 60.8h627.2c33.5 0 60.8-27.3 60.9-60.8V464.1c0-1.3 0-2.6-.1-3.7.4-4.9 0-9.6-1.3-14.1zm-295.8-43l-.3 15.7c-.8 44.9-31.8 75.1-77.1 75.1-22.1 0-41.1-7.1-54.8-20.6S436 441.2 435.6 419l-.3-15.7H229.5L309 210h399.2l81.7 193.3H589.4zm-375 76.8h157.3c24.3 57.1 76 90.8 140.4 90.8 33.7 0 65-9.4 90.3-27.2 22.2-15.6 39.5-37.4 50.7-63.6h156.5V814H214.4V480.1z\"><\/path>\n\t\t<\/svg>\n\t\t<span class=\"modern-title\">Click or drag files to this area to upload.<\/span>\n\n\t\t\t\t\t<span class=\"modern-hint\">You can upload up to 10 files.<\/span>\n\t\t\t<\/div>\n<\/div>\n<input\n\t\ttype=\"text\"\n\t\tautocomplete=\"off\"\n\t\tclass=\"dropzone-input\"\n\t\tstyle=\"position:absolute!important;clip:rect(0,0,0,0)!important;height:1px!important;width:1px!important;border:0!important;overflow:hidden!important;padding:0!important;margin:0!important;\"\n\t\tid=\"wpforms-218-field_11\"\n\t\tname=\"wpforms_218_11\" \t\tvalue=\"\">\n<div class=\"wpforms-field-description\">No dude en adjuntar todos los documentos que considere necesarios para una correcta comprensi\u00f3n de su proyecto.<\/div><\/div><div id=\"wpforms-218-field_15-container\" class=\"wpforms-field wpforms-field-pagebreak\" data-field-id=\"15\"><div class=\"wpforms-clear wpforms-pagebreak-left\"><button class=\"wpforms-page-button wpforms-page-prev\" data-action=\"prev\" data-page=\"2\" data-formid=\"218\" disabled>Anterior<\/button><\/div><\/div><\/div><\/div><div class=\"wpforms-recaptcha-container wpforms-is-hcaptcha\" style=\"display:none;\"><div class=\"g-recaptcha\" data-sitekey=\"64ee5906-5c7b-46d3-af65-2bef4a920d4b\"><\/div><input type=\"text\" name=\"g-recaptcha-hidden\" class=\"wpforms-recaptcha-hidden\" style=\"position:absolute!important;clip:rect(0,0,0,0)!important;height:1px!important;width:1px!important;border:0!important;overflow:hidden!important;padding:0!important;margin:0!important;\" required><\/div><div class=\"wpforms-submit-container\" style=\"display:none;\"><input type=\"hidden\" name=\"wpforms[id]\" value=\"218\"><input type=\"hidden\" name=\"wpforms[author]\" value=\"1\"><button type=\"submit\" name=\"wpforms[submit]\" id=\"wpforms-submit-218\" class=\"wpforms-submit\" data-alt-text=\"Envoi en cours...\" data-submit-text=\"Envoyer la demande de devis\" aria-live=\"assertive\" value=\"wpforms-submit\">Enviar la solicitud de presupuesto<\/button><img decoding=\"async\" src=\"https:\/\/www.laboratoireslelegard.com\/wp-content\/plugins\/wpforms\/assets\/images\/submit-spin.svg\" class=\"wpforms-submit-spinner\" style=\"display: none;\" width=\"26\" height=\"26\" alt=\"Cargando\"><\/div><input type=\"hidden\" name=\"trp-form-language\" value=\"es\"\/><\/form><\/div>  <!-- .wpforms-container --><\/p>\t\t\t\t\t\t\t\t<\/div>\n\t\t\t\t<\/div>\n\t\t\t\t\t<\/div>\n\t\t<\/div>\n\t\t\t\t\t<\/div>\n\t\t<\/section>\n\t\t\t\t<\/div>","protected":false},"excerpt":{"rendered":"","protected":false},"author":1,"featured_media":0,"parent":0,"menu_order":0,"comment_status":"closed","ping_status":"closed","template":"template-fullwidth.php","meta":{"_acf_changed":false,"footnotes":""},"class_list":["post-157","page","type-page","status-publish","hentry"],"acf":[],"yoast_head":"<!-- This site is optimized with the Yoast SEO plugin v24.6 - https:\/\/yoast.com\/wordpress\/plugins\/seo\/ -->\n<title>Demander un devis - Laboratoires Lel\u00e9gard<\/title>\n<meta name=\"description\" content=\"Notre laboratoire formule, fabrique et \u00e9value vos produits cosm\u00e9tiques. Nous r\u00e9pondons \u00e0 vos attentes pour accompagner votre d\u00e9veloppement.\" \/>\n<meta name=\"robots\" content=\"index, follow, max-snippet:-1, max-image-preview:large, max-video-preview:-1\" \/>\n<link rel=\"canonical\" href=\"https:\/\/www.laboratoireslelegard.com\/es\/solicitud-de-presupuesto\/\" \/>\n<meta property=\"og:locale\" content=\"es_ES\" \/>\n<meta property=\"og:type\" content=\"article\" \/>\n<meta property=\"og:title\" content=\"Demander un devis - Laboratoires Lel\u00e9gard\" \/>\n<meta property=\"og:description\" content=\"Notre laboratoire formule, fabrique et \u00e9value vos produits cosm\u00e9tiques. Nous r\u00e9pondons \u00e0 vos attentes pour accompagner votre d\u00e9veloppement.\" \/>\n<meta property=\"og:url\" content=\"https:\/\/www.laboratoireslelegard.com\/es\/solicitud-de-presupuesto\/\" \/>\n<meta property=\"og:site_name\" content=\"Laboratoires Lel\u00e9gard\" \/>\n<meta property=\"article:modified_time\" content=\"2023-04-25T12:54:37+00:00\" \/>\n<meta name=\"twitter:card\" content=\"summary_large_image\" \/>\n<meta name=\"twitter:label1\" content=\"Tiempo de lectura\" \/>\n\t<meta name=\"twitter:data1\" content=\"1 minuto\" \/>\n<script type=\"application\/ld+json\" class=\"yoast-schema-graph\">{\"@context\":\"https:\/\/schema.org\",\"@graph\":[{\"@type\":\"WebPage\",\"@id\":\"https:\/\/www.laboratoireslelegard.com\/demande-de-devis\/\",\"url\":\"https:\/\/www.laboratoireslelegard.com\/demande-de-devis\/\",\"name\":\"Demander un devis - Laboratoires Lel\u00e9gard\",\"isPartOf\":{\"@id\":\"https:\/\/www.laboratoireslelegard.com\/#website\"},\"datePublished\":\"2022-11-04T11:56:29+00:00\",\"dateModified\":\"2023-04-25T12:54:37+00:00\",\"description\":\"Notre laboratoire formule, fabrique et \u00e9value vos produits cosm\u00e9tiques. Nous r\u00e9pondons \u00e0 vos attentes pour accompagner votre d\u00e9veloppement.\",\"breadcrumb\":{\"@id\":\"https:\/\/www.laboratoireslelegard.com\/demande-de-devis\/#breadcrumb\"},\"inLanguage\":\"es\",\"potentialAction\":[{\"@type\":\"ReadAction\",\"target\":[\"https:\/\/www.laboratoireslelegard.com\/demande-de-devis\/\"]}]},{\"@type\":\"BreadcrumbList\",\"@id\":\"https:\/\/www.laboratoireslelegard.com\/demande-de-devis\/#breadcrumb\",\"itemListElement\":[{\"@type\":\"ListItem\",\"position\":1,\"name\":\"Accueil\",\"item\":\"https:\/\/www.laboratoireslelegard.com\/\"},{\"@type\":\"ListItem\",\"position\":2,\"name\":\"Demander un devis\"}]},{\"@type\":\"WebSite\",\"@id\":\"https:\/\/www.laboratoireslelegard.com\/#website\",\"url\":\"https:\/\/www.laboratoireslelegard.com\/\",\"name\":\"Laboratoires Lel\u00e9gard\",\"description\":\"SERVICE DE REGLEMENTATION ET TOXICOLOGIE\",\"publisher\":{\"@id\":\"https:\/\/www.laboratoireslelegard.com\/#organization\"},\"potentialAction\":[{\"@type\":\"SearchAction\",\"target\":{\"@type\":\"EntryPoint\",\"urlTemplate\":\"https:\/\/www.laboratoireslelegard.com\/?s={search_term_string}\"},\"query-input\":{\"@type\":\"PropertyValueSpecification\",\"valueRequired\":true,\"valueName\":\"search_term_string\"}}],\"inLanguage\":\"es\"},{\"@type\":\"Organization\",\"@id\":\"https:\/\/www.laboratoireslelegard.com\/#organization\",\"name\":\"Laboratoires Lel\u00e9gard\",\"url\":\"https:\/\/www.laboratoireslelegard.com\/\",\"logo\":{\"@type\":\"ImageObject\",\"inLanguage\":\"es\",\"@id\":\"https:\/\/www.laboratoireslelegard.com\/#\/schema\/logo\/image\/\",\"url\":\"https:\/\/www.laboratoireslelegard.com\/wp-content\/uploads\/2022\/10\/labolelegard.svg\",\"contentUrl\":\"https:\/\/www.laboratoireslelegard.com\/wp-content\/uploads\/2022\/10\/labolelegard.svg\",\"width\":515,\"height\":116,\"caption\":\"Laboratoires Lel\u00e9gard\"},\"image\":{\"@id\":\"https:\/\/www.laboratoireslelegard.com\/#\/schema\/logo\/image\/\"}}]}<\/script>\n<!-- \/ Yoast SEO plugin. -->","yoast_head_json":{"title":"Solicitar un presupuesto - Laboratorios Lel\u00e9gard","description":"Nuestro laboratorio formula, fabrica y eval\u00faa sus productos cosm\u00e9ticos. Respondemos a sus expectativas para acompa\u00f1arle en su desarrollo.","robots":{"index":"index","follow":"follow","max-snippet":"max-snippet:-1","max-image-preview":"max-image-preview:large","max-video-preview":"max-video-preview:-1"},"canonical":"https:\/\/www.laboratoireslelegard.com\/es\/solicitud-de-presupuesto\/","og_locale":"es_ES","og_type":"article","og_title":"Demander un devis - Laboratoires Lel\u00e9gard","og_description":"Notre laboratoire formule, fabrique et \u00e9value vos produits cosm\u00e9tiques. Nous r\u00e9pondons \u00e0 vos attentes pour accompagner votre d\u00e9veloppement.","og_url":"https:\/\/www.laboratoireslelegard.com\/es\/solicitud-de-presupuesto\/","og_site_name":"Laboratoires Lel\u00e9gard","article_modified_time":"2023-04-25T12:54:37+00:00","twitter_card":"summary_large_image","twitter_misc":{"Tiempo de lectura":"1 minuto"},"schema":{"@context":"https:\/\/schema.org","@graph":[{"@type":"WebPage","@id":"https:\/\/www.laboratoireslelegard.com\/demande-de-devis\/","url":"https:\/\/www.laboratoireslelegard.com\/demande-de-devis\/","name":"Solicitar un presupuesto - Laboratorios Lel\u00e9gard","isPartOf":{"@id":"https:\/\/www.laboratoireslelegard.com\/#website"},"datePublished":"2022-11-04T11:56:29+00:00","dateModified":"2023-04-25T12:54:37+00:00","description":"Nuestro laboratorio formula, fabrica y eval\u00faa sus productos cosm\u00e9ticos. Respondemos a sus expectativas para acompa\u00f1arle en su desarrollo.","breadcrumb":{"@id":"https:\/\/www.laboratoireslelegard.com\/demande-de-devis\/#breadcrumb"},"inLanguage":"es","potentialAction":[{"@type":"ReadAction","target":["https:\/\/www.laboratoireslelegard.com\/demande-de-devis\/"]}]},{"@type":"BreadcrumbList","@id":"https:\/\/www.laboratoireslelegard.com\/demande-de-devis\/#breadcrumb","itemListElement":[{"@type":"ListItem","position":1,"name":"Accueil","item":"https:\/\/www.laboratoireslelegard.com\/"},{"@type":"ListItem","position":2,"name":"Demander un devis"}]},{"@type":"WebSite","@id":"https:\/\/www.laboratoireslelegard.com\/#website","url":"https:\/\/www.laboratoireslelegard.com\/","name":"Laboratorios Lel\u00e9gard","description":"SERVICIO DE REGULACI\u00d3N Y TOXICOLOG\u00cdA","publisher":{"@id":"https:\/\/www.laboratoireslelegard.com\/#organization"},"potentialAction":[{"@type":"SearchAction","target":{"@type":"EntryPoint","urlTemplate":"https:\/\/www.laboratoireslelegard.com\/?s={search_term_string}"},"query-input":{"@type":"PropertyValueSpecification","valueRequired":true,"valueName":"search_term_string"}}],"inLanguage":"es"},{"@type":"Organization","@id":"https:\/\/www.laboratoireslelegard.com\/#organization","name":"Laboratorios Lel\u00e9gard","url":"https:\/\/www.laboratoireslelegard.com\/","logo":{"@type":"ImageObject","inLanguage":"es","@id":"https:\/\/www.laboratoireslelegard.com\/#\/schema\/logo\/image\/","url":"https:\/\/www.laboratoireslelegard.com\/wp-content\/uploads\/2022\/10\/labolelegard.svg","contentUrl":"https:\/\/www.laboratoireslelegard.com\/wp-content\/uploads\/2022\/10\/labolelegard.svg","width":515,"height":116,"caption":"Laboratoires Lel\u00e9gard"},"image":{"@id":"https:\/\/www.laboratoireslelegard.com\/#\/schema\/logo\/image\/"}}]}},"_links":{"self":[{"href":"https:\/\/www.laboratoireslelegard.com\/es\/wp-json\/wp\/v2\/pages\/157","targetHints":{"allow":["GET"]}}],"collection":[{"href":"https:\/\/www.laboratoireslelegard.com\/es\/wp-json\/wp\/v2\/pages"}],"about":[{"href":"https:\/\/www.laboratoireslelegard.com\/es\/wp-json\/wp\/v2\/types\/page"}],"author":[{"embeddable":true,"href":"https:\/\/www.laboratoireslelegard.com\/es\/wp-json\/wp\/v2\/users\/1"}],"replies":[{"embeddable":true,"href":"https:\/\/www.laboratoireslelegard.com\/es\/wp-json\/wp\/v2\/comments?post=157"}],"version-history":[{"count":10,"href":"https:\/\/www.laboratoireslelegard.com\/es\/wp-json\/wp\/v2\/pages\/157\/revisions"}],"predecessor-version":[{"id":1240,"href":"https:\/\/www.laboratoireslelegard.com\/es\/wp-json\/wp\/v2\/pages\/157\/revisions\/1240"}],"wp:attachment":[{"href":"https:\/\/www.laboratoireslelegard.com\/es\/wp-json\/wp\/v2\/media?parent=157"}],"curies":[{"name":"wp","href":"https:\/\/api.w.org\/{rel}","templated":true}]}}