{"id":155,"date":"2022-11-04T12:54:17","date_gmt":"2022-11-04T11:54:17","guid":{"rendered":"https:\/\/www.laboratoireslelegard.com\/?post_type=product&#038;p=155"},"modified":"2023-07-27T15:29:41","modified_gmt":"2023-07-27T13:29:41","slug":"specification-formulation","status":"publish","type":"product","link":"https:\/\/www.laboratoireslelegard.com\/en\/product\/specification-formulation\/","title":{"rendered":"Formulation based on specifications"},"content":{"rendered":"<div data-elementor-type=\"product-post\" data-elementor-id=\"155\" class=\"elementor elementor-155\" data-elementor-post-type=\"product\">\n\t\t\t\t\t\t<section class=\"elementor-section elementor-top-section elementor-element elementor-element-247efa34 elementor-section-boxed elementor-section-height-default elementor-section-height-default\" data-id=\"247efa34\" data-element_type=\"section\">\n\t\t\t\t\t\t<div class=\"elementor-container elementor-column-gap-default\">\n\t\t\t\t\t<div class=\"elementor-column elementor-col-50 elementor-top-column elementor-element elementor-element-3df7b849\" data-id=\"3df7b849\" data-element_type=\"column\">\n\t\t\t<div class=\"elementor-widget-wrap elementor-element-populated\">\n\t\t\t\t\t\t<div class=\"elementor-element elementor-element-57ccb3e0 elementor-widget elementor-widget-text-editor\" data-id=\"57ccb3e0\" data-element_type=\"widget\" data-widget_type=\"text-editor.default\">\n\t\t\t\t<div class=\"elementor-widget-container\">\n\t\t\t\t\t\t\t\t\t<p>Would you like to create and market your own brand of cosmetics? We can help you with this project by offering formulations tailored to your specifications.<\/p><p>\u00a0<\/p><h2 style=\"text-align: left;\">Would you like to market your cosmetic products?<\/h2><h2 style=\"text-align: left;\">We develop your formulation!<\/h2><p>Our professional research and development team will assist you in developing the formulations best suited to your specifications. Throughout the process, our proactive approach and expertise will support you in bringing your project to fruition.<\/p><p>Our strengths:<\/p><ul><li>Our multidisciplinary team of formulators, engineers, and toxicologists will support you every step of the way, from the specifications to the marketing of your product.<\/li><li>We ensure compliance with good manufacturing practices (GMP) and regulatory developments to guarantee you safe products that meet the legal requirements in force both in Europe and in several non-European countries.<\/li><li>Development of customized and innovative cosmetic products, organic or traditional<\/li><li>Continuous research and analysis of the latest trends and developments in beauty and wellness<\/li><li>We select only the highest quality ingredients for you.<\/li><li>Complete range of essential oils to enable you to create your own unique fragrance<\/li><li>Finally, we strive to offer you services that meet the best deadlines.\u00a0<\/li><\/ul>\t\t\t\t\t\t\t\t<\/div>\n\t\t\t\t<\/div>\n\t\t\t\t\t<\/div>\n\t\t<\/div>\n\t\t\t\t<div class=\"elementor-column elementor-col-50 elementor-top-column elementor-element elementor-element-ef96002\" data-id=\"ef96002\" data-element_type=\"column\">\n\t\t\t<div class=\"elementor-widget-wrap elementor-element-populated\">\n\t\t\t\t\t\t<div class=\"elementor-element elementor-element-6ffdc51 elementor-widget elementor-widget-image\" data-id=\"6ffdc51\" data-element_type=\"widget\" data-widget_type=\"image.default\">\n\t\t\t\t<div class=\"elementor-widget-container\">\n\t\t\t\t\t\t\t\t\t\t\t\t\t\t\t<img fetchpriority=\"high\" decoding=\"async\" width=\"1000\" height=\"1000\" src=\"https:\/\/www.laboratoireslelegard.com\/wp-content\/uploads\/2023\/04\/produit-formulation.jpg\" class=\"attachment-large size-large wp-image-498\" alt=\"Formulation\" srcset=\"https:\/\/www.laboratoireslelegard.com\/wp-content\/uploads\/2023\/04\/produit-formulation.jpg 1000w, https:\/\/www.laboratoireslelegard.com\/wp-content\/uploads\/2023\/04\/produit-formulation-300x300.jpg 300w, https:\/\/www.laboratoireslelegard.com\/wp-content\/uploads\/2023\/04\/produit-formulation-150x150.jpg 150w, https:\/\/www.laboratoireslelegard.com\/wp-content\/uploads\/2023\/04\/produit-formulation-768x768.jpg 768w, https:\/\/www.laboratoireslelegard.com\/wp-content\/uploads\/2023\/04\/produit-formulation-990x990.jpg 990w, https:\/\/www.laboratoireslelegard.com\/wp-content\/uploads\/2023\/04\/produit-formulation-441x441.jpg 441w, https:\/\/www.laboratoireslelegard.com\/wp-content\/uploads\/2023\/04\/produit-formulation-600x600.jpg 600w\" sizes=\"(max-width: 1000px) 100vw, 1000px\" \/>\t\t\t\t\t\t\t\t\t\t\t\t\t\t\t<\/div>\n\t\t\t\t<\/div>\n\t\t\t\t\t<\/div>\n\t\t<\/div>\n\t\t\t\t\t<\/div>\n\t\t<\/section>\n\t\t\t\t<section class=\"elementor-section elementor-top-section elementor-element elementor-element-62630af elementor-section-boxed elementor-section-height-default elementor-section-height-default\" data-id=\"62630af\" data-element_type=\"section\">\n\t\t\t\t\t\t<div class=\"elementor-container elementor-column-gap-default\">\n\t\t\t\t\t<div class=\"elementor-column elementor-col-100 elementor-top-column elementor-element elementor-element-bb87f46\" data-id=\"bb87f46\" data-element_type=\"column\">\n\t\t\t<div class=\"elementor-widget-wrap elementor-element-populated\">\n\t\t\t\t\t\t<div class=\"elementor-element elementor-element-592769f elementor-widget elementor-widget-text-editor\" data-id=\"592769f\" data-element_type=\"widget\" data-widget_type=\"text-editor.default\">\n\t\t\t\t<div class=\"elementor-widget-container\">\n\t\t\t\t\t\t\t\t\t<h2 style=\"text-align: left;\">Our role in your project?<\/h2>\n<p>Our entire team of specialists is at your disposal. We support you in creating innovative or traditional formulations tailored to your needs. To do this, we select high-quality ingredients and follow good manufacturing practices (GMP). This ensures that the products we develop meet the legal requirements in force in Europe and in several non-European countries.<\/p>\n<p>We develop customized, tailor-made, innovative, organic, or traditional cosmetic products to meet all your requirements.  We are here to help you create a product that meets all your requirements. This product will comply with current regulatory standards.<\/p>\n<p>We are proud to offer professional and competitive services, while enabling you to bring your products to market as quickly as possible. We are your partner in the realization of your project, providing proactive solutions to resolve and overcome any challenges you may encounter. <a href=\"https:\/\/www.laboratoireslelegard.com\/en\/contact-us\/\">Contact us<\/a> Contact us today to find out how we can help you bring your project to life.<\/p>\n<p>Do you already have your formulation and want to outsource the manufacturing of your product? Discover our offer of <a href=\"https:\/\/www.laboratoireslelegard.com\/en\/product\/manufacture-of-cosmetic-products\/\">Custom manufacturing<\/a>.<\/p>\t\t\t\t\t\t\t\t<\/div>\n\t\t\t\t<\/div>\n\t\t\t\t\t<\/div>\n\t\t<\/div>\n\t\t\t\t\t<\/div>\n\t\t<\/section>\n\t\t\t\t<\/div>","protected":false},"excerpt":{"rendered":"<p>Laboratoires L\u00e9l\u00e9gard offers a professional service for the development of tailor-made cosmetic formulations, specializing in all types of cosmetic products. We provide tailor-made formulation services that take into account the latest innovations for beauty and skincare brands. We have the necessary expertise to market your traditional or organic products.<\/p>","protected":false},"featured_media":686,"template":"","meta":{"_acf_changed":false},"product_brand":[],"product_cat":[21],"product_tag":[62,61,37,50,63,59,57,41,25,60,58],"class_list":{"0":"post-155","1":"product","2":"type-product","3":"status-publish","4":"has-post-thumbnail","6":"product_cat-prestations","7":"product_tag-adapte","8":"product_tag-besoin","9":"product_tag-bpf","10":"product_tag-cosmetiques","11":"product_tag-creation","12":"product_tag-developpement","13":"product_tag-formulation","14":"product_tag-marche","15":"product_tag-produit","16":"product_tag-qualite","17":"product_tag-recherche","19":"first","20":"instock","21":"shipping-taxable","22":"product-type-simple"},"acf":[],"yoast_head":"<!-- This site is optimized with the Yoast SEO plugin v24.6 - https:\/\/yoast.com\/wordpress\/plugins\/seo\/ -->\n<title>Formulation sur cahier des charges<\/title>\n<meta name=\"description\" content=\"Nous vous proposons notre service de formulation professionnel afin que vous puissiez cr\u00e9er votre produit cosm\u00e9tique et le mettre sur le march\u00e9.\" \/>\n<meta name=\"robots\" content=\"index, follow, max-snippet:-1, max-image-preview:large, max-video-preview:-1\" \/>\n<link rel=\"canonical\" href=\"https:\/\/www.laboratoireslelegard.com\/en\/product\/specification-formulation\/\" \/>\n<meta property=\"og:locale\" content=\"en_US\" \/>\n<meta property=\"og:type\" content=\"article\" \/>\n<meta property=\"og:title\" content=\"Formulation sur cahier des charges\" \/>\n<meta property=\"og:description\" content=\"Nous vous proposons notre service de formulation professionnel afin que vous puissiez cr\u00e9er votre produit cosm\u00e9tique et le mettre sur le march\u00e9.\" \/>\n<meta property=\"og:url\" content=\"https:\/\/www.laboratoireslelegard.com\/en\/product\/specification-formulation\/\" \/>\n<meta property=\"og:site_name\" content=\"Laboratoires Lel\u00e9gard\" \/>\n<meta property=\"article:modified_time\" content=\"2023-07-27T13:29:41+00:00\" \/>\n<meta property=\"og:image\" content=\"https:\/\/www.laboratoireslelegard.com\/wp-content\/uploads\/2023\/04\/Formulation-1.jpg\" \/>\n\t<meta property=\"og:image:width\" content=\"1000\" \/>\n\t<meta property=\"og:image:height\" content=\"1000\" \/>\n\t<meta property=\"og:image:type\" content=\"image\/jpeg\" \/>\n<meta name=\"twitter:card\" content=\"summary_large_image\" \/>\n<script type=\"application\/ld+json\" class=\"yoast-schema-graph\">{\"@context\":\"https:\/\/schema.org\",\"@graph\":[{\"@type\":\"WebPage\",\"@id\":\"https:\/\/www.laboratoireslelegard.com\/produit\/formulation-cahier-charges\/\",\"url\":\"https:\/\/www.laboratoireslelegard.com\/produit\/formulation-cahier-charges\/\",\"name\":\"Formulation sur cahier des charges\",\"isPartOf\":{\"@id\":\"https:\/\/www.laboratoireslelegard.com\/#website\"},\"primaryImageOfPage\":{\"@id\":\"https:\/\/www.laboratoireslelegard.com\/produit\/formulation-cahier-charges\/#primaryimage\"},\"image\":{\"@id\":\"https:\/\/www.laboratoireslelegard.com\/produit\/formulation-cahier-charges\/#primaryimage\"},\"thumbnailUrl\":\"https:\/\/www.laboratoireslelegard.com\/wp-content\/uploads\/2023\/04\/Formulation-1.jpg\",\"datePublished\":\"2022-11-04T11:54:17+00:00\",\"dateModified\":\"2023-07-27T13:29:41+00:00\",\"description\":\"Nous vous proposons notre service de formulation professionnel afin que vous puissiez cr\u00e9er votre produit cosm\u00e9tique et le mettre sur le march\u00e9.\",\"breadcrumb\":{\"@id\":\"https:\/\/www.laboratoireslelegard.com\/produit\/formulation-cahier-charges\/#breadcrumb\"},\"inLanguage\":\"en-US\",\"potentialAction\":[{\"@type\":\"ReadAction\",\"target\":[\"https:\/\/www.laboratoireslelegard.com\/produit\/formulation-cahier-charges\/\"]}]},{\"@type\":\"ImageObject\",\"inLanguage\":\"en-US\",\"@id\":\"https:\/\/www.laboratoireslelegard.com\/produit\/formulation-cahier-charges\/#primaryimage\",\"url\":\"https:\/\/www.laboratoireslelegard.com\/wp-content\/uploads\/2023\/04\/Formulation-1.jpg\",\"contentUrl\":\"https:\/\/www.laboratoireslelegard.com\/wp-content\/uploads\/2023\/04\/Formulation-1.jpg\",\"width\":1000,\"height\":1000,\"caption\":\"Formulation\"},{\"@type\":\"BreadcrumbList\",\"@id\":\"https:\/\/www.laboratoireslelegard.com\/produit\/formulation-cahier-charges\/#breadcrumb\",\"itemListElement\":[{\"@type\":\"ListItem\",\"position\":1,\"name\":\"Accueil\",\"item\":\"https:\/\/www.laboratoireslelegard.com\/\"},{\"@type\":\"ListItem\",\"position\":2,\"name\":\"Boutique\",\"item\":\"https:\/\/www.laboratoireslelegard.com\/prestations-formations\/\"},{\"@type\":\"ListItem\",\"position\":3,\"name\":\"Formulation sur cahier des charges\"}]},{\"@type\":\"WebSite\",\"@id\":\"https:\/\/www.laboratoireslelegard.com\/#website\",\"url\":\"https:\/\/www.laboratoireslelegard.com\/\",\"name\":\"Laboratoires Lel\u00e9gard\",\"description\":\"SERVICE DE REGLEMENTATION ET TOXICOLOGIE\",\"publisher\":{\"@id\":\"https:\/\/www.laboratoireslelegard.com\/#organization\"},\"potentialAction\":[{\"@type\":\"SearchAction\",\"target\":{\"@type\":\"EntryPoint\",\"urlTemplate\":\"https:\/\/www.laboratoireslelegard.com\/?s={search_term_string}\"},\"query-input\":{\"@type\":\"PropertyValueSpecification\",\"valueRequired\":true,\"valueName\":\"search_term_string\"}}],\"inLanguage\":\"en-US\"},{\"@type\":\"Organization\",\"@id\":\"https:\/\/www.laboratoireslelegard.com\/#organization\",\"name\":\"Laboratoires Lel\u00e9gard\",\"url\":\"https:\/\/www.laboratoireslelegard.com\/\",\"logo\":{\"@type\":\"ImageObject\",\"inLanguage\":\"en-US\",\"@id\":\"https:\/\/www.laboratoireslelegard.com\/#\/schema\/logo\/image\/\",\"url\":\"https:\/\/www.laboratoireslelegard.com\/wp-content\/uploads\/2022\/10\/labolelegard.svg\",\"contentUrl\":\"https:\/\/www.laboratoireslelegard.com\/wp-content\/uploads\/2022\/10\/labolelegard.svg\",\"width\":515,\"height\":116,\"caption\":\"Laboratoires Lel\u00e9gard\"},\"image\":{\"@id\":\"https:\/\/www.laboratoireslelegard.com\/#\/schema\/logo\/image\/\"}}]}<\/script>\n<!-- \/ Yoast SEO plugin. -->","yoast_head_json":{"title":"Formulation based on specifications","description":"We offer our professional formulation service so that you can create your cosmetic product and bring it to market.","robots":{"index":"index","follow":"follow","max-snippet":"max-snippet:-1","max-image-preview":"max-image-preview:large","max-video-preview":"max-video-preview:-1"},"canonical":"https:\/\/www.laboratoireslelegard.com\/en\/product\/specification-formulation\/","og_locale":"en_US","og_type":"article","og_title":"Formulation sur cahier des charges","og_description":"Nous vous proposons notre service de formulation professionnel afin que vous puissiez cr\u00e9er votre produit cosm\u00e9tique et le mettre sur le march\u00e9.","og_url":"https:\/\/www.laboratoireslelegard.com\/en\/product\/specification-formulation\/","og_site_name":"Laboratoires Lel\u00e9gard","article_modified_time":"2023-07-27T13:29:41+00:00","og_image":[{"width":1000,"height":1000,"url":"https:\/\/www.laboratoireslelegard.com\/wp-content\/uploads\/2023\/04\/Formulation-1.jpg","type":"image\/jpeg"}],"twitter_card":"summary_large_image","schema":{"@context":"https:\/\/schema.org","@graph":[{"@type":"WebPage","@id":"https:\/\/www.laboratoireslelegard.com\/produit\/formulation-cahier-charges\/","url":"https:\/\/www.laboratoireslelegard.com\/produit\/formulation-cahier-charges\/","name":"Formulation based on specifications","isPartOf":{"@id":"https:\/\/www.laboratoireslelegard.com\/#website"},"primaryImageOfPage":{"@id":"https:\/\/www.laboratoireslelegard.com\/produit\/formulation-cahier-charges\/#primaryimage"},"image":{"@id":"https:\/\/www.laboratoireslelegard.com\/produit\/formulation-cahier-charges\/#primaryimage"},"thumbnailUrl":"https:\/\/www.laboratoireslelegard.com\/wp-content\/uploads\/2023\/04\/Formulation-1.jpg","datePublished":"2022-11-04T11:54:17+00:00","dateModified":"2023-07-27T13:29:41+00:00","description":"We offer our professional formulation service so that you can create your cosmetic product and bring it to market.","breadcrumb":{"@id":"https:\/\/www.laboratoireslelegard.com\/produit\/formulation-cahier-charges\/#breadcrumb"},"inLanguage":"en-US","potentialAction":[{"@type":"ReadAction","target":["https:\/\/www.laboratoireslelegard.com\/produit\/formulation-cahier-charges\/"]}]},{"@type":"ImageObject","inLanguage":"en-US","@id":"https:\/\/www.laboratoireslelegard.com\/produit\/formulation-cahier-charges\/#primaryimage","url":"https:\/\/www.laboratoireslelegard.com\/wp-content\/uploads\/2023\/04\/Formulation-1.jpg","contentUrl":"https:\/\/www.laboratoireslelegard.com\/wp-content\/uploads\/2023\/04\/Formulation-1.jpg","width":1000,"height":1000,"caption":"Formulation"},{"@type":"BreadcrumbList","@id":"https:\/\/www.laboratoireslelegard.com\/produit\/formulation-cahier-charges\/#breadcrumb","itemListElement":[{"@type":"ListItem","position":1,"name":"Accueil","item":"https:\/\/www.laboratoireslelegard.com\/"},{"@type":"ListItem","position":2,"name":"Boutique","item":"https:\/\/www.laboratoireslelegard.com\/prestations-formations\/"},{"@type":"ListItem","position":3,"name":"Formulation sur cahier des charges"}]},{"@type":"WebSite","@id":"https:\/\/www.laboratoireslelegard.com\/#website","url":"https:\/\/www.laboratoireslelegard.com\/","name":"Lel\u00e9gard Laboratories","description":"REGULATORY AND TOXICOLOGY DEPARTMENT","publisher":{"@id":"https:\/\/www.laboratoireslelegard.com\/#organization"},"potentialAction":[{"@type":"SearchAction","target":{"@type":"EntryPoint","urlTemplate":"https:\/\/www.laboratoireslelegard.com\/?s={search_term_string}"},"query-input":{"@type":"PropertyValueSpecification","valueRequired":true,"valueName":"search_term_string"}}],"inLanguage":"en-US"},{"@type":"Organization","@id":"https:\/\/www.laboratoireslelegard.com\/#organization","name":"Lel\u00e9gard Laboratories","url":"https:\/\/www.laboratoireslelegard.com\/","logo":{"@type":"ImageObject","inLanguage":"en-US","@id":"https:\/\/www.laboratoireslelegard.com\/#\/schema\/logo\/image\/","url":"https:\/\/www.laboratoireslelegard.com\/wp-content\/uploads\/2022\/10\/labolelegard.svg","contentUrl":"https:\/\/www.laboratoireslelegard.com\/wp-content\/uploads\/2022\/10\/labolelegard.svg","width":515,"height":116,"caption":"Laboratoires Lel\u00e9gard"},"image":{"@id":"https:\/\/www.laboratoireslelegard.com\/#\/schema\/logo\/image\/"}}]}},"_links":{"self":[{"href":"https:\/\/www.laboratoireslelegard.com\/en\/wp-json\/wp\/v2\/product\/155","targetHints":{"allow":["GET"]}}],"collection":[{"href":"https:\/\/www.laboratoireslelegard.com\/en\/wp-json\/wp\/v2\/product"}],"about":[{"href":"https:\/\/www.laboratoireslelegard.com\/en\/wp-json\/wp\/v2\/types\/product"}],"version-history":[{"count":62,"href":"https:\/\/www.laboratoireslelegard.com\/en\/wp-json\/wp\/v2\/product\/155\/revisions"}],"predecessor-version":[{"id":1448,"href":"https:\/\/www.laboratoireslelegard.com\/en\/wp-json\/wp\/v2\/product\/155\/revisions\/1448"}],"wp:featuredmedia":[{"embeddable":true,"href":"https:\/\/www.laboratoireslelegard.com\/en\/wp-json\/wp\/v2\/media\/686"}],"wp:attachment":[{"href":"https:\/\/www.laboratoireslelegard.com\/en\/wp-json\/wp\/v2\/media?parent=155"}],"wp:term":[{"taxonomy":"product_brand","embeddable":true,"href":"https:\/\/www.laboratoireslelegard.com\/en\/wp-json\/wp\/v2\/product_brand?post=155"},{"taxonomy":"product_cat","embeddable":true,"href":"https:\/\/www.laboratoireslelegard.com\/en\/wp-json\/wp\/v2\/product_cat?post=155"},{"taxonomy":"product_tag","embeddable":true,"href":"https:\/\/www.laboratoireslelegard.com\/en\/wp-json\/wp\/v2\/product_tag?post=155"}],"curies":[{"name":"wp","href":"https:\/\/api.w.org\/{rel}","templated":true}]}}