{"id":254,"date":"2022-11-13T23:00:38","date_gmt":"2022-11-13T22:00:38","guid":{"rendered":"https:\/\/www.laboratoireslelegard.com\/?post_type=product&#038;p=254"},"modified":"2023-07-27T15:20:29","modified_gmt":"2023-07-27T13:20:29","slug":"herstellung-von-kosmetikprodukten-unter-eigenmarke","status":"publish","type":"product","link":"https:\/\/www.laboratoireslelegard.com\/de\/produkt\/herstellung-von-kosmetikprodukten-unter-eigenmarke\/","title":{"rendered":"Herstellung von Kosmetikprodukten als White-Label-Produkte"},"content":{"rendered":"<div data-elementor-type=\"product-post\" data-elementor-id=\"254\" class=\"elementor elementor-254\" data-elementor-post-type=\"product\">\n\t\t\t\t\t\t<section class=\"elementor-section elementor-top-section elementor-element elementor-element-7a9550b1 elementor-section-boxed elementor-section-height-default elementor-section-height-default\" data-id=\"7a9550b1\" data-element_type=\"section\">\n\t\t\t\t\t\t<div class=\"elementor-container elementor-column-gap-default\">\n\t\t\t\t\t<div class=\"elementor-column elementor-col-50 elementor-top-column elementor-element elementor-element-d510790\" data-id=\"d510790\" data-element_type=\"column\">\n\t\t\t<div class=\"elementor-widget-wrap elementor-element-populated\">\n\t\t\t\t\t\t<div class=\"elementor-element elementor-element-6a141f02 elementor-widget elementor-widget-text-editor\" data-id=\"6a141f02\" data-element_type=\"widget\" data-widget_type=\"text-editor.default\">\n\t\t\t\t<div class=\"elementor-widget-container\">\n\t\t\t\t\t\t\t\t\t<p>Wir bieten Ihnen einen White-Label-Service. Wir stellen Ihre Produkte nach unseren Rezepturen her, die Sie unter Ihrem Firmennamen auf dem Markt verkaufen k\u00f6nnen. M\u00f6chten Sie Ihre eigene Rezeptur kreieren? Entdecken Sie unseren Service <a href=\"https:\/\/www.laboratoireslelegard.com\/de\/produkt\/formulierung\/\">Formulierung.<\/a><\/p>\n<p>Wir k\u00f6nnen Ihre Kosmetikprodukte in kleinen oder gro\u00dfen Mengen herstellen. Sie suchen einen Hersteller von Kosmetikprodukten f\u00fcr kleine Mengen? Wir arbeiten regelm\u00e4\u00dfig mit Unternehmen zusammen, die ihr Projekt starten und ihre Produktpalette auf dem Markt testen m\u00f6chten.<\/p>\n<p>Wir k\u00f6nnen Sie bei der Herstellung Ihrer Kosmetikprodukte als White-Label-Produkte, aber auch bei der Etikettierung und Verpackung Ihrer in Frankreich hergestellten 100%-Produkte unterst\u00fctzen:<\/p>\n<ul>\n<li>Bef\u00fcllung<\/li>\n<li>Verpackung<\/li>\n<li>Anbringen von Etiketten<\/li>\n<li>Aufdruck der Chargennummer und des Mindesthaltbarkeitsdatums<\/li>\n<\/ul>\t\t\t\t\t\t\t\t<\/div>\n\t\t\t\t<\/div>\n\t\t\t\t\t<\/div>\n\t\t<\/div>\n\t\t\t\t<div class=\"elementor-column elementor-col-50 elementor-top-column elementor-element elementor-element-300042a\" data-id=\"300042a\" data-element_type=\"column\">\n\t\t\t<div class=\"elementor-widget-wrap elementor-element-populated\">\n\t\t\t\t\t\t<div class=\"elementor-element elementor-element-e3528ec elementor-widget elementor-widget-image\" data-id=\"e3528ec\" data-element_type=\"widget\" data-widget_type=\"image.default\">\n\t\t\t\t<div class=\"elementor-widget-container\">\n\t\t\t\t\t\t\t\t\t\t\t\t\t\t\t<img fetchpriority=\"high\" decoding=\"async\" width=\"1000\" height=\"1000\" src=\"https:\/\/www.laboratoireslelegard.com\/wp-content\/uploads\/2022\/11\/marque-blanche-4.jpg\" class=\"attachment-large size-large wp-image-668\" alt=\"wei\u00dfe Marke\" srcset=\"https:\/\/www.laboratoireslelegard.com\/wp-content\/uploads\/2022\/11\/marque-blanche-4.jpg 1000w, https:\/\/www.laboratoireslelegard.com\/wp-content\/uploads\/2022\/11\/marque-blanche-4-300x300.jpg 300w, https:\/\/www.laboratoireslelegard.com\/wp-content\/uploads\/2022\/11\/marque-blanche-4-150x150.jpg 150w, https:\/\/www.laboratoireslelegard.com\/wp-content\/uploads\/2022\/11\/marque-blanche-4-768x768.jpg 768w, https:\/\/www.laboratoireslelegard.com\/wp-content\/uploads\/2022\/11\/marque-blanche-4-990x990.jpg 990w, https:\/\/www.laboratoireslelegard.com\/wp-content\/uploads\/2022\/11\/marque-blanche-4-441x441.jpg 441w, https:\/\/www.laboratoireslelegard.com\/wp-content\/uploads\/2022\/11\/marque-blanche-4-600x600.jpg 600w\" sizes=\"(max-width: 1000px) 100vw, 1000px\" \/>\t\t\t\t\t\t\t\t\t\t\t\t\t\t\t<\/div>\n\t\t\t\t<\/div>\n\t\t\t\t\t<\/div>\n\t\t<\/div>\n\t\t\t\t\t<\/div>\n\t\t<\/section>\n\t\t\t\t<section class=\"elementor-section elementor-top-section elementor-element elementor-element-643978a elementor-section-boxed elementor-section-height-default elementor-section-height-default\" data-id=\"643978a\" data-element_type=\"section\">\n\t\t\t\t\t\t<div class=\"elementor-container elementor-column-gap-default\">\n\t\t\t\t\t<div class=\"elementor-column elementor-col-100 elementor-top-column elementor-element elementor-element-595527b\" data-id=\"595527b\" data-element_type=\"column\">\n\t\t\t<div class=\"elementor-widget-wrap elementor-element-populated\">\n\t\t\t\t\t\t<div class=\"elementor-element elementor-element-5d69ee7 elementor-widget elementor-widget-text-editor\" data-id=\"5d69ee7\" data-element_type=\"widget\" data-widget_type=\"text-editor.default\">\n\t\t\t\t<div class=\"elementor-widget-container\">\n\t\t\t\t\t\t\t\t\t<p>\u00a0<\/p><h3>Unsere Unterst\u00fctzung bei der Entwicklung von Kosmetika als Handelsmarke:<\/h3><p>Wir sind in der Lage, Ihre Kosmetikprodukte abzuf\u00fcllen, zu verpacken, zu etikettieren und mit Chargennummern und Mindesthaltbarkeitsdaten (MHD) zu versehen. Ganz gleich, ob Sie kleine oder gro\u00dfe Mengen ben\u00f6tigen, wir produzieren Ihre Kosmetikprodukte ganz nach Ihren W\u00fcnschen. Wir wissen, dass es f\u00fcr Start-ups schwierig sein kann, eine eigene Produktlinie auf den Markt zu bringen. Deshalb arbeiten wir regelm\u00e4\u00dfig mit Unternehmen zusammen, die ihre Produktpalette testen m\u00f6chten, bevor sie sie auf den Markt bringen.<\/p>\t\t\t\t\t\t\t\t<\/div>\n\t\t\t\t<\/div>\n\t\t\t\t\t<\/div>\n\t\t<\/div>\n\t\t\t\t\t<\/div>\n\t\t<\/section>\n\t\t\t\t<\/div>","protected":false},"excerpt":{"rendered":"<p>Nach der Entwicklung, Bewertung und Registrierung Ihres Kosmetikprodukts k\u00f6nnen die Laboratoires Lel\u00e9gard Sie auch bei der Herstellung in kleinen oder gro\u00dfen Serien unterst\u00fctzen. In unserer franz\u00f6sischen Produktionsst\u00e4tte f\u00fcr Kosmetikprodukte bieten wir Ihnen die handwerkliche Herstellung Ihrer Pflegeprodukte an. So ist jedes Produkt, das unsere Werkstatt verl\u00e4sst, ein Unikat und handgefertigt.<\/p>","protected":false},"featured_media":682,"template":"","meta":{"_acf_changed":false},"product_brand":[],"product_cat":[21],"product_tag":[73,67,50,75,39,70,57,71,41,66,69,72,49,68,76,74],"class_list":{"0":"post-254","1":"product","2":"type-product","3":"status-publish","4":"has-post-thumbnail","6":"product_cat-prestations","7":"product_tag-besoins","8":"product_tag-blanche","9":"product_tag-cosmetiques","10":"product_tag-cremes","11":"product_tag-entreprise","12":"product_tag-etiquettes","13":"product_tag-formulation","14":"product_tag-formule","15":"product_tag-marche","16":"product_tag-marque","17":"product_tag-mise-en-boite","18":"product_tag-production","19":"product_tag-produits","20":"product_tag-remplissage","21":"product_tag-skincare","22":"product_tag-vente","24":"first","25":"instock","26":"shipping-taxable","27":"product-type-simple"},"acf":[],"yoast_head":"<!-- This site is optimized with the Yoast SEO plugin v24.6 - https:\/\/yoast.com\/wordpress\/plugins\/seo\/ -->\n<title>Marque blanche : d\u00e9veloppement de produits cosm\u00e9tiques<\/title>\n<meta name=\"description\" content=\"Nous vous proposons un service de marque blanche. Nous vous pr\u00e9parons vos produits issus de nos formulations que vous pourrez vendre sur le march\u00e9.\" \/>\n<meta name=\"robots\" content=\"index, follow, max-snippet:-1, max-image-preview:large, max-video-preview:-1\" \/>\n<link rel=\"canonical\" href=\"https:\/\/www.laboratoireslelegard.com\/de\/produkt\/herstellung-von-kosmetikprodukten-unter-eigenmarke\/\" \/>\n<meta property=\"og:locale\" content=\"de_DE\" \/>\n<meta property=\"og:type\" content=\"article\" \/>\n<meta property=\"og:title\" content=\"Marque blanche : d\u00e9veloppement de produits cosm\u00e9tiques\" \/>\n<meta property=\"og:description\" content=\"Nous vous proposons un service de marque blanche. Nous vous pr\u00e9parons vos produits issus de nos formulations que vous pourrez vendre sur le march\u00e9.\" \/>\n<meta property=\"og:url\" content=\"https:\/\/www.laboratoireslelegard.com\/de\/produkt\/herstellung-von-kosmetikprodukten-unter-eigenmarke\/\" \/>\n<meta property=\"og:site_name\" content=\"Laboratoires Lel\u00e9gard\" \/>\n<meta property=\"article:modified_time\" content=\"2023-07-27T13:20:29+00:00\" \/>\n<meta property=\"og:image\" content=\"https:\/\/www.laboratoireslelegard.com\/wp-content\/uploads\/2023\/04\/marque-blanche.jpg\" \/>\n\t<meta property=\"og:image:width\" content=\"1000\" \/>\n\t<meta property=\"og:image:height\" content=\"1000\" \/>\n\t<meta property=\"og:image:type\" content=\"image\/jpeg\" \/>\n<meta name=\"twitter:card\" content=\"summary_large_image\" \/>\n<script type=\"application\/ld+json\" class=\"yoast-schema-graph\">{\"@context\":\"https:\/\/schema.org\",\"@graph\":[{\"@type\":\"WebPage\",\"@id\":\"https:\/\/www.laboratoireslelegard.com\/produit\/fabrication-produits-cosmetiques-marque-blanche\/\",\"url\":\"https:\/\/www.laboratoireslelegard.com\/produit\/fabrication-produits-cosmetiques-marque-blanche\/\",\"name\":\"Marque blanche : d\u00e9veloppement de produits cosm\u00e9tiques\",\"isPartOf\":{\"@id\":\"https:\/\/www.laboratoireslelegard.com\/#website\"},\"primaryImageOfPage\":{\"@id\":\"https:\/\/www.laboratoireslelegard.com\/produit\/fabrication-produits-cosmetiques-marque-blanche\/#primaryimage\"},\"image\":{\"@id\":\"https:\/\/www.laboratoireslelegard.com\/produit\/fabrication-produits-cosmetiques-marque-blanche\/#primaryimage\"},\"thumbnailUrl\":\"https:\/\/www.laboratoireslelegard.com\/wp-content\/uploads\/2023\/04\/marque-blanche.jpg\",\"datePublished\":\"2022-11-13T22:00:38+00:00\",\"dateModified\":\"2023-07-27T13:20:29+00:00\",\"description\":\"Nous vous proposons un service de marque blanche. Nous vous pr\u00e9parons vos produits issus de nos formulations que vous pourrez vendre sur le march\u00e9.\",\"breadcrumb\":{\"@id\":\"https:\/\/www.laboratoireslelegard.com\/produit\/fabrication-produits-cosmetiques-marque-blanche\/#breadcrumb\"},\"inLanguage\":\"de\",\"potentialAction\":[{\"@type\":\"ReadAction\",\"target\":[\"https:\/\/www.laboratoireslelegard.com\/produit\/fabrication-produits-cosmetiques-marque-blanche\/\"]}]},{\"@type\":\"ImageObject\",\"inLanguage\":\"de\",\"@id\":\"https:\/\/www.laboratoireslelegard.com\/produit\/fabrication-produits-cosmetiques-marque-blanche\/#primaryimage\",\"url\":\"https:\/\/www.laboratoireslelegard.com\/wp-content\/uploads\/2023\/04\/marque-blanche.jpg\",\"contentUrl\":\"https:\/\/www.laboratoireslelegard.com\/wp-content\/uploads\/2023\/04\/marque-blanche.jpg\",\"width\":1000,\"height\":1000,\"caption\":\"marque blanche\"},{\"@type\":\"BreadcrumbList\",\"@id\":\"https:\/\/www.laboratoireslelegard.com\/produit\/fabrication-produits-cosmetiques-marque-blanche\/#breadcrumb\",\"itemListElement\":[{\"@type\":\"ListItem\",\"position\":1,\"name\":\"Accueil\",\"item\":\"https:\/\/www.laboratoireslelegard.com\/\"},{\"@type\":\"ListItem\",\"position\":2,\"name\":\"Boutique\",\"item\":\"https:\/\/www.laboratoireslelegard.com\/prestations-formations\/\"},{\"@type\":\"ListItem\",\"position\":3,\"name\":\"Fabrication de produits cosm\u00e9tiques en marque blanche\"}]},{\"@type\":\"WebSite\",\"@id\":\"https:\/\/www.laboratoireslelegard.com\/#website\",\"url\":\"https:\/\/www.laboratoireslelegard.com\/\",\"name\":\"Laboratoires Lel\u00e9gard\",\"description\":\"SERVICE DE REGLEMENTATION ET TOXICOLOGIE\",\"publisher\":{\"@id\":\"https:\/\/www.laboratoireslelegard.com\/#organization\"},\"potentialAction\":[{\"@type\":\"SearchAction\",\"target\":{\"@type\":\"EntryPoint\",\"urlTemplate\":\"https:\/\/www.laboratoireslelegard.com\/?s={search_term_string}\"},\"query-input\":{\"@type\":\"PropertyValueSpecification\",\"valueRequired\":true,\"valueName\":\"search_term_string\"}}],\"inLanguage\":\"de\"},{\"@type\":\"Organization\",\"@id\":\"https:\/\/www.laboratoireslelegard.com\/#organization\",\"name\":\"Laboratoires Lel\u00e9gard\",\"url\":\"https:\/\/www.laboratoireslelegard.com\/\",\"logo\":{\"@type\":\"ImageObject\",\"inLanguage\":\"de\",\"@id\":\"https:\/\/www.laboratoireslelegard.com\/#\/schema\/logo\/image\/\",\"url\":\"https:\/\/www.laboratoireslelegard.com\/wp-content\/uploads\/2022\/10\/labolelegard.svg\",\"contentUrl\":\"https:\/\/www.laboratoireslelegard.com\/wp-content\/uploads\/2022\/10\/labolelegard.svg\",\"width\":515,\"height\":116,\"caption\":\"Laboratoires Lel\u00e9gard\"},\"image\":{\"@id\":\"https:\/\/www.laboratoireslelegard.com\/#\/schema\/logo\/image\/\"}}]}<\/script>\n<!-- \/ Yoast SEO plugin. -->","yoast_head_json":{"title":"Wei\u00dfe Marke: Entwicklung von Kosmetikprodukten","description":"Wir bieten Ihnen einen White-Label-Service an. Wir stellen Ihre Produkte nach unseren Rezepturen her, die Sie dann auf dem Markt verkaufen k\u00f6nnen.","robots":{"index":"index","follow":"follow","max-snippet":"max-snippet:-1","max-image-preview":"max-image-preview:large","max-video-preview":"max-video-preview:-1"},"canonical":"https:\/\/www.laboratoireslelegard.com\/de\/produkt\/herstellung-von-kosmetikprodukten-unter-eigenmarke\/","og_locale":"de_DE","og_type":"article","og_title":"Marque blanche : d\u00e9veloppement de produits cosm\u00e9tiques","og_description":"Nous vous proposons un service de marque blanche. Nous vous pr\u00e9parons vos produits issus de nos formulations que vous pourrez vendre sur le march\u00e9.","og_url":"https:\/\/www.laboratoireslelegard.com\/de\/produkt\/herstellung-von-kosmetikprodukten-unter-eigenmarke\/","og_site_name":"Laboratoires Lel\u00e9gard","article_modified_time":"2023-07-27T13:20:29+00:00","og_image":[{"width":1000,"height":1000,"url":"https:\/\/www.laboratoireslelegard.com\/wp-content\/uploads\/2023\/04\/marque-blanche.jpg","type":"image\/jpeg"}],"twitter_card":"summary_large_image","schema":{"@context":"https:\/\/schema.org","@graph":[{"@type":"WebPage","@id":"https:\/\/www.laboratoireslelegard.com\/produit\/fabrication-produits-cosmetiques-marque-blanche\/","url":"https:\/\/www.laboratoireslelegard.com\/produit\/fabrication-produits-cosmetiques-marque-blanche\/","name":"Wei\u00dfe Marke: Entwicklung von Kosmetikprodukten","isPartOf":{"@id":"https:\/\/www.laboratoireslelegard.com\/#website"},"primaryImageOfPage":{"@id":"https:\/\/www.laboratoireslelegard.com\/produit\/fabrication-produits-cosmetiques-marque-blanche\/#primaryimage"},"image":{"@id":"https:\/\/www.laboratoireslelegard.com\/produit\/fabrication-produits-cosmetiques-marque-blanche\/#primaryimage"},"thumbnailUrl":"https:\/\/www.laboratoireslelegard.com\/wp-content\/uploads\/2023\/04\/marque-blanche.jpg","datePublished":"2022-11-13T22:00:38+00:00","dateModified":"2023-07-27T13:20:29+00:00","description":"Wir bieten Ihnen einen White-Label-Service an. Wir stellen Ihre Produkte nach unseren Rezepturen her, die Sie dann auf dem Markt verkaufen k\u00f6nnen.","breadcrumb":{"@id":"https:\/\/www.laboratoireslelegard.com\/produit\/fabrication-produits-cosmetiques-marque-blanche\/#breadcrumb"},"inLanguage":"de","potentialAction":[{"@type":"ReadAction","target":["https:\/\/www.laboratoireslelegard.com\/produit\/fabrication-produits-cosmetiques-marque-blanche\/"]}]},{"@type":"ImageObject","inLanguage":"de","@id":"https:\/\/www.laboratoireslelegard.com\/produit\/fabrication-produits-cosmetiques-marque-blanche\/#primaryimage","url":"https:\/\/www.laboratoireslelegard.com\/wp-content\/uploads\/2023\/04\/marque-blanche.jpg","contentUrl":"https:\/\/www.laboratoireslelegard.com\/wp-content\/uploads\/2023\/04\/marque-blanche.jpg","width":1000,"height":1000,"caption":"marque blanche"},{"@type":"BreadcrumbList","@id":"https:\/\/www.laboratoireslelegard.com\/produit\/fabrication-produits-cosmetiques-marque-blanche\/#breadcrumb","itemListElement":[{"@type":"ListItem","position":1,"name":"Accueil","item":"https:\/\/www.laboratoireslelegard.com\/"},{"@type":"ListItem","position":2,"name":"Boutique","item":"https:\/\/www.laboratoireslelegard.com\/prestations-formations\/"},{"@type":"ListItem","position":3,"name":"Fabrication de produits cosm\u00e9tiques en marque blanche"}]},{"@type":"WebSite","@id":"https:\/\/www.laboratoireslelegard.com\/#website","url":"https:\/\/www.laboratoireslelegard.com\/","name":"Lel\u00e9gard Laboratories","description":"REGULIERUNGS- UND TOXIKOLOGIEDIENST","publisher":{"@id":"https:\/\/www.laboratoireslelegard.com\/#organization"},"potentialAction":[{"@type":"SearchAction","target":{"@type":"EntryPoint","urlTemplate":"https:\/\/www.laboratoireslelegard.com\/?s={search_term_string}"},"query-input":{"@type":"PropertyValueSpecification","valueRequired":true,"valueName":"search_term_string"}}],"inLanguage":"de"},{"@type":"Organization","@id":"https:\/\/www.laboratoireslelegard.com\/#organization","name":"Lel\u00e9gard Laboratories","url":"https:\/\/www.laboratoireslelegard.com\/","logo":{"@type":"ImageObject","inLanguage":"de","@id":"https:\/\/www.laboratoireslelegard.com\/#\/schema\/logo\/image\/","url":"https:\/\/www.laboratoireslelegard.com\/wp-content\/uploads\/2022\/10\/labolelegard.svg","contentUrl":"https:\/\/www.laboratoireslelegard.com\/wp-content\/uploads\/2022\/10\/labolelegard.svg","width":515,"height":116,"caption":"Laboratoires Lel\u00e9gard"},"image":{"@id":"https:\/\/www.laboratoireslelegard.com\/#\/schema\/logo\/image\/"}}]}},"_links":{"self":[{"href":"https:\/\/www.laboratoireslelegard.com\/de\/wp-json\/wp\/v2\/product\/254","targetHints":{"allow":["GET"]}}],"collection":[{"href":"https:\/\/www.laboratoireslelegard.com\/de\/wp-json\/wp\/v2\/product"}],"about":[{"href":"https:\/\/www.laboratoireslelegard.com\/de\/wp-json\/wp\/v2\/types\/product"}],"version-history":[{"count":28,"href":"https:\/\/www.laboratoireslelegard.com\/de\/wp-json\/wp\/v2\/product\/254\/revisions"}],"predecessor-version":[{"id":1444,"href":"https:\/\/www.laboratoireslelegard.com\/de\/wp-json\/wp\/v2\/product\/254\/revisions\/1444"}],"wp:featuredmedia":[{"embeddable":true,"href":"https:\/\/www.laboratoireslelegard.com\/de\/wp-json\/wp\/v2\/media\/682"}],"wp:attachment":[{"href":"https:\/\/www.laboratoireslelegard.com\/de\/wp-json\/wp\/v2\/media?parent=254"}],"wp:term":[{"taxonomy":"product_brand","embeddable":true,"href":"https:\/\/www.laboratoireslelegard.com\/de\/wp-json\/wp\/v2\/product_brand?post=254"},{"taxonomy":"product_cat","embeddable":true,"href":"https:\/\/www.laboratoireslelegard.com\/de\/wp-json\/wp\/v2\/product_cat?post=254"},{"taxonomy":"product_tag","embeddable":true,"href":"https:\/\/www.laboratoireslelegard.com\/de\/wp-json\/wp\/v2\/product_tag?post=254"}],"curies":[{"name":"wp","href":"https:\/\/api.w.org\/{rel}","templated":true}]}}