{"id":1958,"date":"2025-12-25T23:00:03","date_gmt":"2025-12-25T22:00:03","guid":{"rendered":"https:\/\/www.laboratoireslelegard.com\/?post_type=product&#038;p=1958"},"modified":"2025-12-25T23:04:54","modified_gmt":"2025-12-25T22:04:54","slug":"festigkeitstest","status":"publish","type":"product","link":"https:\/\/www.laboratoireslelegard.com\/de\/produkt\/festigkeitstest\/","title":{"rendered":"Festigkeitstest: objektive Messung der mechanischen Widerstandsf\u00e4higkeit der Haut"},"content":{"rendered":"<div data-elementor-type=\"product-post\" data-elementor-id=\"1958\" class=\"elementor elementor-1958\" data-elementor-post-type=\"product\">\n\t\t\t\t\t\t<section class=\"elementor-section elementor-top-section elementor-element elementor-element-06bf5d0 elementor-section-boxed elementor-section-height-default elementor-section-height-default\" data-id=\"06bf5d0\" data-element_type=\"section\">\n\t\t\t\t\t\t<div class=\"elementor-container elementor-column-gap-default\">\n\t\t\t\t\t<div class=\"elementor-column elementor-col-100 elementor-top-column elementor-element elementor-element-6f2a6e1\" data-id=\"6f2a6e1\" data-element_type=\"column\">\n\t\t\t<div class=\"elementor-widget-wrap elementor-element-populated\">\n\t\t\t\t\t\t<div class=\"elementor-element elementor-element-7d75f8c elementor-widget elementor-widget-text-editor\" data-id=\"7d75f8c\" data-element_type=\"widget\" data-widget_type=\"text-editor.default\">\n\t\t\t\t<div class=\"elementor-widget-container\">\n\t\t\t\t\t\t\t\t\t<div class=\"w-full\"><div class=\"progressive-markdown-content\"><div class=\"w-full\"><div class=\"progressive-markdown-content\"><div class=\"content-visibility-auto\"><div class=\"content-visibility-auto\"><p><strong>Festigkeitstest: objektive Messung der mechanischen Widerstandsf\u00e4higkeit der Haut<\/strong><\/p><\/div><div class=\"content-visibility-auto\"><p>Der Festigkeitstest ist der wissenschaftliche Ma\u00dfstab f\u00fcr die Quantifizierung der F\u00e4higkeit der Haut, einer Erschlaffung zu widerstehen und ihre nat\u00fcrliche Spannkraft zu bewahren. Diese Eigenschaft, die eng mit dem Hautalterungsprozess verbunden ist, wird mit Hilfe spezieller Ger\u00e4te bewertet, die einen kontrollierten Unterdruck oder Druck auf die Hautoberfl\u00e4che aus\u00fcben. Das Ger\u00e4t zeichnet pr\u00e4zise auf, wie sich die Haut verformt, wie lange sie braucht, um sich wieder zu entspannen, und wie viel Kraft erforderlich ist, um sie in ihren urspr\u00fcnglichen Zustand zur\u00fcckzubringen. Diese Parameter liefern einen direkten Messwert f\u00fcr die mechanische Widerstandsf\u00e4higkeit und Spannkraft der Haut.<\/p><\/div><div class=\"content-visibility-auto\"><p>Das Protokoll beginnt mit der Auswahl einer Gruppe von Freiwilligen, die repr\u00e4sentativ f\u00fcr die Zielgruppe sind: unterschiedliche Altersgruppen, Hauttypen und Empfindlichkeitsgrade. Jeder Teilnehmer befolgt strenge Anweisungen: Reinigung des Untersuchungsbereichs, Verzicht auf alle Konkurrenzprodukte f\u00fcr 24 Stunden, dann Auftragen einer genau dosierten Menge des getesteten Produkts auf eine Fl\u00e4che von 2 cm\u00b2. Die Messungen werden zu drei entscheidenden Zeitpunkten vorgenommen: vor der Anwendung (Ausgangswert), unmittelbar nach der Anwendung (Sofortwirkung) und in regelm\u00e4\u00dfigen Abst\u00e4nden \u00fcber mehrere Wochen (kumulative Wirkung). Bei jeder Sitzung werden mehrere Wiederholungen durchgef\u00fchrt, um die Reproduzierbarkeit der Daten zu gew\u00e4hrleisten.<\/p><\/div><div class=\"content-visibility-auto\"><p>Die erzielten Ergebnisse werden mit einem unbehandelten Kontrollbereich verglichen, wodurch die Wirkung des Produkts von den nat\u00fcrlichen Schwankungen der Haut isoliert werden kann. Ein durchschnittlicher Gewinn von 10\u202f% bis 20\u202f% an Festigkeit \u00fcber 24 Stunden, der \u00fcber mehrere Wochen anh\u00e4lt, rechtfertigt Aussagen wie \u00abstrafft die Haut\u00bb, \u00abverdichtet das Gesicht\u00bb oder \u00abverbessert die Hautstraffheit\u202f\u00bb. Die Daten werden aggregiert, statistisch analysiert (Mittelwert, Standardabweichung, Signifikanztest) und in Form von Zeitverlaufskurven dargestellt. Alle diese Informationen werden in das Produktinformationsdossier (PID) oder die Produktinformationsdatei (PIF) aufgenommen, wodurch die R\u00fcckverfolgbarkeit und die Einhaltung der Anforderungen der OCos\/OSAV (Schweiz) und der Verordnung (EG) Nr. 1223\/2009 (Europa) gew\u00e4hrleistet sind.<\/p><\/div><div class=\"content-visibility-auto\"><p>Der Festigkeitstest liefert nicht nur solide wissenschaftliche Belege, sondern st\u00e4rkt auch die Marketingpositionierung des Produkts. Marken k\u00f6nnen klare Botschaften vermitteln: \u00abStraffere Haut schon nach der ersten Woche\u00bb, \u00ab48 Stunden lang anhaltender Straffungseffekt\u00bb. Diese durch objektive Messungen untermauerten Aussagen \u00fcberzeugen Beh\u00f6rden, H\u00e4ndler und Verbraucher von der Glaubw\u00fcrdigkeit des Produkts.<\/p><\/div><br \/><hr \/><\/div><\/div><\/div><\/div><\/div>\t\t\t\t\t\t\t\t<\/div>\n\t\t\t\t<\/div>\n\t\t\t\t\t<\/div>\n\t\t<\/div>\n\t\t\t\t\t<\/div>\n\t\t<\/section>\n\t\t\t\t<\/div>","protected":false},"excerpt":{"rendered":"<p>Test de fermet\u00e9\u202f: mesure objective de la r\u00e9sistance m\u00e9canique de la peau Le test de fermet\u00e9 est la r\u00e9f\u00e9rence scientifique pour quantifier la capacit\u00e9 de la peau \u00e0 r\u00e9sister \u00e0 l\u2019affaissement et \u00e0 conserver sa tension naturelle. Cette propri\u00e9t\u00e9, \u00e9troitement li\u00e9e au processus de vieillissement cutan\u00e9, est \u00e9valu\u00e9e \u00e0 l\u2019aide d\u2019appareils sp\u00e9cialis\u00e9s qui appliquent une [&hellip;]<\/p>","protected":false},"featured_media":881,"template":"","meta":{"_acf_changed":false},"product_brand":[],"product_cat":[152],"product_tag":[113,116,112,114,115,117],"class_list":{"0":"post-1958","1":"product","2":"type-product","3":"status-publish","4":"has-post-thumbnail","6":"product_cat-tests","7":"product_tag-activite","8":"product_tag-activity","9":"product_tag-analyse","10":"product_tag-eau","11":"product_tag-micro-organismes","12":"product_tag-water","14":"first","15":"instock","16":"shipping-taxable","17":"product-type-simple"},"acf":[],"yoast_head":"<!-- This site is optimized with the Yoast SEO plugin v24.6 - https:\/\/yoast.com\/wordpress\/plugins\/seo\/ -->\n<title>Test de fermet\u00e9\u202f: mesure de la r\u00e9sistance m\u00e9canique de la peau<\/title>\n<meta name=\"description\" content=\"Test de fermet\u00e9\u202f: mesure objective de la r\u00e9sistance cutan\u00e9e, prouve l\u2019effet tenseur et valide les all\u00e9gations de raffermissement. Suisse\u2011UE.\" \/>\n<meta name=\"robots\" content=\"index, follow, max-snippet:-1, max-image-preview:large, max-video-preview:-1\" \/>\n<link rel=\"canonical\" href=\"https:\/\/www.laboratoireslelegard.com\/de\/produkt\/festigkeitstest\/\" \/>\n<meta property=\"og:locale\" content=\"de_DE\" \/>\n<meta property=\"og:type\" content=\"article\" \/>\n<meta property=\"og:title\" content=\"Test de fermet\u00e9\u202f: mesure de la r\u00e9sistance m\u00e9canique de la peau\" \/>\n<meta property=\"og:description\" content=\"Test de fermet\u00e9\u202f: mesure objective de la r\u00e9sistance cutan\u00e9e, prouve l\u2019effet tenseur et valide les all\u00e9gations de raffermissement. Suisse\u2011UE.\" \/>\n<meta property=\"og:url\" content=\"https:\/\/www.laboratoireslelegard.com\/de\/produkt\/festigkeitstest\/\" \/>\n<meta property=\"og:site_name\" content=\"Laboratoires Lel\u00e9gard\" \/>\n<meta property=\"article:modified_time\" content=\"2025-12-25T22:04:54+00:00\" \/>\n<meta property=\"og:image\" content=\"https:\/\/www.laboratoireslelegard.com\/wp-content\/uploads\/2023\/04\/Image-00024-1.jpg\" \/>\n\t<meta property=\"og:image:width\" content=\"2000\" \/>\n\t<meta property=\"og:image:height\" content=\"500\" \/>\n\t<meta property=\"og:image:type\" content=\"image\/jpeg\" \/>\n<meta name=\"twitter:card\" content=\"summary_large_image\" \/>\n<meta name=\"twitter:label1\" content=\"Gesch\u00e4tzte Lesezeit\" \/>\n\t<meta name=\"twitter:data1\" content=\"3\u00a0Minuten\" \/>\n<script type=\"application\/ld+json\" class=\"yoast-schema-graph\">{\"@context\":\"https:\/\/schema.org\",\"@graph\":[{\"@type\":\"WebPage\",\"@id\":\"https:\/\/www.laboratoireslelegard.com\/produit\/test-fermete\/\",\"url\":\"https:\/\/www.laboratoireslelegard.com\/produit\/test-fermete\/\",\"name\":\"Test de fermet\u00e9\u202f: mesure de la r\u00e9sistance m\u00e9canique de la peau\",\"isPartOf\":{\"@id\":\"https:\/\/www.laboratoireslelegard.com\/#website\"},\"primaryImageOfPage\":{\"@id\":\"https:\/\/www.laboratoireslelegard.com\/produit\/test-fermete\/#primaryimage\"},\"image\":{\"@id\":\"https:\/\/www.laboratoireslelegard.com\/produit\/test-fermete\/#primaryimage\"},\"thumbnailUrl\":\"https:\/\/www.laboratoireslelegard.com\/wp-content\/uploads\/2023\/04\/Image-00024-1.jpg\",\"datePublished\":\"2025-12-25T22:00:03+00:00\",\"dateModified\":\"2025-12-25T22:04:54+00:00\",\"description\":\"Test de fermet\u00e9\u202f: mesure objective de la r\u00e9sistance cutan\u00e9e, prouve l\u2019effet tenseur et valide les all\u00e9gations de raffermissement. Suisse\u2011UE.\",\"breadcrumb\":{\"@id\":\"https:\/\/www.laboratoireslelegard.com\/produit\/test-fermete\/#breadcrumb\"},\"inLanguage\":\"de\",\"potentialAction\":[{\"@type\":\"ReadAction\",\"target\":[\"https:\/\/www.laboratoireslelegard.com\/produit\/test-fermete\/\"]}]},{\"@type\":\"ImageObject\",\"inLanguage\":\"de\",\"@id\":\"https:\/\/www.laboratoireslelegard.com\/produit\/test-fermete\/#primaryimage\",\"url\":\"https:\/\/www.laboratoireslelegard.com\/wp-content\/uploads\/2023\/04\/Image-00024-1.jpg\",\"contentUrl\":\"https:\/\/www.laboratoireslelegard.com\/wp-content\/uploads\/2023\/04\/Image-00024-1.jpg\",\"width\":2000,\"height\":500,\"caption\":\"Test de fermet\u00e9\u202f: mesure de la r\u00e9sistance m\u00e9canique de la peau\"},{\"@type\":\"BreadcrumbList\",\"@id\":\"https:\/\/www.laboratoireslelegard.com\/produit\/test-fermete\/#breadcrumb\",\"itemListElement\":[{\"@type\":\"ListItem\",\"position\":1,\"name\":\"Accueil\",\"item\":\"https:\/\/www.laboratoireslelegard.com\/\"},{\"@type\":\"ListItem\",\"position\":2,\"name\":\"Boutique\",\"item\":\"https:\/\/www.laboratoireslelegard.com\/prestations-formations\/\"},{\"@type\":\"ListItem\",\"position\":3,\"name\":\"Test de fermet\u00e9\u202f: mesure objective de la r\u00e9sistance m\u00e9canique de la peau\"}]},{\"@type\":\"WebSite\",\"@id\":\"https:\/\/www.laboratoireslelegard.com\/#website\",\"url\":\"https:\/\/www.laboratoireslelegard.com\/\",\"name\":\"Laboratoires Lel\u00e9gard\",\"description\":\"SERVICE DE REGLEMENTATION ET TOXICOLOGIE\",\"publisher\":{\"@id\":\"https:\/\/www.laboratoireslelegard.com\/#organization\"},\"potentialAction\":[{\"@type\":\"SearchAction\",\"target\":{\"@type\":\"EntryPoint\",\"urlTemplate\":\"https:\/\/www.laboratoireslelegard.com\/?s={search_term_string}\"},\"query-input\":{\"@type\":\"PropertyValueSpecification\",\"valueRequired\":true,\"valueName\":\"search_term_string\"}}],\"inLanguage\":\"de\"},{\"@type\":\"Organization\",\"@id\":\"https:\/\/www.laboratoireslelegard.com\/#organization\",\"name\":\"Laboratoires Lel\u00e9gard\",\"url\":\"https:\/\/www.laboratoireslelegard.com\/\",\"logo\":{\"@type\":\"ImageObject\",\"inLanguage\":\"de\",\"@id\":\"https:\/\/www.laboratoireslelegard.com\/#\/schema\/logo\/image\/\",\"url\":\"https:\/\/www.laboratoireslelegard.com\/wp-content\/uploads\/2022\/10\/labolelegard.svg\",\"contentUrl\":\"https:\/\/www.laboratoireslelegard.com\/wp-content\/uploads\/2022\/10\/labolelegard.svg\",\"width\":515,\"height\":116,\"caption\":\"Laboratoires Lel\u00e9gard\"},\"image\":{\"@id\":\"https:\/\/www.laboratoireslelegard.com\/#\/schema\/logo\/image\/\"}}]}<\/script>\n<!-- \/ Yoast SEO plugin. -->","yoast_head_json":{"title":"Festigkeitstest: Messung der mechanischen Festigkeit der Haut","description":"Festigkeitstest: objektive Messung der Hautfestigkeit, belegt die straffende Wirkung und best\u00e4tigt die Angaben zur Hautfestigung. Schweiz-EU.","robots":{"index":"index","follow":"follow","max-snippet":"max-snippet:-1","max-image-preview":"max-image-preview:large","max-video-preview":"max-video-preview:-1"},"canonical":"https:\/\/www.laboratoireslelegard.com\/de\/produkt\/festigkeitstest\/","og_locale":"de_DE","og_type":"article","og_title":"Test de fermet\u00e9\u202f: mesure de la r\u00e9sistance m\u00e9canique de la peau","og_description":"Test de fermet\u00e9\u202f: mesure objective de la r\u00e9sistance cutan\u00e9e, prouve l\u2019effet tenseur et valide les all\u00e9gations de raffermissement. Suisse\u2011UE.","og_url":"https:\/\/www.laboratoireslelegard.com\/de\/produkt\/festigkeitstest\/","og_site_name":"Laboratoires Lel\u00e9gard","article_modified_time":"2025-12-25T22:04:54+00:00","og_image":[{"width":2000,"height":500,"url":"https:\/\/www.laboratoireslelegard.com\/wp-content\/uploads\/2023\/04\/Image-00024-1.jpg","type":"image\/jpeg"}],"twitter_card":"summary_large_image","twitter_misc":{"Gesch\u00e4tzte Lesezeit":"3\u00a0Minuten"},"schema":{"@context":"https:\/\/schema.org","@graph":[{"@type":"WebPage","@id":"https:\/\/www.laboratoireslelegard.com\/produit\/test-fermete\/","url":"https:\/\/www.laboratoireslelegard.com\/produit\/test-fermete\/","name":"Festigkeitstest: Messung der mechanischen Festigkeit der Haut","isPartOf":{"@id":"https:\/\/www.laboratoireslelegard.com\/#website"},"primaryImageOfPage":{"@id":"https:\/\/www.laboratoireslelegard.com\/produit\/test-fermete\/#primaryimage"},"image":{"@id":"https:\/\/www.laboratoireslelegard.com\/produit\/test-fermete\/#primaryimage"},"thumbnailUrl":"https:\/\/www.laboratoireslelegard.com\/wp-content\/uploads\/2023\/04\/Image-00024-1.jpg","datePublished":"2025-12-25T22:00:03+00:00","dateModified":"2025-12-25T22:04:54+00:00","description":"Festigkeitstest: objektive Messung der Hautfestigkeit, belegt die straffende Wirkung und best\u00e4tigt die Angaben zur Hautfestigung. Schweiz-EU.","breadcrumb":{"@id":"https:\/\/www.laboratoireslelegard.com\/produit\/test-fermete\/#breadcrumb"},"inLanguage":"de","potentialAction":[{"@type":"ReadAction","target":["https:\/\/www.laboratoireslelegard.com\/produit\/test-fermete\/"]}]},{"@type":"ImageObject","inLanguage":"de","@id":"https:\/\/www.laboratoireslelegard.com\/produit\/test-fermete\/#primaryimage","url":"https:\/\/www.laboratoireslelegard.com\/wp-content\/uploads\/2023\/04\/Image-00024-1.jpg","contentUrl":"https:\/\/www.laboratoireslelegard.com\/wp-content\/uploads\/2023\/04\/Image-00024-1.jpg","width":2000,"height":500,"caption":"Test de fermet\u00e9\u202f: mesure de la r\u00e9sistance m\u00e9canique de la peau"},{"@type":"BreadcrumbList","@id":"https:\/\/www.laboratoireslelegard.com\/produit\/test-fermete\/#breadcrumb","itemListElement":[{"@type":"ListItem","position":1,"name":"Accueil","item":"https:\/\/www.laboratoireslelegard.com\/"},{"@type":"ListItem","position":2,"name":"Boutique","item":"https:\/\/www.laboratoireslelegard.com\/prestations-formations\/"},{"@type":"ListItem","position":3,"name":"Test de fermet\u00e9\u202f: mesure objective de la r\u00e9sistance m\u00e9canique de la peau"}]},{"@type":"WebSite","@id":"https:\/\/www.laboratoireslelegard.com\/#website","url":"https:\/\/www.laboratoireslelegard.com\/","name":"Lel\u00e9gard Laboratories","description":"REGULIERUNGS- UND TOXIKOLOGIEDIENST","publisher":{"@id":"https:\/\/www.laboratoireslelegard.com\/#organization"},"potentialAction":[{"@type":"SearchAction","target":{"@type":"EntryPoint","urlTemplate":"https:\/\/www.laboratoireslelegard.com\/?s={search_term_string}"},"query-input":{"@type":"PropertyValueSpecification","valueRequired":true,"valueName":"search_term_string"}}],"inLanguage":"de"},{"@type":"Organization","@id":"https:\/\/www.laboratoireslelegard.com\/#organization","name":"Lel\u00e9gard Laboratories","url":"https:\/\/www.laboratoireslelegard.com\/","logo":{"@type":"ImageObject","inLanguage":"de","@id":"https:\/\/www.laboratoireslelegard.com\/#\/schema\/logo\/image\/","url":"https:\/\/www.laboratoireslelegard.com\/wp-content\/uploads\/2022\/10\/labolelegard.svg","contentUrl":"https:\/\/www.laboratoireslelegard.com\/wp-content\/uploads\/2022\/10\/labolelegard.svg","width":515,"height":116,"caption":"Laboratoires Lel\u00e9gard"},"image":{"@id":"https:\/\/www.laboratoireslelegard.com\/#\/schema\/logo\/image\/"}}]}},"_links":{"self":[{"href":"https:\/\/www.laboratoireslelegard.com\/de\/wp-json\/wp\/v2\/product\/1958","targetHints":{"allow":["GET"]}}],"collection":[{"href":"https:\/\/www.laboratoireslelegard.com\/de\/wp-json\/wp\/v2\/product"}],"about":[{"href":"https:\/\/www.laboratoireslelegard.com\/de\/wp-json\/wp\/v2\/types\/product"}],"version-history":[{"count":8,"href":"https:\/\/www.laboratoireslelegard.com\/de\/wp-json\/wp\/v2\/product\/1958\/revisions"}],"predecessor-version":[{"id":1966,"href":"https:\/\/www.laboratoireslelegard.com\/de\/wp-json\/wp\/v2\/product\/1958\/revisions\/1966"}],"wp:featuredmedia":[{"embeddable":true,"href":"https:\/\/www.laboratoireslelegard.com\/de\/wp-json\/wp\/v2\/media\/881"}],"wp:attachment":[{"href":"https:\/\/www.laboratoireslelegard.com\/de\/wp-json\/wp\/v2\/media?parent=1958"}],"wp:term":[{"taxonomy":"product_brand","embeddable":true,"href":"https:\/\/www.laboratoireslelegard.com\/de\/wp-json\/wp\/v2\/product_brand?post=1958"},{"taxonomy":"product_cat","embeddable":true,"href":"https:\/\/www.laboratoireslelegard.com\/de\/wp-json\/wp\/v2\/product_cat?post=1958"},{"taxonomy":"product_tag","embeddable":true,"href":"https:\/\/www.laboratoireslelegard.com\/de\/wp-json\/wp\/v2\/product_tag?post=1958"}],"curies":[{"name":"wp","href":"https:\/\/api.w.org\/{rel}","templated":true}]}}