{"id":1922,"date":"2025-12-25T20:00:54","date_gmt":"2025-12-25T19:00:54","guid":{"rendered":"https:\/\/www.laboratoireslelegard.com\/?post_type=product&#038;p=1922"},"modified":"2025-12-25T20:08:47","modified_gmt":"2025-12-25T19:08:47","slug":"dna-tunel-test","status":"publish","type":"product","link":"https:\/\/www.laboratoireslelegard.com\/de\/produkt\/dna-tunel-test\/","title":{"rendered":"TUNEL-Test: Nachweis der DNA-Fragmentierung"},"content":{"rendered":"<div data-elementor-type=\"product-post\" data-elementor-id=\"1922\" class=\"elementor elementor-1922\" data-elementor-post-type=\"product\">\n\t\t\t\t\t\t<section class=\"elementor-section elementor-top-section elementor-element elementor-element-06bf5d0 elementor-section-boxed elementor-section-height-default elementor-section-height-default\" data-id=\"06bf5d0\" data-element_type=\"section\">\n\t\t\t\t\t\t<div class=\"elementor-container elementor-column-gap-default\">\n\t\t\t\t\t<div class=\"elementor-column elementor-col-100 elementor-top-column elementor-element elementor-element-6f2a6e1\" data-id=\"6f2a6e1\" data-element_type=\"column\">\n\t\t\t<div class=\"elementor-widget-wrap elementor-element-populated\">\n\t\t\t\t\t\t<div class=\"elementor-element elementor-element-7d75f8c elementor-widget elementor-widget-text-editor\" data-id=\"7d75f8c\" data-element_type=\"widget\" data-widget_type=\"text-editor.default\">\n\t\t\t\t<div class=\"elementor-widget-container\">\n\t\t\t\t\t\t\t\t\t<div class=\"w-full\"><div class=\"progressive-markdown-content\"><div class=\"w-full\"><div class=\"progressive-markdown-content\"><div class=\"content-visibility-auto\"><div class=\"content-visibility-auto\"><p><strong>TUNEL-Test: hochsensitiver Nachweis von Apoptose zur Gew\u00e4hrleistung der Zellsicherheit von Kosmetika<\/strong><\/p><\/div><div class=\"content-visibility-auto\"><p class=\"western\" align=\"justify\">Der TUNEL-Test ist eine wichtige Methode zum Nachweis von DNA-Fragmentierung, einem charakteristischen Marker f\u00fcr den programmierten Zelltod oder die Apoptose. Mit ihm l\u00e4sst sich feststellen, ob ein Inhaltsstoff oder ein Kosmetikprodukt eine \u00fcberm\u00e4\u00dfige oder unerw\u00fcnschte Apoptose in exponierten Zellen ausl\u00f6sen kann, was ein wichtiger Parameter f\u00fcr die Gew\u00e4hrleistung der biologischen Sicherheit von Formulierungen ist.<\/p><p class=\"western\">Die Zellen werden zun\u00e4chst unter streng kontrollierten Bedingungen, die ihrer tats\u00e4chlichen Verwendung entsprechen, mit dem Produkt in Kontakt gebracht. Die w\u00e4hrend des Apoptosevorgangs entstandenen DNA-Fragmente werden anschlie\u00dfend mit fluoreszierenden oder kolorimetrischen Indikatoren markiert, wodurch die betroffenen Zellen genau sichtbar gemacht werden k\u00f6nnen. Anhand des Anteils der markierten Zellen und der Signalintensit\u00e4t l\u00e4sst sich das Ausma\u00df des beobachteten Effekts bewerten.<\/p><p class=\"western\">Ein hoher Anteil positiver Zellen kann auf ein potenzielles Risiko f\u00fcr die Lebensf\u00e4higkeit der Zellen hinweisen, w\u00e4hrend ein geringer oder kein Anteil die gute Vertr\u00e4glichkeit des Produkts auf dieser biologischen Ebene best\u00e4tigt. Dank seiner hohen Sensitivit\u00e4t ist der TUNEL-Test eine erg\u00e4nzende Methode zu anderen toxikologischen und genetischen Analysen, die in der Schweiz und in Europa zur Validierung der Unbedenklichkeit von Wirkstoffen und innovativen Formulierungen eingesetzt werden.<\/p><p>Der <strong>TUNEL-Test<\/strong> (Terminal Deoxynucleotidyl Transferase dUTP Nick End Labelling) ist heute die Referenzmethode zur Identifizierung der DNA-Fragmentierung, einem eindeutigen Marker f\u00fcr den programmierten Zelltod (Apoptose). Im Bereich der Kosmetik erm\u00f6glicht sie die \u00dcberpr\u00fcfung, ob ein Inhaltsstoff oder eine Formulierung keine \u00fcberm\u00e4\u00dfige Apoptose ausl\u00f6st, was ein wesentliches Kriterium f\u00fcr die biologische Sicherheit von Produkten f\u00fcr die Haut oder die Schleimh\u00e4ute ist.<\/p><\/div><div class=\"content-visibility-auto\"><h3>Prinzip des Tests<\/h3><\/div><div class=\"content-visibility-auto\"><ol><li><strong>Kontrollierte Belichtung<\/strong> \u2013 Menschliche Zellen (Keratinozyten, Fibroblasten oder Bindehautzellen, je nach getestetem Produkt) werden mit dem Produkt in Konzentrationen inkubiert, die den tats\u00e4chlichen Anwendungsbedingungen entsprechen.<\/li><li><strong>Markierung von DNA-Br\u00fcchen<\/strong> \u2013 Die terminale Nukleotidyltransferase (TdT) f\u00fcgt markierte Nukleotide (Fluorochrome: FITC, Alexa 488; oder kolorimetrische Substrate) an die 3'-OH-Enden der w\u00e4hrend der Apoptose entstandenen DNA-Fragmente an.<\/li><li><strong>Erkennung<\/strong> \u2013 Die markierten Zellen werden unter einem Fluoreszenzmikroskop betrachtet oder mittels Durchflusszytometrie analysiert. Der Prozentsatz der positiven Zellen und die Signalintensit\u00e4t quantifizieren das Ausma\u00df der induzierten Apoptose.<\/li><\/ol><h3>Warum der TUNEL?<\/h3><ul><li><strong>Hohe Empfindlichkeit<\/strong>\u202f: Es erkennt sogar geringe DNA-Fragmentierung, die mit herk\u00f6mmlichen Lebensf\u00e4higkeitstests (MTT, Trypan Blue) oft nicht sichtbar ist.<\/li><\/ul><\/div><ul><li>\u00a0<\/li><li><strong>Besonderheit<\/strong>\u202f: Die F\u00e4rbung tritt nur auf, wenn die DNA-Str\u00e4nge tats\u00e4chlich durchtrennt sind, wodurch falsch positive Ergebnisse aufgrund oberfl\u00e4chlicher Sch\u00e4den vermieden werden.<\/li><li><strong>Einhaltung gesetzlicher Vorschriften<\/strong>\u202f: Die Schweizer Beh\u00f6rden (OCos\/OSAV) und die europ\u00e4ischen Beh\u00f6rden (Verordnung (EG) Nr. 1223\/2009) verlangen eine umfassende Bewertung der Zelltoxizit\u00e4t f\u00fcr Wirkstoffe, insbesondere solche nat\u00fcrlichen oder biotechnologischen Ursprungs.<\/li><li><strong>Integration in DIP\/PIF<\/strong>\u202f: Die Ergebnisse (Prozentsatz der TUNEL-positiven Zellen, Dosis-Wirkungs-Kurven) werden direkt in die Produktinformationsdatei (PIF) oder das Produktinformationsblatt (PIF) \u00fcbernommen und st\u00e4rken so die Zulassungsunterlagen.<\/li><\/ul><br \/><hr \/><\/div><\/div><\/div><\/div><\/div>\t\t\t\t\t\t\t\t<\/div>\n\t\t\t\t<\/div>\n\t\t\t\t\t<\/div>\n\t\t<\/div>\n\t\t\t\t\t<\/div>\n\t\t<\/section>\n\t\t\t\t<\/div>","protected":false},"excerpt":{"rendered":"<p>Test TUNEL\u202f: d\u00e9tection ultrasensible de l\u2019apoptose pour garantir la s\u00e9curit\u00e9 cellulaire des cosm\u00e9tiques Le test TUNEL est une m\u00e9thode essentielle pour d\u00e9tecter la fragmentation de l\u2019ADN, un marqueur caract\u00e9ristique de la mort cellulaire programm\u00e9e, ou apoptose. Il permet de d\u00e9terminer si un ingr\u00e9dient ou un produit cosm\u00e9tique peut induire une apoptose excessive ou non d\u00e9sir\u00e9e [&hellip;]<\/p>","protected":false},"featured_media":1736,"template":"","meta":{"_acf_changed":false},"product_brand":[],"product_cat":[151],"product_tag":[113,116,112,114,115,117],"class_list":{"0":"post-1922","1":"product","2":"type-product","3":"status-publish","4":"has-post-thumbnail","6":"product_cat-analyse","7":"product_tag-activite","8":"product_tag-activity","9":"product_tag-analyse","10":"product_tag-eau","11":"product_tag-micro-organismes","12":"product_tag-water","14":"first","15":"instock","16":"shipping-taxable","17":"product-type-simple"},"acf":[],"yoast_head":"<!-- This site is optimized with the Yoast SEO plugin v24.6 - https:\/\/yoast.com\/wordpress\/plugins\/seo\/ -->\n<title>Test TUNEL: d\u00e9tecter la fragmentation de l\u2019ADN<\/title>\n<meta name=\"description\" content=\"Test TUNEL\u202f: d\u00e9tection ultrasensible de la fragmentation ADN et de l\u2019apoptose, assure la s\u00e9curit\u00e9 des cosm\u00e9tiques, conforme aux exigences Suisse\u2011UE.\" \/>\n<meta name=\"robots\" content=\"index, follow, max-snippet:-1, max-image-preview:large, max-video-preview:-1\" \/>\n<link rel=\"canonical\" href=\"https:\/\/www.laboratoireslelegard.com\/de\/produkt\/dna-tunel-test\/\" \/>\n<meta property=\"og:locale\" content=\"de_DE\" \/>\n<meta property=\"og:type\" content=\"article\" \/>\n<meta property=\"og:title\" content=\"Test TUNEL: d\u00e9tecter la fragmentation de l\u2019ADN\" \/>\n<meta property=\"og:description\" content=\"Test TUNEL\u202f: d\u00e9tection ultrasensible de la fragmentation ADN et de l\u2019apoptose, assure la s\u00e9curit\u00e9 des cosm\u00e9tiques, conforme aux exigences Suisse\u2011UE.\" \/>\n<meta property=\"og:url\" content=\"https:\/\/www.laboratoireslelegard.com\/de\/produkt\/dna-tunel-test\/\" \/>\n<meta property=\"og:site_name\" content=\"Laboratoires Lel\u00e9gard\" \/>\n<meta property=\"article:modified_time\" content=\"2025-12-25T19:08:47+00:00\" \/>\n<meta property=\"og:image\" content=\"https:\/\/www.laboratoireslelegard.com\/wp-content\/uploads\/2023\/04\/figure-for-cell-meter-fixed-cell-and-tissue-tunel-apoptosis-assay-kit-green-fluorescence_iowUC.jpg\" \/>\n\t<meta property=\"og:image:width\" content=\"1000\" \/>\n\t<meta property=\"og:image:height\" content=\"419\" \/>\n\t<meta property=\"og:image:type\" content=\"image\/jpeg\" \/>\n<meta name=\"twitter:card\" content=\"summary_large_image\" \/>\n<meta name=\"twitter:label1\" content=\"Gesch\u00e4tzte Lesezeit\" \/>\n\t<meta name=\"twitter:data1\" content=\"3\u00a0Minuten\" \/>\n<script type=\"application\/ld+json\" class=\"yoast-schema-graph\">{\"@context\":\"https:\/\/schema.org\",\"@graph\":[{\"@type\":\"WebPage\",\"@id\":\"https:\/\/www.laboratoireslelegard.com\/produit\/test-tunel-adn\/\",\"url\":\"https:\/\/www.laboratoireslelegard.com\/produit\/test-tunel-adn\/\",\"name\":\"Test TUNEL: d\u00e9tecter la fragmentation de l\u2019ADN\",\"isPartOf\":{\"@id\":\"https:\/\/www.laboratoireslelegard.com\/#website\"},\"primaryImageOfPage\":{\"@id\":\"https:\/\/www.laboratoireslelegard.com\/produit\/test-tunel-adn\/#primaryimage\"},\"image\":{\"@id\":\"https:\/\/www.laboratoireslelegard.com\/produit\/test-tunel-adn\/#primaryimage\"},\"thumbnailUrl\":\"https:\/\/www.laboratoireslelegard.com\/wp-content\/uploads\/2023\/04\/figure-for-cell-meter-fixed-cell-and-tissue-tunel-apoptosis-assay-kit-green-fluorescence_iowUC.jpg\",\"datePublished\":\"2025-12-25T19:00:54+00:00\",\"dateModified\":\"2025-12-25T19:08:47+00:00\",\"description\":\"Test TUNEL\u202f: d\u00e9tection ultrasensible de la fragmentation ADN et de l\u2019apoptose, assure la s\u00e9curit\u00e9 des cosm\u00e9tiques, conforme aux exigences Suisse\u2011UE.\",\"breadcrumb\":{\"@id\":\"https:\/\/www.laboratoireslelegard.com\/produit\/test-tunel-adn\/#breadcrumb\"},\"inLanguage\":\"de\",\"potentialAction\":[{\"@type\":\"ReadAction\",\"target\":[\"https:\/\/www.laboratoireslelegard.com\/produit\/test-tunel-adn\/\"]}]},{\"@type\":\"ImageObject\",\"inLanguage\":\"de\",\"@id\":\"https:\/\/www.laboratoireslelegard.com\/produit\/test-tunel-adn\/#primaryimage\",\"url\":\"https:\/\/www.laboratoireslelegard.com\/wp-content\/uploads\/2023\/04\/figure-for-cell-meter-fixed-cell-and-tissue-tunel-apoptosis-assay-kit-green-fluorescence_iowUC.jpg\",\"contentUrl\":\"https:\/\/www.laboratoireslelegard.com\/wp-content\/uploads\/2023\/04\/figure-for-cell-meter-fixed-cell-and-tissue-tunel-apoptosis-assay-kit-green-fluorescence_iowUC.jpg\",\"width\":1000,\"height\":419,\"caption\":\"Test TUNEL: d\u00e9tecter la fragmentation de l\u2019ADN\"},{\"@type\":\"BreadcrumbList\",\"@id\":\"https:\/\/www.laboratoireslelegard.com\/produit\/test-tunel-adn\/#breadcrumb\",\"itemListElement\":[{\"@type\":\"ListItem\",\"position\":1,\"name\":\"Accueil\",\"item\":\"https:\/\/www.laboratoireslelegard.com\/\"},{\"@type\":\"ListItem\",\"position\":2,\"name\":\"Boutique\",\"item\":\"https:\/\/www.laboratoireslelegard.com\/prestations-formations\/\"},{\"@type\":\"ListItem\",\"position\":3,\"name\":\"test TUNEL: D\u00e9tecter la fragmentation de l\u2019ADN\"}]},{\"@type\":\"WebSite\",\"@id\":\"https:\/\/www.laboratoireslelegard.com\/#website\",\"url\":\"https:\/\/www.laboratoireslelegard.com\/\",\"name\":\"Laboratoires Lel\u00e9gard\",\"description\":\"SERVICE DE REGLEMENTATION ET TOXICOLOGIE\",\"publisher\":{\"@id\":\"https:\/\/www.laboratoireslelegard.com\/#organization\"},\"potentialAction\":[{\"@type\":\"SearchAction\",\"target\":{\"@type\":\"EntryPoint\",\"urlTemplate\":\"https:\/\/www.laboratoireslelegard.com\/?s={search_term_string}\"},\"query-input\":{\"@type\":\"PropertyValueSpecification\",\"valueRequired\":true,\"valueName\":\"search_term_string\"}}],\"inLanguage\":\"de\"},{\"@type\":\"Organization\",\"@id\":\"https:\/\/www.laboratoireslelegard.com\/#organization\",\"name\":\"Laboratoires Lel\u00e9gard\",\"url\":\"https:\/\/www.laboratoireslelegard.com\/\",\"logo\":{\"@type\":\"ImageObject\",\"inLanguage\":\"de\",\"@id\":\"https:\/\/www.laboratoireslelegard.com\/#\/schema\/logo\/image\/\",\"url\":\"https:\/\/www.laboratoireslelegard.com\/wp-content\/uploads\/2022\/10\/labolelegard.svg\",\"contentUrl\":\"https:\/\/www.laboratoireslelegard.com\/wp-content\/uploads\/2022\/10\/labolelegard.svg\",\"width\":515,\"height\":116,\"caption\":\"Laboratoires Lel\u00e9gard\"},\"image\":{\"@id\":\"https:\/\/www.laboratoireslelegard.com\/#\/schema\/logo\/image\/\"}}]}<\/script>\n<!-- \/ Yoast SEO plugin. -->","yoast_head_json":{"title":"TUNEL-Test: Nachweis von DNA-Fragmentierung","description":"TUNEL-Test: hochempfindlicher Nachweis von DNA-Fragmentierung und Apoptose, gew\u00e4hrleistet die Sicherheit von Kosmetika, entspricht den Anforderungen der Schweiz und der EU.","robots":{"index":"index","follow":"follow","max-snippet":"max-snippet:-1","max-image-preview":"max-image-preview:large","max-video-preview":"max-video-preview:-1"},"canonical":"https:\/\/www.laboratoireslelegard.com\/de\/produkt\/dna-tunel-test\/","og_locale":"de_DE","og_type":"article","og_title":"Test TUNEL: d\u00e9tecter la fragmentation de l\u2019ADN","og_description":"Test TUNEL\u202f: d\u00e9tection ultrasensible de la fragmentation ADN et de l\u2019apoptose, assure la s\u00e9curit\u00e9 des cosm\u00e9tiques, conforme aux exigences Suisse\u2011UE.","og_url":"https:\/\/www.laboratoireslelegard.com\/de\/produkt\/dna-tunel-test\/","og_site_name":"Laboratoires Lel\u00e9gard","article_modified_time":"2025-12-25T19:08:47+00:00","og_image":[{"width":1000,"height":419,"url":"https:\/\/www.laboratoireslelegard.com\/wp-content\/uploads\/2023\/04\/figure-for-cell-meter-fixed-cell-and-tissue-tunel-apoptosis-assay-kit-green-fluorescence_iowUC.jpg","type":"image\/jpeg"}],"twitter_card":"summary_large_image","twitter_misc":{"Gesch\u00e4tzte Lesezeit":"3\u00a0Minuten"},"schema":{"@context":"https:\/\/schema.org","@graph":[{"@type":"WebPage","@id":"https:\/\/www.laboratoireslelegard.com\/produit\/test-tunel-adn\/","url":"https:\/\/www.laboratoireslelegard.com\/produit\/test-tunel-adn\/","name":"TUNEL-Test: Nachweis von DNA-Fragmentierung","isPartOf":{"@id":"https:\/\/www.laboratoireslelegard.com\/#website"},"primaryImageOfPage":{"@id":"https:\/\/www.laboratoireslelegard.com\/produit\/test-tunel-adn\/#primaryimage"},"image":{"@id":"https:\/\/www.laboratoireslelegard.com\/produit\/test-tunel-adn\/#primaryimage"},"thumbnailUrl":"https:\/\/www.laboratoireslelegard.com\/wp-content\/uploads\/2023\/04\/figure-for-cell-meter-fixed-cell-and-tissue-tunel-apoptosis-assay-kit-green-fluorescence_iowUC.jpg","datePublished":"2025-12-25T19:00:54+00:00","dateModified":"2025-12-25T19:08:47+00:00","description":"TUNEL-Test: hochempfindlicher Nachweis von DNA-Fragmentierung und Apoptose, gew\u00e4hrleistet die Sicherheit von Kosmetika, entspricht den Anforderungen der Schweiz und der EU.","breadcrumb":{"@id":"https:\/\/www.laboratoireslelegard.com\/produit\/test-tunel-adn\/#breadcrumb"},"inLanguage":"de","potentialAction":[{"@type":"ReadAction","target":["https:\/\/www.laboratoireslelegard.com\/produit\/test-tunel-adn\/"]}]},{"@type":"ImageObject","inLanguage":"de","@id":"https:\/\/www.laboratoireslelegard.com\/produit\/test-tunel-adn\/#primaryimage","url":"https:\/\/www.laboratoireslelegard.com\/wp-content\/uploads\/2023\/04\/figure-for-cell-meter-fixed-cell-and-tissue-tunel-apoptosis-assay-kit-green-fluorescence_iowUC.jpg","contentUrl":"https:\/\/www.laboratoireslelegard.com\/wp-content\/uploads\/2023\/04\/figure-for-cell-meter-fixed-cell-and-tissue-tunel-apoptosis-assay-kit-green-fluorescence_iowUC.jpg","width":1000,"height":419,"caption":"Test TUNEL: d\u00e9tecter la fragmentation de l\u2019ADN"},{"@type":"BreadcrumbList","@id":"https:\/\/www.laboratoireslelegard.com\/produit\/test-tunel-adn\/#breadcrumb","itemListElement":[{"@type":"ListItem","position":1,"name":"Accueil","item":"https:\/\/www.laboratoireslelegard.com\/"},{"@type":"ListItem","position":2,"name":"Boutique","item":"https:\/\/www.laboratoireslelegard.com\/prestations-formations\/"},{"@type":"ListItem","position":3,"name":"test TUNEL: D\u00e9tecter la fragmentation de l\u2019ADN"}]},{"@type":"WebSite","@id":"https:\/\/www.laboratoireslelegard.com\/#website","url":"https:\/\/www.laboratoireslelegard.com\/","name":"Lel\u00e9gard Laboratories","description":"REGULIERUNGS- UND TOXIKOLOGIEDIENST","publisher":{"@id":"https:\/\/www.laboratoireslelegard.com\/#organization"},"potentialAction":[{"@type":"SearchAction","target":{"@type":"EntryPoint","urlTemplate":"https:\/\/www.laboratoireslelegard.com\/?s={search_term_string}"},"query-input":{"@type":"PropertyValueSpecification","valueRequired":true,"valueName":"search_term_string"}}],"inLanguage":"de"},{"@type":"Organization","@id":"https:\/\/www.laboratoireslelegard.com\/#organization","name":"Lel\u00e9gard Laboratories","url":"https:\/\/www.laboratoireslelegard.com\/","logo":{"@type":"ImageObject","inLanguage":"de","@id":"https:\/\/www.laboratoireslelegard.com\/#\/schema\/logo\/image\/","url":"https:\/\/www.laboratoireslelegard.com\/wp-content\/uploads\/2022\/10\/labolelegard.svg","contentUrl":"https:\/\/www.laboratoireslelegard.com\/wp-content\/uploads\/2022\/10\/labolelegard.svg","width":515,"height":116,"caption":"Laboratoires Lel\u00e9gard"},"image":{"@id":"https:\/\/www.laboratoireslelegard.com\/#\/schema\/logo\/image\/"}}]}},"_links":{"self":[{"href":"https:\/\/www.laboratoireslelegard.com\/de\/wp-json\/wp\/v2\/product\/1922","targetHints":{"allow":["GET"]}}],"collection":[{"href":"https:\/\/www.laboratoireslelegard.com\/de\/wp-json\/wp\/v2\/product"}],"about":[{"href":"https:\/\/www.laboratoireslelegard.com\/de\/wp-json\/wp\/v2\/types\/product"}],"version-history":[{"count":8,"href":"https:\/\/www.laboratoireslelegard.com\/de\/wp-json\/wp\/v2\/product\/1922\/revisions"}],"predecessor-version":[{"id":1930,"href":"https:\/\/www.laboratoireslelegard.com\/de\/wp-json\/wp\/v2\/product\/1922\/revisions\/1930"}],"wp:featuredmedia":[{"embeddable":true,"href":"https:\/\/www.laboratoireslelegard.com\/de\/wp-json\/wp\/v2\/media\/1736"}],"wp:attachment":[{"href":"https:\/\/www.laboratoireslelegard.com\/de\/wp-json\/wp\/v2\/media?parent=1922"}],"wp:term":[{"taxonomy":"product_brand","embeddable":true,"href":"https:\/\/www.laboratoireslelegard.com\/de\/wp-json\/wp\/v2\/product_brand?post=1922"},{"taxonomy":"product_cat","embeddable":true,"href":"https:\/\/www.laboratoireslelegard.com\/de\/wp-json\/wp\/v2\/product_cat?post=1922"},{"taxonomy":"product_tag","embeddable":true,"href":"https:\/\/www.laboratoireslelegard.com\/de\/wp-json\/wp\/v2\/product_tag?post=1922"}],"curies":[{"name":"wp","href":"https:\/\/api.w.org\/{rel}","templated":true}]}}