{"id":1897,"date":"2025-12-25T19:23:55","date_gmt":"2025-12-25T18:23:55","guid":{"rendered":"https:\/\/www.laboratoireslelegard.com\/?post_type=product&#038;p=1897"},"modified":"2025-12-25T19:33:09","modified_gmt":"2025-12-25T18:33:09","slug":"patch-test","status":"publish","type":"product","link":"https:\/\/www.laboratoireslelegard.com\/de\/produkt\/patch-test\/","title":{"rendered":"Patch-Test \u2013 Hautvertr\u00e4glichkeit unter dermatologischer Kontrolle"},"content":{"rendered":"<div data-elementor-type=\"product-post\" data-elementor-id=\"1897\" class=\"elementor elementor-1897\" data-elementor-post-type=\"product\">\n\t\t\t\t\t\t<section class=\"elementor-section elementor-top-section elementor-element elementor-element-06bf5d0 elementor-section-boxed elementor-section-height-default elementor-section-height-default\" data-id=\"06bf5d0\" data-element_type=\"section\">\n\t\t\t\t\t\t<div class=\"elementor-container elementor-column-gap-default\">\n\t\t\t\t\t<div class=\"elementor-column elementor-col-100 elementor-top-column elementor-element elementor-element-6f2a6e1\" data-id=\"6f2a6e1\" data-element_type=\"column\">\n\t\t\t<div class=\"elementor-widget-wrap elementor-element-populated\">\n\t\t\t\t\t\t<div class=\"elementor-element elementor-element-7d75f8c elementor-widget elementor-widget-text-editor\" data-id=\"7d75f8c\" data-element_type=\"widget\" data-widget_type=\"text-editor.default\">\n\t\t\t\t<div class=\"elementor-widget-container\">\n\t\t\t\t\t\t\t\t\t<div class=\"w-full\"><div class=\"progressive-markdown-content\"><div class=\"w-full\"><div class=\"progressive-markdown-content\"><div class=\"content-visibility-auto\"><p class=\"western\" align=\"justify\">Der Patch-Test erm\u00f6glicht es, die Hautvertr\u00e4glichkeit eines Kosmetikprodukts zu bewerten und sicherzustellen, dass es keine Reizungen verursacht. Dieser Test, der f\u00fcr die Sicherheit von Produkten, die in der Schweiz und in der Europ\u00e4ischen Union vermarktet werden, unerl\u00e4sslich ist, besteht darin, kleine Mengen der Formel auf dermatologische Pflaster aufzutragen, die speziell daf\u00fcr entwickelt wurden, einen kontrollierten und konstanten Kontakt mit der Haut aufrechtzuerhalten. Diese Pflaster werden dann auf den R\u00fccken oder Unterarm einer Gruppe von 10 bis 20 Freiwilligen mit unterschiedlichen Hauttypen aufgebracht, gem\u00e4\u00df den europ\u00e4ischen und schweizerischen Vorschriften (OCos\/OSAV).<\/p><p class=\"western\">Die Pflaster bleiben 24 bis 48 Stunden lang an Ort und Stelle, w\u00e4hrenddessen der getestete Bereich gesch\u00fctzt bleibt, aber in direktem Kontakt mit dem Produkt steht. Nach dem Entfernen untersucht ein Dermatologe die Haut sorgf\u00e4ltig auf Anzeichen einer Unvertr\u00e4glichkeit: R\u00f6tungen, Reizungen, Juckreiz, Schwellungen oder allergische Reaktionen. In bestimmten F\u00e4llen wird 24 bis 72 Stunden sp\u00e4ter eine zweite Kontrolle durchgef\u00fchrt, um verz\u00f6gerte Reaktionen festzustellen, was f\u00fcr die Best\u00e4tigung der Unbedenklichkeit gem\u00e4\u00df den schweizerischen und europ\u00e4ischen Standards besonders wichtig ist.<\/p><p class=\"western\">Der Patch-Test ist somit ein wesentlicher Schritt, um die Hautvertr\u00e4glichkeit eines Kosmetikprodukts vor dessen Markteinf\u00fchrung nachzuweisen, und ist direkt in das DIP\/PIF integriert, das sowohl in Europa als auch in der Schweiz vorgeschrieben ist.<\/p><p class=\"western\" align=\"justify\"><br \/><br \/><\/p><p class=\"western\" align=\"justify\"><br \/><br \/><\/p><p class=\"western\" align=\"justify\"><br \/><br \/><\/p><p class=\"western\" align=\"justify\"><br \/><br \/><\/p><p class=\"western\" align=\"justify\"><br \/><br \/><\/p><p class=\"western\" align=\"justify\"><br \/><br \/><\/p><p class=\"western\"><b>Test an empfindlicher Haut<\/b><\/p><p class=\"western\" align=\"justify\">Der Test f\u00fcr empfindliche Haut dient dazu, die Vertr\u00e4glichkeit eines Produkts bei Freiwilligen mit besonders reaktiver Haut zu \u00fcberpr\u00fcfen, die leicht zu R\u00f6tungen oder Beschwerden neigt. Diese Analyse wird auf dem Schweizer Markt sehr gesch\u00e4tzt, wo Verbraucher und Beh\u00f6rden fundierte Nachweise f\u00fcr die Hautvertr\u00e4glichkeit von Produkten, insbesondere von Natur- oder Dermatologieprodukten, verlangen.<\/p><p class=\"western\">Eine Gruppe von Freiwilligen mit empfindlicher Haut wird ausgew\u00e4hlt, dann wird das Produkt gem\u00e4\u00df einem geeigneten Protokoll angewendet: einmalige Anwendung, t\u00e4gliche oder wiederholte Anwendung \u00fcber mehrere Tage oder Wochen, je nach der zu bewertenden Produktkategorie. Dermatologen kontrollieren regelm\u00e4\u00dfig den Zustand der Haut und achten dabei auf Brennen, Erhitzen, Spannungsgef\u00fchle, R\u00f6tungen oder Schwellungen. Wie beim Patch-Test kann eine Nachbeobachtung durchgef\u00fchrt werden, um m\u00f6gliche Sp\u00e4treaktionen festzustellen. Dieser Test best\u00e4tigt, dass das Produkt auch von sehr empfindlicher Haut ohne Beschwerden verwendet werden kann, was ein zus\u00e4tzliches Ma\u00df an Sicherheit und Vertrauen schafft.<\/p><p class=\"western\" align=\"justify\"><br \/><br \/><\/p><br \/><hr \/><\/div><\/div><\/div><\/div><\/div>\t\t\t\t\t\t\t\t<\/div>\n\t\t\t\t<\/div>\n\t\t\t\t\t<\/div>\n\t\t<\/div>\n\t\t\t\t\t<\/div>\n\t\t<\/section>\n\t\t\t\t<\/div>","protected":false},"excerpt":{"rendered":"<p>Le patch test permet d\u2019\u00e9valuer la tol\u00e9rance cutan\u00e9e d\u2019un produit cosm\u00e9tique et de confirmer son absence d\u2019effet irritant. Ce test, essentiel \u00e0 la s\u00e9curit\u00e9 des produits commercialis\u00e9s en Suisse comme dans l\u2019Union Europ\u00e9enne, consiste \u00e0 appliquer de petites quantit\u00e9s de la formule sur des patchs dermatologiques sp\u00e9cialement con\u00e7us pour maintenir un contact contr\u00f4l\u00e9 et constant [&hellip;]<\/p>","protected":false},"featured_media":1742,"template":"","meta":{"_acf_changed":false},"product_brand":[],"product_cat":[151],"product_tag":[113,116,112,114,115,117],"class_list":{"0":"post-1897","1":"product","2":"type-product","3":"status-publish","4":"has-post-thumbnail","6":"product_cat-analyse","7":"product_tag-activite","8":"product_tag-activity","9":"product_tag-analyse","10":"product_tag-eau","11":"product_tag-micro-organismes","12":"product_tag-water","14":"first","15":"instock","16":"shipping-taxable","17":"product-type-simple"},"acf":[],"yoast_head":"<!-- This site is optimized with the Yoast SEO plugin v24.6 - https:\/\/yoast.com\/wordpress\/plugins\/seo\/ -->\n<title>Patch Test: Tol\u00e9rance cutan\u00e9e sous contr\u00f4le dermatologique<\/title>\n<meta name=\"description\" content=\"Patch test: \u00e9value la tol\u00e9rance cutan\u00e9e, y compris les peaux sensibles, garantissant la tol\u00e9rance des cosm\u00e9tiques pour le march\u00e9 suisse, UK et europ\u00e9en.\" \/>\n<meta name=\"robots\" content=\"index, follow, max-snippet:-1, max-image-preview:large, max-video-preview:-1\" \/>\n<link rel=\"canonical\" href=\"https:\/\/www.laboratoireslelegard.com\/de\/produkt\/patch-test\/\" \/>\n<meta property=\"og:locale\" content=\"de_DE\" \/>\n<meta property=\"og:type\" content=\"article\" \/>\n<meta property=\"og:title\" content=\"Patch Test: Tol\u00e9rance cutan\u00e9e sous contr\u00f4le dermatologique\" \/>\n<meta property=\"og:description\" content=\"Patch test: \u00e9value la tol\u00e9rance cutan\u00e9e, y compris les peaux sensibles, garantissant la tol\u00e9rance des cosm\u00e9tiques pour le march\u00e9 suisse, UK et europ\u00e9en.\" \/>\n<meta property=\"og:url\" content=\"https:\/\/www.laboratoireslelegard.com\/de\/produkt\/patch-test\/\" \/>\n<meta property=\"og:site_name\" content=\"Laboratoires Lel\u00e9gard\" \/>\n<meta property=\"article:modified_time\" content=\"2025-12-25T18:33:09+00:00\" \/>\n<meta property=\"og:image\" content=\"https:\/\/www.laboratoireslelegard.com\/wp-content\/uploads\/2023\/04\/patch-test.jpg\" \/>\n\t<meta property=\"og:image:width\" content=\"1920\" \/>\n\t<meta property=\"og:image:height\" content=\"1080\" \/>\n\t<meta property=\"og:image:type\" content=\"image\/jpeg\" \/>\n<meta name=\"twitter:card\" content=\"summary_large_image\" \/>\n<script type=\"application\/ld+json\" class=\"yoast-schema-graph\">{\"@context\":\"https:\/\/schema.org\",\"@graph\":[{\"@type\":\"WebPage\",\"@id\":\"https:\/\/www.laboratoireslelegard.com\/produit\/patch-test\/\",\"url\":\"https:\/\/www.laboratoireslelegard.com\/produit\/patch-test\/\",\"name\":\"Patch Test: Tol\u00e9rance cutan\u00e9e sous contr\u00f4le dermatologique\",\"isPartOf\":{\"@id\":\"https:\/\/www.laboratoireslelegard.com\/#website\"},\"primaryImageOfPage\":{\"@id\":\"https:\/\/www.laboratoireslelegard.com\/produit\/patch-test\/#primaryimage\"},\"image\":{\"@id\":\"https:\/\/www.laboratoireslelegard.com\/produit\/patch-test\/#primaryimage\"},\"thumbnailUrl\":\"https:\/\/www.laboratoireslelegard.com\/wp-content\/uploads\/2023\/04\/patch-test.jpg\",\"datePublished\":\"2025-12-25T18:23:55+00:00\",\"dateModified\":\"2025-12-25T18:33:09+00:00\",\"description\":\"Patch test: \u00e9value la tol\u00e9rance cutan\u00e9e, y compris les peaux sensibles, garantissant la tol\u00e9rance des cosm\u00e9tiques pour le march\u00e9 suisse, UK et europ\u00e9en.\",\"breadcrumb\":{\"@id\":\"https:\/\/www.laboratoireslelegard.com\/produit\/patch-test\/#breadcrumb\"},\"inLanguage\":\"de\",\"potentialAction\":[{\"@type\":\"ReadAction\",\"target\":[\"https:\/\/www.laboratoireslelegard.com\/produit\/patch-test\/\"]}]},{\"@type\":\"ImageObject\",\"inLanguage\":\"de\",\"@id\":\"https:\/\/www.laboratoireslelegard.com\/produit\/patch-test\/#primaryimage\",\"url\":\"https:\/\/www.laboratoireslelegard.com\/wp-content\/uploads\/2023\/04\/patch-test.jpg\",\"contentUrl\":\"https:\/\/www.laboratoireslelegard.com\/wp-content\/uploads\/2023\/04\/patch-test.jpg\",\"width\":1920,\"height\":1080,\"caption\":\"patch-test\"},{\"@type\":\"BreadcrumbList\",\"@id\":\"https:\/\/www.laboratoireslelegard.com\/produit\/patch-test\/#breadcrumb\",\"itemListElement\":[{\"@type\":\"ListItem\",\"position\":1,\"name\":\"Accueil\",\"item\":\"https:\/\/www.laboratoireslelegard.com\/\"},{\"@type\":\"ListItem\",\"position\":2,\"name\":\"Boutique\",\"item\":\"https:\/\/www.laboratoireslelegard.com\/prestations-formations\/\"},{\"@type\":\"ListItem\",\"position\":3,\"name\":\"Patch Test &#8211; Tol\u00e9rance cutan\u00e9e sous contr\u00f4le dermatologique\"}]},{\"@type\":\"WebSite\",\"@id\":\"https:\/\/www.laboratoireslelegard.com\/#website\",\"url\":\"https:\/\/www.laboratoireslelegard.com\/\",\"name\":\"Laboratoires Lel\u00e9gard\",\"description\":\"SERVICE DE REGLEMENTATION ET TOXICOLOGIE\",\"publisher\":{\"@id\":\"https:\/\/www.laboratoireslelegard.com\/#organization\"},\"potentialAction\":[{\"@type\":\"SearchAction\",\"target\":{\"@type\":\"EntryPoint\",\"urlTemplate\":\"https:\/\/www.laboratoireslelegard.com\/?s={search_term_string}\"},\"query-input\":{\"@type\":\"PropertyValueSpecification\",\"valueRequired\":true,\"valueName\":\"search_term_string\"}}],\"inLanguage\":\"de\"},{\"@type\":\"Organization\",\"@id\":\"https:\/\/www.laboratoireslelegard.com\/#organization\",\"name\":\"Laboratoires Lel\u00e9gard\",\"url\":\"https:\/\/www.laboratoireslelegard.com\/\",\"logo\":{\"@type\":\"ImageObject\",\"inLanguage\":\"de\",\"@id\":\"https:\/\/www.laboratoireslelegard.com\/#\/schema\/logo\/image\/\",\"url\":\"https:\/\/www.laboratoireslelegard.com\/wp-content\/uploads\/2022\/10\/labolelegard.svg\",\"contentUrl\":\"https:\/\/www.laboratoireslelegard.com\/wp-content\/uploads\/2022\/10\/labolelegard.svg\",\"width\":515,\"height\":116,\"caption\":\"Laboratoires Lel\u00e9gard\"},\"image\":{\"@id\":\"https:\/\/www.laboratoireslelegard.com\/#\/schema\/logo\/image\/\"}}]}<\/script>\n<!-- \/ Yoast SEO plugin. -->","yoast_head_json":{"title":"Patch-Test: Hautvertr\u00e4glichkeit unter dermatologischer Kontrolle","description":"Patch-Test: bewertet die Hautvertr\u00e4glichkeit, einschlie\u00dflich empfindlicher Haut, und gew\u00e4hrleistet die Vertr\u00e4glichkeit von Kosmetika f\u00fcr den Schweizer, britischen und europ\u00e4ischen Markt.","robots":{"index":"index","follow":"follow","max-snippet":"max-snippet:-1","max-image-preview":"max-image-preview:large","max-video-preview":"max-video-preview:-1"},"canonical":"https:\/\/www.laboratoireslelegard.com\/de\/produkt\/patch-test\/","og_locale":"de_DE","og_type":"article","og_title":"Patch Test: Tol\u00e9rance cutan\u00e9e sous contr\u00f4le dermatologique","og_description":"Patch test: \u00e9value la tol\u00e9rance cutan\u00e9e, y compris les peaux sensibles, garantissant la tol\u00e9rance des cosm\u00e9tiques pour le march\u00e9 suisse, UK et europ\u00e9en.","og_url":"https:\/\/www.laboratoireslelegard.com\/de\/produkt\/patch-test\/","og_site_name":"Laboratoires Lel\u00e9gard","article_modified_time":"2025-12-25T18:33:09+00:00","og_image":[{"width":1920,"height":1080,"url":"https:\/\/www.laboratoireslelegard.com\/wp-content\/uploads\/2023\/04\/patch-test.jpg","type":"image\/jpeg"}],"twitter_card":"summary_large_image","schema":{"@context":"https:\/\/schema.org","@graph":[{"@type":"WebPage","@id":"https:\/\/www.laboratoireslelegard.com\/produit\/patch-test\/","url":"https:\/\/www.laboratoireslelegard.com\/produit\/patch-test\/","name":"Patch-Test: Hautvertr\u00e4glichkeit unter dermatologischer Kontrolle","isPartOf":{"@id":"https:\/\/www.laboratoireslelegard.com\/#website"},"primaryImageOfPage":{"@id":"https:\/\/www.laboratoireslelegard.com\/produit\/patch-test\/#primaryimage"},"image":{"@id":"https:\/\/www.laboratoireslelegard.com\/produit\/patch-test\/#primaryimage"},"thumbnailUrl":"https:\/\/www.laboratoireslelegard.com\/wp-content\/uploads\/2023\/04\/patch-test.jpg","datePublished":"2025-12-25T18:23:55+00:00","dateModified":"2025-12-25T18:33:09+00:00","description":"Patch-Test: bewertet die Hautvertr\u00e4glichkeit, einschlie\u00dflich empfindlicher Haut, und gew\u00e4hrleistet die Vertr\u00e4glichkeit von Kosmetika f\u00fcr den Schweizer, britischen und europ\u00e4ischen Markt.","breadcrumb":{"@id":"https:\/\/www.laboratoireslelegard.com\/produit\/patch-test\/#breadcrumb"},"inLanguage":"de","potentialAction":[{"@type":"ReadAction","target":["https:\/\/www.laboratoireslelegard.com\/produit\/patch-test\/"]}]},{"@type":"ImageObject","inLanguage":"de","@id":"https:\/\/www.laboratoireslelegard.com\/produit\/patch-test\/#primaryimage","url":"https:\/\/www.laboratoireslelegard.com\/wp-content\/uploads\/2023\/04\/patch-test.jpg","contentUrl":"https:\/\/www.laboratoireslelegard.com\/wp-content\/uploads\/2023\/04\/patch-test.jpg","width":1920,"height":1080,"caption":"patch-test"},{"@type":"BreadcrumbList","@id":"https:\/\/www.laboratoireslelegard.com\/produit\/patch-test\/#breadcrumb","itemListElement":[{"@type":"ListItem","position":1,"name":"Accueil","item":"https:\/\/www.laboratoireslelegard.com\/"},{"@type":"ListItem","position":2,"name":"Boutique","item":"https:\/\/www.laboratoireslelegard.com\/prestations-formations\/"},{"@type":"ListItem","position":3,"name":"Patch Test &#8211; Tol\u00e9rance cutan\u00e9e sous contr\u00f4le dermatologique"}]},{"@type":"WebSite","@id":"https:\/\/www.laboratoireslelegard.com\/#website","url":"https:\/\/www.laboratoireslelegard.com\/","name":"Lel\u00e9gard Laboratories","description":"REGULIERUNGS- UND TOXIKOLOGIEDIENST","publisher":{"@id":"https:\/\/www.laboratoireslelegard.com\/#organization"},"potentialAction":[{"@type":"SearchAction","target":{"@type":"EntryPoint","urlTemplate":"https:\/\/www.laboratoireslelegard.com\/?s={search_term_string}"},"query-input":{"@type":"PropertyValueSpecification","valueRequired":true,"valueName":"search_term_string"}}],"inLanguage":"de"},{"@type":"Organization","@id":"https:\/\/www.laboratoireslelegard.com\/#organization","name":"Lel\u00e9gard Laboratories","url":"https:\/\/www.laboratoireslelegard.com\/","logo":{"@type":"ImageObject","inLanguage":"de","@id":"https:\/\/www.laboratoireslelegard.com\/#\/schema\/logo\/image\/","url":"https:\/\/www.laboratoireslelegard.com\/wp-content\/uploads\/2022\/10\/labolelegard.svg","contentUrl":"https:\/\/www.laboratoireslelegard.com\/wp-content\/uploads\/2022\/10\/labolelegard.svg","width":515,"height":116,"caption":"Laboratoires Lel\u00e9gard"},"image":{"@id":"https:\/\/www.laboratoireslelegard.com\/#\/schema\/logo\/image\/"}}]}},"_links":{"self":[{"href":"https:\/\/www.laboratoireslelegard.com\/de\/wp-json\/wp\/v2\/product\/1897","targetHints":{"allow":["GET"]}}],"collection":[{"href":"https:\/\/www.laboratoireslelegard.com\/de\/wp-json\/wp\/v2\/product"}],"about":[{"href":"https:\/\/www.laboratoireslelegard.com\/de\/wp-json\/wp\/v2\/types\/product"}],"version-history":[{"count":5,"href":"https:\/\/www.laboratoireslelegard.com\/de\/wp-json\/wp\/v2\/product\/1897\/revisions"}],"predecessor-version":[{"id":1902,"href":"https:\/\/www.laboratoireslelegard.com\/de\/wp-json\/wp\/v2\/product\/1897\/revisions\/1902"}],"wp:featuredmedia":[{"embeddable":true,"href":"https:\/\/www.laboratoireslelegard.com\/de\/wp-json\/wp\/v2\/media\/1742"}],"wp:attachment":[{"href":"https:\/\/www.laboratoireslelegard.com\/de\/wp-json\/wp\/v2\/media?parent=1897"}],"wp:term":[{"taxonomy":"product_brand","embeddable":true,"href":"https:\/\/www.laboratoireslelegard.com\/de\/wp-json\/wp\/v2\/product_brand?post=1897"},{"taxonomy":"product_cat","embeddable":true,"href":"https:\/\/www.laboratoireslelegard.com\/de\/wp-json\/wp\/v2\/product_cat?post=1897"},{"taxonomy":"product_tag","embeddable":true,"href":"https:\/\/www.laboratoireslelegard.com\/de\/wp-json\/wp\/v2\/product_tag?post=1897"}],"curies":[{"name":"wp","href":"https:\/\/api.w.org\/{rel}","templated":true}]}}