{"id":1857,"date":"2025-12-25T18:43:09","date_gmt":"2025-12-25T17:43:09","guid":{"rendered":"https:\/\/www.laboratoireslelegard.com\/?post_type=product&#038;p=1857"},"modified":"2025-12-25T19:04:23","modified_gmt":"2025-12-25T18:04:23","slug":"test-ames","status":"publish","type":"product","link":"https:\/\/www.laboratoireslelegard.com\/de\/produkt\/test-ames\/","title":{"rendered":"Ames-Test"},"content":{"rendered":"<div data-elementor-type=\"product-post\" data-elementor-id=\"1857\" class=\"elementor elementor-1857\" data-elementor-post-type=\"product\">\n\t\t\t\t\t\t<section class=\"elementor-section elementor-top-section elementor-element elementor-element-06bf5d0 elementor-section-boxed elementor-section-height-default elementor-section-height-default\" data-id=\"06bf5d0\" data-element_type=\"section\">\n\t\t\t\t\t\t<div class=\"elementor-container elementor-column-gap-default\">\n\t\t\t\t\t<div class=\"elementor-column elementor-col-100 elementor-top-column elementor-element elementor-element-6f2a6e1\" data-id=\"6f2a6e1\" data-element_type=\"column\">\n\t\t\t<div class=\"elementor-widget-wrap elementor-element-populated\">\n\t\t\t\t\t\t<div class=\"elementor-element elementor-element-7d75f8c elementor-widget elementor-widget-text-editor\" data-id=\"7d75f8c\" data-element_type=\"widget\" data-widget_type=\"text-editor.default\">\n\t\t\t\t<div class=\"elementor-widget-container\">\n\t\t\t\t\t\t\t\t\t<div class=\"w-full\">\n<div class=\"progressive-markdown-content\">\n<div class=\"content-visibility-auto\">\n<p><strong>Der Ames-Test: eine Garantie f\u00fcr die genetische Sicherheit Ihrer Inhaltsstoffe und Fertigprodukte<\/strong><\/p>\n<\/div>\n<div class=\"content-visibility-auto\">\n<p>Der Ames-Test ist heute eines der zuverl\u00e4ssigsten und international anerkanntesten Instrumente, um die Mutagenit\u00e4t eines Inhaltsstoffs oder eines Endprodukts nachzuweisen. Er geh\u00f6rt zu den anspruchsvollsten toxikologischen Analysen und ist sowohl in Europa als auch in der Schweiz eine unabdingbare Voraussetzung f\u00fcr die Marktzulassung. Bei <strong>Lel\u00e9gard Laboratories<\/strong>, Wir sponsern diesen Test gem\u00e4\u00df der Richtlinie. <strong>OECD 471<\/strong>, dem von den Regulierungsbeh\u00f6rden verabschiedeten offiziellen Standard, und erstellen einen umfassenden Bericht, der sofort in Ihrem <strong>Produktinformationsblatt (PIB)<\/strong> oder <strong>Produktinformationsdatei (PIF)<\/strong>.<\/p>\n<\/div>\n<div class=\"content-visibility-auto\">\n<p>Unsere Expertise basiert auf mehreren S\u00e4ulen:<\/p>\n<\/div>\n<div class=\"content-visibility-auto\">\n<ul>\n<li><strong>Fachliche Kompetenzen<\/strong>\u202f: Unsere Teams bestehen aus erfahrenen Toxikologen, darunter ein aktives Mitglied der <strong>Schweizerische Gesellschaft f\u00fcr Toxikologie<\/strong>, und garantiert damit fundierte Kenntnisse der Anforderungen des Schweizer und europ\u00e4ischen Marktes.<\/li>\n<li><strong>Anpassung an nat\u00fcrliche und biotechnologische Materialien<\/strong>\u202f: Wir verstehen die Besonderheiten von Rohstoffen nat\u00fcrlichen Ursprungs sowie von Wirkstoffen aus der Biotechnologie, die sowohl von den europ\u00e4ischen als auch von den schweizerischen und britischen Beh\u00f6rden verst\u00e4rkt \u00fcberwacht werden.<\/li>\n<li><strong>Schnelle Lieferzeiten und pers\u00f6nliche Betreuung<\/strong>\u202f: Wir bieten wettbewerbsf\u00e4hige Reaktionszeiten in Verbindung mit einer engagierten Betreuung w\u00e4hrend des gesamten Prozesses, damit jede Marke ein solides, konformes und in beiden Rechtsordnungen verwertbares Dossier erstellen kann.<\/li>\n<\/ul>\n<p>Das Prinzip des Ames-Tests basiert auf der Exposition spezifischer Bakterienst\u00e4mme (in der Regel <em>Salmonella typhimurium<\/em> oder <em>Escherichia coli<\/em>) auf den untersuchten Stoff. Wenn der Stoff mutagenes Potenzial besitzt, f\u00fchrt er zu einer Erh\u00f6hung der Reversionsrate bakterieller Mutationen, die in Form resistenter Kolonien nachweisbar ist. Diese Methode ist einfach anzuwenden und \u00e4u\u00dferst empfindlich. Sie erm\u00f6glicht es, selbst geringe genotoxische Wirkungen nachzuweisen und bietet somit eine genaue Bewertung des genetischen Risikos.<\/p>\n<p>Im Schweizer Kontext, wo die Beh\u00f6rden der Sicherheit nat\u00fcrlicher Inhaltsstoffe besondere Aufmerksamkeit schenken, ist der Ames-Test oft eine unverzichtbare Voraussetzung f\u00fcr die Validierung eines neuen Rohstoffs oder eines innovativen Wirkstoffs, bevor dieser in eine kosmetische oder pharmazeutische Formel aufgenommen wird. Durch die Kombination von wissenschaftlicher Genauigkeit, Einhaltung gesetzlicher Vorschriften und operativer Reaktionsf\u00e4higkeit, <strong>Lel\u00e9gard Laboratories<\/strong> gew\u00e4hrleistet Ihnen die vollst\u00e4ndige Kontrolle \u00fcber den Prozess, sodass Sie Ihre Produkte sowohl in der Schweiz als auch in der Europ\u00e4ischen Union vertrauensvoll vermarkten k\u00f6nnen.<\/p>\n<\/div>\n<\/div>\n<\/div>\t\t\t\t\t\t\t\t<\/div>\n\t\t\t\t<\/div>\n\t\t\t\t\t<\/div>\n\t\t<\/div>\n\t\t\t\t\t<\/div>\n\t\t<\/section>\n\t\t\t\t<\/div>","protected":false},"excerpt":{"rendered":"<p>Le Test d\u2019Ames\u202f: un gage de s\u00e9curit\u00e9 g\u00e9n\u00e9tique pour vos ingr\u00e9dients et produits finis Le Test d\u2019Ames repr\u00e9sente aujourd\u2019hui l\u2019un des outils les plus fiables et largement reconnus \u00e0 l\u2019\u00e9chelle internationale pour attester de l\u2019absence de risque mutag\u00e8ne d\u2019un ingr\u00e9dient ou d\u2019un produit fini. Int\u00e9gr\u00e9 parmi les analyses toxicologiques les plus exigeantes, il constitue une [&hellip;]<\/p>","protected":false},"featured_media":1728,"template":"","meta":{"_acf_changed":false},"product_brand":[],"product_cat":[151],"product_tag":[113,116,112,114,115,117],"class_list":{"0":"post-1857","1":"product","2":"type-product","3":"status-publish","4":"has-post-thumbnail","6":"product_cat-analyse","7":"product_tag-activite","8":"product_tag-activity","9":"product_tag-analyse","10":"product_tag-eau","11":"product_tag-micro-organismes","12":"product_tag-water","14":"first","15":"instock","16":"shipping-taxable","17":"product-type-simple"},"acf":[],"yoast_head":"<!-- This site is optimized with the Yoast SEO plugin v24.6 - https:\/\/yoast.com\/wordpress\/plugins\/seo\/ -->\n<title>Test d&#039;Ames<\/title>\n<meta name=\"description\" content=\"Test d\u2019Ames\u202f: analyse toxicologique OECD\u202f471, certifie l&#039;absence de risque mutag\u00e8ne, indispensable pour le march\u00e9 UE et Suisse.\" \/>\n<meta name=\"robots\" content=\"index, follow, max-snippet:-1, max-image-preview:large, max-video-preview:-1\" \/>\n<link rel=\"canonical\" href=\"https:\/\/www.laboratoireslelegard.com\/de\/produkt\/test-ames\/\" \/>\n<meta property=\"og:locale\" content=\"de_DE\" \/>\n<meta property=\"og:type\" content=\"article\" \/>\n<meta property=\"og:title\" content=\"Test d&#039;Ames\" \/>\n<meta property=\"og:description\" content=\"Test d\u2019Ames\u202f: analyse toxicologique OECD\u202f471, certifie l&#039;absence de risque mutag\u00e8ne, indispensable pour le march\u00e9 UE et Suisse.\" \/>\n<meta property=\"og:url\" content=\"https:\/\/www.laboratoireslelegard.com\/de\/produkt\/test-ames\/\" \/>\n<meta property=\"og:site_name\" content=\"Laboratoires Lel\u00e9gard\" \/>\n<meta property=\"article:modified_time\" content=\"2025-12-25T18:04:23+00:00\" \/>\n<meta property=\"og:image\" content=\"https:\/\/www.laboratoireslelegard.com\/wp-content\/uploads\/2023\/04\/Ames-Assay-Blog-June-2025.png\" \/>\n\t<meta property=\"og:image:width\" content=\"1366\" \/>\n\t<meta property=\"og:image:height\" content=\"768\" \/>\n\t<meta property=\"og:image:type\" content=\"image\/png\" \/>\n<meta name=\"twitter:card\" content=\"summary_large_image\" \/>\n<meta name=\"twitter:label1\" content=\"Gesch\u00e4tzte Lesezeit\" \/>\n\t<meta name=\"twitter:data1\" content=\"3\u00a0Minuten\" \/>\n<script type=\"application\/ld+json\" class=\"yoast-schema-graph\">{\"@context\":\"https:\/\/schema.org\",\"@graph\":[{\"@type\":\"WebPage\",\"@id\":\"https:\/\/www.laboratoireslelegard.com\/produit\/test-ames\/\",\"url\":\"https:\/\/www.laboratoireslelegard.com\/produit\/test-ames\/\",\"name\":\"Test d'Ames\",\"isPartOf\":{\"@id\":\"https:\/\/www.laboratoireslelegard.com\/#website\"},\"primaryImageOfPage\":{\"@id\":\"https:\/\/www.laboratoireslelegard.com\/produit\/test-ames\/#primaryimage\"},\"image\":{\"@id\":\"https:\/\/www.laboratoireslelegard.com\/produit\/test-ames\/#primaryimage\"},\"thumbnailUrl\":\"https:\/\/www.laboratoireslelegard.com\/wp-content\/uploads\/2023\/04\/Ames-Assay-Blog-June-2025.png\",\"datePublished\":\"2025-12-25T17:43:09+00:00\",\"dateModified\":\"2025-12-25T18:04:23+00:00\",\"description\":\"Test d\u2019Ames\u202f: analyse toxicologique OECD\u202f471, certifie l'absence de risque mutag\u00e8ne, indispensable pour le march\u00e9 UE et Suisse.\",\"breadcrumb\":{\"@id\":\"https:\/\/www.laboratoireslelegard.com\/produit\/test-ames\/#breadcrumb\"},\"inLanguage\":\"de\",\"potentialAction\":[{\"@type\":\"ReadAction\",\"target\":[\"https:\/\/www.laboratoireslelegard.com\/produit\/test-ames\/\"]}]},{\"@type\":\"ImageObject\",\"inLanguage\":\"de\",\"@id\":\"https:\/\/www.laboratoireslelegard.com\/produit\/test-ames\/#primaryimage\",\"url\":\"https:\/\/www.laboratoireslelegard.com\/wp-content\/uploads\/2023\/04\/Ames-Assay-Blog-June-2025.png\",\"contentUrl\":\"https:\/\/www.laboratoireslelegard.com\/wp-content\/uploads\/2023\/04\/Ames-Assay-Blog-June-2025.png\",\"width\":1366,\"height\":768,\"caption\":\"Test d'Ames\"},{\"@type\":\"BreadcrumbList\",\"@id\":\"https:\/\/www.laboratoireslelegard.com\/produit\/test-ames\/#breadcrumb\",\"itemListElement\":[{\"@type\":\"ListItem\",\"position\":1,\"name\":\"Accueil\",\"item\":\"https:\/\/www.laboratoireslelegard.com\/\"},{\"@type\":\"ListItem\",\"position\":2,\"name\":\"Boutique\",\"item\":\"https:\/\/www.laboratoireslelegard.com\/prestations-formations\/\"},{\"@type\":\"ListItem\",\"position\":3,\"name\":\"Test d&rsquo;Ames\"}]},{\"@type\":\"WebSite\",\"@id\":\"https:\/\/www.laboratoireslelegard.com\/#website\",\"url\":\"https:\/\/www.laboratoireslelegard.com\/\",\"name\":\"Laboratoires Lel\u00e9gard\",\"description\":\"SERVICE DE REGLEMENTATION ET TOXICOLOGIE\",\"publisher\":{\"@id\":\"https:\/\/www.laboratoireslelegard.com\/#organization\"},\"potentialAction\":[{\"@type\":\"SearchAction\",\"target\":{\"@type\":\"EntryPoint\",\"urlTemplate\":\"https:\/\/www.laboratoireslelegard.com\/?s={search_term_string}\"},\"query-input\":{\"@type\":\"PropertyValueSpecification\",\"valueRequired\":true,\"valueName\":\"search_term_string\"}}],\"inLanguage\":\"de\"},{\"@type\":\"Organization\",\"@id\":\"https:\/\/www.laboratoireslelegard.com\/#organization\",\"name\":\"Laboratoires Lel\u00e9gard\",\"url\":\"https:\/\/www.laboratoireslelegard.com\/\",\"logo\":{\"@type\":\"ImageObject\",\"inLanguage\":\"de\",\"@id\":\"https:\/\/www.laboratoireslelegard.com\/#\/schema\/logo\/image\/\",\"url\":\"https:\/\/www.laboratoireslelegard.com\/wp-content\/uploads\/2022\/10\/labolelegard.svg\",\"contentUrl\":\"https:\/\/www.laboratoireslelegard.com\/wp-content\/uploads\/2022\/10\/labolelegard.svg\",\"width\":515,\"height\":116,\"caption\":\"Laboratoires Lel\u00e9gard\"},\"image\":{\"@id\":\"https:\/\/www.laboratoireslelegard.com\/#\/schema\/logo\/image\/\"}}]}<\/script>\n<!-- \/ Yoast SEO plugin. -->","yoast_head_json":{"title":"Ames-Test","description":"Ames-Test: Toxikologische Analyse OECD 471, bescheinigt die Abwesenheit mutagener Risiken, unerl\u00e4sslich f\u00fcr den EU- und Schweizer Markt.","robots":{"index":"index","follow":"follow","max-snippet":"max-snippet:-1","max-image-preview":"max-image-preview:large","max-video-preview":"max-video-preview:-1"},"canonical":"https:\/\/www.laboratoireslelegard.com\/de\/produkt\/test-ames\/","og_locale":"de_DE","og_type":"article","og_title":"Test d'Ames","og_description":"Test d\u2019Ames\u202f: analyse toxicologique OECD\u202f471, certifie l'absence de risque mutag\u00e8ne, indispensable pour le march\u00e9 UE et Suisse.","og_url":"https:\/\/www.laboratoireslelegard.com\/de\/produkt\/test-ames\/","og_site_name":"Laboratoires Lel\u00e9gard","article_modified_time":"2025-12-25T18:04:23+00:00","og_image":[{"width":1366,"height":768,"url":"https:\/\/www.laboratoireslelegard.com\/wp-content\/uploads\/2023\/04\/Ames-Assay-Blog-June-2025.png","type":"image\/png"}],"twitter_card":"summary_large_image","twitter_misc":{"Gesch\u00e4tzte Lesezeit":"3\u00a0Minuten"},"schema":{"@context":"https:\/\/schema.org","@graph":[{"@type":"WebPage","@id":"https:\/\/www.laboratoireslelegard.com\/produit\/test-ames\/","url":"https:\/\/www.laboratoireslelegard.com\/produit\/test-ames\/","name":"Ames-Test","isPartOf":{"@id":"https:\/\/www.laboratoireslelegard.com\/#website"},"primaryImageOfPage":{"@id":"https:\/\/www.laboratoireslelegard.com\/produit\/test-ames\/#primaryimage"},"image":{"@id":"https:\/\/www.laboratoireslelegard.com\/produit\/test-ames\/#primaryimage"},"thumbnailUrl":"https:\/\/www.laboratoireslelegard.com\/wp-content\/uploads\/2023\/04\/Ames-Assay-Blog-June-2025.png","datePublished":"2025-12-25T17:43:09+00:00","dateModified":"2025-12-25T18:04:23+00:00","description":"Ames-Test: Toxikologische Analyse OECD 471, bescheinigt die Abwesenheit mutagener Risiken, unerl\u00e4sslich f\u00fcr den EU- und Schweizer Markt.","breadcrumb":{"@id":"https:\/\/www.laboratoireslelegard.com\/produit\/test-ames\/#breadcrumb"},"inLanguage":"de","potentialAction":[{"@type":"ReadAction","target":["https:\/\/www.laboratoireslelegard.com\/produit\/test-ames\/"]}]},{"@type":"ImageObject","inLanguage":"de","@id":"https:\/\/www.laboratoireslelegard.com\/produit\/test-ames\/#primaryimage","url":"https:\/\/www.laboratoireslelegard.com\/wp-content\/uploads\/2023\/04\/Ames-Assay-Blog-June-2025.png","contentUrl":"https:\/\/www.laboratoireslelegard.com\/wp-content\/uploads\/2023\/04\/Ames-Assay-Blog-June-2025.png","width":1366,"height":768,"caption":"Test d'Ames"},{"@type":"BreadcrumbList","@id":"https:\/\/www.laboratoireslelegard.com\/produit\/test-ames\/#breadcrumb","itemListElement":[{"@type":"ListItem","position":1,"name":"Accueil","item":"https:\/\/www.laboratoireslelegard.com\/"},{"@type":"ListItem","position":2,"name":"Boutique","item":"https:\/\/www.laboratoireslelegard.com\/prestations-formations\/"},{"@type":"ListItem","position":3,"name":"Test d&rsquo;Ames"}]},{"@type":"WebSite","@id":"https:\/\/www.laboratoireslelegard.com\/#website","url":"https:\/\/www.laboratoireslelegard.com\/","name":"Lel\u00e9gard Laboratories","description":"REGULIERUNGS- UND TOXIKOLOGIEDIENST","publisher":{"@id":"https:\/\/www.laboratoireslelegard.com\/#organization"},"potentialAction":[{"@type":"SearchAction","target":{"@type":"EntryPoint","urlTemplate":"https:\/\/www.laboratoireslelegard.com\/?s={search_term_string}"},"query-input":{"@type":"PropertyValueSpecification","valueRequired":true,"valueName":"search_term_string"}}],"inLanguage":"de"},{"@type":"Organization","@id":"https:\/\/www.laboratoireslelegard.com\/#organization","name":"Lel\u00e9gard Laboratories","url":"https:\/\/www.laboratoireslelegard.com\/","logo":{"@type":"ImageObject","inLanguage":"de","@id":"https:\/\/www.laboratoireslelegard.com\/#\/schema\/logo\/image\/","url":"https:\/\/www.laboratoireslelegard.com\/wp-content\/uploads\/2022\/10\/labolelegard.svg","contentUrl":"https:\/\/www.laboratoireslelegard.com\/wp-content\/uploads\/2022\/10\/labolelegard.svg","width":515,"height":116,"caption":"Laboratoires Lel\u00e9gard"},"image":{"@id":"https:\/\/www.laboratoireslelegard.com\/#\/schema\/logo\/image\/"}}]}},"_links":{"self":[{"href":"https:\/\/www.laboratoireslelegard.com\/de\/wp-json\/wp\/v2\/product\/1857","targetHints":{"allow":["GET"]}}],"collection":[{"href":"https:\/\/www.laboratoireslelegard.com\/de\/wp-json\/wp\/v2\/product"}],"about":[{"href":"https:\/\/www.laboratoireslelegard.com\/de\/wp-json\/wp\/v2\/types\/product"}],"version-history":[{"count":8,"href":"https:\/\/www.laboratoireslelegard.com\/de\/wp-json\/wp\/v2\/product\/1857\/revisions"}],"predecessor-version":[{"id":1874,"href":"https:\/\/www.laboratoireslelegard.com\/de\/wp-json\/wp\/v2\/product\/1857\/revisions\/1874"}],"wp:featuredmedia":[{"embeddable":true,"href":"https:\/\/www.laboratoireslelegard.com\/de\/wp-json\/wp\/v2\/media\/1728"}],"wp:attachment":[{"href":"https:\/\/www.laboratoireslelegard.com\/de\/wp-json\/wp\/v2\/media?parent=1857"}],"wp:term":[{"taxonomy":"product_brand","embeddable":true,"href":"https:\/\/www.laboratoireslelegard.com\/de\/wp-json\/wp\/v2\/product_brand?post=1857"},{"taxonomy":"product_cat","embeddable":true,"href":"https:\/\/www.laboratoireslelegard.com\/de\/wp-json\/wp\/v2\/product_cat?post=1857"},{"taxonomy":"product_tag","embeddable":true,"href":"https:\/\/www.laboratoireslelegard.com\/de\/wp-json\/wp\/v2\/product_tag?post=1857"}],"curies":[{"name":"wp","href":"https:\/\/api.w.org\/{rel}","templated":true}]}}