{"id":3,"date":"2022-10-26T21:55:50","date_gmt":"2022-10-26T19:55:50","guid":{"rendered":"https:\/\/www.laboratoireslelegard.com\/?page_id=3"},"modified":"2023-07-24T09:54:00","modified_gmt":"2023-07-24T07:54:00","slug":"datenschutzerklarung","status":"publish","type":"page","link":"https:\/\/www.laboratoireslelegard.com\/de\/datenschutzerklarung\/","title":{"rendered":"Datenschutzerkl\u00e4rung"},"content":{"rendered":"<h2 class=\"wp-block-heading\">Wer sind wir?<\/h2><p>Laboratoires Lel\u00e9gard SASU ist ein Labor f\u00fcr die Entwicklung, Herstellung und Validierung von Kosmetikprodukten und gleichzeitig eine unter der Nummer 84030393603 registrierte Bildungseinrichtung. Diese Registrierung gilt nicht als staatliche Zulassung.<\/p>\r\n<p>Die Adresse unserer Website lautet: https:\/\/www.laboratoireslelegard.com.<\/p><h2 class=\"wp-block-heading\">Kommentare<\/h2><p>Wenn Sie einen Kommentar auf unserer Website hinterlassen, werden die im Kommentarformular eingegebenen Daten sowie Ihre IP-Adresse und der User-Agent Ihres Browsers erfasst, um uns bei der Erkennung unerw\u00fcnschter Kommentare zu helfen.<\/p><p>Eine anonymisierte Zeichenfolge, die aus Ihrer E-Mail-Adresse erstellt wird (auch als Hash bezeichnet), kann an den Dienst Gravatar gesendet werden, um zu \u00fcberpr\u00fcfen, ob Sie diesen nutzen. Die Datenschutzbestimmungen des Dienstes Gravatar finden Sie hier: https:\/\/automattic.com\/privacy\/. Nach der Freigabe Ihres Kommentars wird Ihr Profilfoto neben Ihrem Kommentar \u00f6ffentlich sichtbar sein.<\/p><h2 class=\"wp-block-heading\">Medien<\/h2><p>Wenn Sie Bilder auf die Website hochladen, empfehlen wir Ihnen, keine Bilder mit EXIF-Daten zu GPS-Koordinaten hochzuladen. Besucher Ihrer Website k\u00f6nnen Standortdaten aus diesen Bildern herunterladen und extrahieren.<\/p><h2 class=\"wp-block-heading\">Cookies<\/h2><p>Wenn Sie einen Kommentar auf unserer Website hinterlassen, werden Sie gefragt, ob Sie Ihren Namen, Ihre E-Mail-Adresse und Ihre Website in Cookies speichern m\u00f6chten. Dies dient ausschlie\u00dflich Ihrem Komfort, damit Sie diese Informationen nicht erneut eingeben m\u00fcssen, wenn Sie sp\u00e4ter einen weiteren Kommentar hinterlassen. Diese Cookies verfallen nach einem Jahr.<\/p><p>Wenn Sie die Anmeldeseite aufrufen, wird ein tempor\u00e4res Cookie erstellt, um festzustellen, ob Ihr Browser Cookies akzeptiert. Es enth\u00e4lt keine personenbezogenen Daten und wird beim Schlie\u00dfen Ihres Browsers automatisch gel\u00f6scht.<\/p><p>Wenn Sie sich anmelden, setzen wir eine Reihe von Cookies, um Ihre Anmeldedaten und Bildschirmeinstellungen zu speichern. Die Lebensdauer eines Anmelde-Cookies betr\u00e4gt zwei Tage, die eines Bildschirmoptions-Cookies ein Jahr. Wenn Sie \u00abAngemeldet bleiben\u00bb anklicken, wird Ihr Anmelde-Cookie zwei Wochen lang gespeichert. Wenn Sie sich von Ihrem Konto abmelden, wird das Anmelde-Cookie gel\u00f6scht.<\/p><p>Wenn Sie einen Beitrag bearbeiten oder ver\u00f6ffentlichen, wird ein zus\u00e4tzliches Cookie in Ihrem Browser gespeichert. Dieses Cookie enth\u00e4lt keine personenbezogenen Daten. Es gibt lediglich die ID des Beitrags an, den Sie gerade bearbeitet haben. Es l\u00e4uft nach einem Tag ab.<\/p><h2 class=\"wp-block-heading\">Von anderen Websites eingebettete Inhalte<\/h2><p>Die Artikel auf dieser Website k\u00f6nnen eingebettete Inhalte (z. B. Videos, Bilder, Artikel usw.) enthalten. Die von anderen Websites eingebetteten Inhalte verhalten sich so, als w\u00fcrde der Besucher diese andere Website aufrufen.<\/p><p>Diese Websites k\u00f6nnen Daten \u00fcber Sie sammeln, Cookies verwenden, Tracking-Tools von Drittanbietern einbinden und Ihre Interaktionen mit diesen eingebetteten Inhalten verfolgen, wenn Sie \u00fcber ein Konto auf ihrer Website verf\u00fcgen.<\/p><h2 class=\"wp-block-heading\">Verwendung und Weitergabe Ihrer personenbezogenen Daten<\/h2><p><strong class=\"privacy-policy-tutorial\">Vorgeschlagener Text: <\/strong>Wenn Sie eine Zur\u00fccksetzung Ihres Passworts beantragen, wird Ihre IP-Adresse in der E-Mail zur Zur\u00fccksetzung angegeben.<\/p><h2 class=\"wp-block-heading\">Speicherdauer Ihrer Daten<\/h2><p><strong class=\"privacy-policy-tutorial\">\u00a0<\/strong>Wenn Sie einen Kommentar hinterlassen, werden dieser und seine Metadaten auf unbestimmte Zeit gespeichert. So k\u00f6nnen nachfolgende Kommentare automatisch erkannt und freigegeben werden, anstatt sie in der Moderationswarteschlange zu belassen.<\/p><p>F\u00fcr Konten, die sich auf unserer Website registrieren (falls zutreffend), speichern wir auch die in ihrem Profil angegebenen personenbezogenen Daten. Alle Konten k\u00f6nnen ihre personenbezogenen Daten jederzeit einsehen, \u00e4ndern oder l\u00f6schen (mit Ausnahme ihrer Benutzerkennung). Die Administratoren der Website k\u00f6nnen diese Informationen ebenfalls einsehen und \u00e4ndern.<\/p><h2 class=\"wp-block-heading\">Ihre Rechte in Bezug auf Ihre Daten<\/h2><p>Wenn Sie ein Konto haben oder Kommentare auf der Website hinterlassen haben, k\u00f6nnen Sie eine Datei mit allen personenbezogenen Daten anfordern, die wir \u00fcber Sie gespeichert haben, einschlie\u00dflich der Daten, die Sie uns zur Verf\u00fcgung gestellt haben. Sie k\u00f6nnen auch die L\u00f6schung Ihrer personenbezogenen Daten beantragen. Davon ausgenommen sind Daten, die zu administrativen, rechtlichen oder Sicherheitszwecken gespeichert werden.<\/p><h2 class=\"wp-block-heading\">Wohin Ihre Daten gesendet werden<\/h2><p>Die Kommentare der Besucher k\u00f6nnen mithilfe eines automatisierten Dienstes zur Erkennung unerw\u00fcnschter Kommentare \u00fcberpr\u00fcft werden.<\/p>","protected":false},"excerpt":{"rendered":"<p>Qui sommes-nous\u00a0? Laboratoires Lel\u00e9gard SASU est un laboratoire de conception de fabrication et de validation de produits cosm\u00e9tiques c&rsquo;est \u00e9galement un organisme de formation enregistr\u00e9 sous le num\u00e9ro 84030393603. Cet enregistrement ne vaut pas agr\u00e9ment de l\u2019\u00c9tat L\u2019adresse de notre site est\u00a0: https:\/\/www.laboratoireslelegard.com. Commentaires Quand vous laissez un commentaire sur notre site, les donn\u00e9es inscrites [&hellip;]<\/p>","protected":false},"author":1,"featured_media":0,"parent":0,"menu_order":0,"comment_status":"closed","ping_status":"closed","template":"","meta":{"_acf_changed":false,"footnotes":""},"class_list":["post-3","page","type-page","status-publish","hentry"],"acf":[],"yoast_head":"<!-- This site is optimized with the Yoast SEO plugin v24.6 - https:\/\/yoast.com\/wordpress\/plugins\/seo\/ -->\n<title>Politique de confidentialit\u00e9 - Laboratoires Lel\u00e9gard<\/title>\n<meta name=\"description\" content=\"Laboratoires Lel\u00e9gard est un organisme de formation enregistr\u00e9 sous le num\u00e9ro 84030393603. Cet enregistrement ne vaut pas agr\u00e9ment de l\u2019\u00c9tat\" \/>\n<meta name=\"robots\" content=\"index, follow, max-snippet:-1, max-image-preview:large, max-video-preview:-1\" \/>\n<link rel=\"canonical\" href=\"https:\/\/www.laboratoireslelegard.com\/de\/datenschutzerklarung\/\" \/>\n<meta property=\"og:locale\" content=\"de_DE\" \/>\n<meta property=\"og:type\" content=\"article\" \/>\n<meta property=\"og:title\" content=\"Politique de confidentialit\u00e9 - Laboratoires Lel\u00e9gard\" \/>\n<meta property=\"og:description\" content=\"Laboratoires Lel\u00e9gard est un organisme de formation enregistr\u00e9 sous le num\u00e9ro 84030393603. Cet enregistrement ne vaut pas agr\u00e9ment de l\u2019\u00c9tat\" \/>\n<meta property=\"og:url\" content=\"https:\/\/www.laboratoireslelegard.com\/de\/datenschutzerklarung\/\" \/>\n<meta property=\"og:site_name\" content=\"Laboratoires Lel\u00e9gard\" \/>\n<meta property=\"article:modified_time\" content=\"2023-07-24T07:54:00+00:00\" \/>\n<meta name=\"twitter:card\" content=\"summary_large_image\" \/>\n<meta name=\"twitter:label1\" content=\"Gesch\u00e4tzte Lesezeit\" \/>\n\t<meta name=\"twitter:data1\" content=\"4\u00a0Minuten\" \/>\n<script type=\"application\/ld+json\" class=\"yoast-schema-graph\">{\"@context\":\"https:\/\/schema.org\",\"@graph\":[{\"@type\":\"WebPage\",\"@id\":\"https:\/\/www.laboratoireslelegard.com\/politique-de-confidentialite\/\",\"url\":\"https:\/\/www.laboratoireslelegard.com\/politique-de-confidentialite\/\",\"name\":\"Politique de confidentialit\u00e9 - Laboratoires Lel\u00e9gard\",\"isPartOf\":{\"@id\":\"https:\/\/www.laboratoireslelegard.com\/#website\"},\"datePublished\":\"2022-10-26T19:55:50+00:00\",\"dateModified\":\"2023-07-24T07:54:00+00:00\",\"description\":\"Laboratoires Lel\u00e9gard est un organisme de formation enregistr\u00e9 sous le num\u00e9ro 84030393603. Cet enregistrement ne vaut pas agr\u00e9ment de l\u2019\u00c9tat\",\"breadcrumb\":{\"@id\":\"https:\/\/www.laboratoireslelegard.com\/politique-de-confidentialite\/#breadcrumb\"},\"inLanguage\":\"de\",\"potentialAction\":[{\"@type\":\"ReadAction\",\"target\":[\"https:\/\/www.laboratoireslelegard.com\/politique-de-confidentialite\/\"]}]},{\"@type\":\"BreadcrumbList\",\"@id\":\"https:\/\/www.laboratoireslelegard.com\/politique-de-confidentialite\/#breadcrumb\",\"itemListElement\":[{\"@type\":\"ListItem\",\"position\":1,\"name\":\"Accueil\",\"item\":\"https:\/\/www.laboratoireslelegard.com\/\"},{\"@type\":\"ListItem\",\"position\":2,\"name\":\"Politique de confidentialit\u00e9\"}]},{\"@type\":\"WebSite\",\"@id\":\"https:\/\/www.laboratoireslelegard.com\/#website\",\"url\":\"https:\/\/www.laboratoireslelegard.com\/\",\"name\":\"Laboratoires Lel\u00e9gard\",\"description\":\"SERVICE DE REGLEMENTATION ET TOXICOLOGIE\",\"publisher\":{\"@id\":\"https:\/\/www.laboratoireslelegard.com\/#organization\"},\"potentialAction\":[{\"@type\":\"SearchAction\",\"target\":{\"@type\":\"EntryPoint\",\"urlTemplate\":\"https:\/\/www.laboratoireslelegard.com\/?s={search_term_string}\"},\"query-input\":{\"@type\":\"PropertyValueSpecification\",\"valueRequired\":true,\"valueName\":\"search_term_string\"}}],\"inLanguage\":\"de\"},{\"@type\":\"Organization\",\"@id\":\"https:\/\/www.laboratoireslelegard.com\/#organization\",\"name\":\"Laboratoires Lel\u00e9gard\",\"url\":\"https:\/\/www.laboratoireslelegard.com\/\",\"logo\":{\"@type\":\"ImageObject\",\"inLanguage\":\"de\",\"@id\":\"https:\/\/www.laboratoireslelegard.com\/#\/schema\/logo\/image\/\",\"url\":\"https:\/\/www.laboratoireslelegard.com\/wp-content\/uploads\/2022\/10\/labolelegard.svg\",\"contentUrl\":\"https:\/\/www.laboratoireslelegard.com\/wp-content\/uploads\/2022\/10\/labolelegard.svg\",\"width\":515,\"height\":116,\"caption\":\"Laboratoires Lel\u00e9gard\"},\"image\":{\"@id\":\"https:\/\/www.laboratoireslelegard.com\/#\/schema\/logo\/image\/\"}}]}<\/script>\n<!-- \/ Yoast SEO plugin. -->","yoast_head_json":{"title":"Datenschutzerkl\u00e4rung \u2013 Laboratoires Lel\u00e9gard","description":"Laboratoires Lel\u00e9gard ist eine unter der Nummer 84030393603 registrierte Bildungseinrichtung. Diese Registrierung gilt nicht als staatliche Zulassung.","robots":{"index":"index","follow":"follow","max-snippet":"max-snippet:-1","max-image-preview":"max-image-preview:large","max-video-preview":"max-video-preview:-1"},"canonical":"https:\/\/www.laboratoireslelegard.com\/de\/datenschutzerklarung\/","og_locale":"de_DE","og_type":"article","og_title":"Politique de confidentialit\u00e9 - Laboratoires Lel\u00e9gard","og_description":"Laboratoires Lel\u00e9gard est un organisme de formation enregistr\u00e9 sous le num\u00e9ro 84030393603. Cet enregistrement ne vaut pas agr\u00e9ment de l\u2019\u00c9tat","og_url":"https:\/\/www.laboratoireslelegard.com\/de\/datenschutzerklarung\/","og_site_name":"Laboratoires Lel\u00e9gard","article_modified_time":"2023-07-24T07:54:00+00:00","twitter_card":"summary_large_image","twitter_misc":{"Gesch\u00e4tzte Lesezeit":"4\u00a0Minuten"},"schema":{"@context":"https:\/\/schema.org","@graph":[{"@type":"WebPage","@id":"https:\/\/www.laboratoireslelegard.com\/politique-de-confidentialite\/","url":"https:\/\/www.laboratoireslelegard.com\/politique-de-confidentialite\/","name":"Datenschutzerkl\u00e4rung \u2013 Laboratoires Lel\u00e9gard","isPartOf":{"@id":"https:\/\/www.laboratoireslelegard.com\/#website"},"datePublished":"2022-10-26T19:55:50+00:00","dateModified":"2023-07-24T07:54:00+00:00","description":"Laboratoires Lel\u00e9gard ist eine unter der Nummer 84030393603 registrierte Bildungseinrichtung. Diese Registrierung gilt nicht als staatliche Zulassung.","breadcrumb":{"@id":"https:\/\/www.laboratoireslelegard.com\/politique-de-confidentialite\/#breadcrumb"},"inLanguage":"de","potentialAction":[{"@type":"ReadAction","target":["https:\/\/www.laboratoireslelegard.com\/politique-de-confidentialite\/"]}]},{"@type":"BreadcrumbList","@id":"https:\/\/www.laboratoireslelegard.com\/politique-de-confidentialite\/#breadcrumb","itemListElement":[{"@type":"ListItem","position":1,"name":"Accueil","item":"https:\/\/www.laboratoireslelegard.com\/"},{"@type":"ListItem","position":2,"name":"Politique de confidentialit\u00e9"}]},{"@type":"WebSite","@id":"https:\/\/www.laboratoireslelegard.com\/#website","url":"https:\/\/www.laboratoireslelegard.com\/","name":"Lel\u00e9gard Laboratories","description":"REGULIERUNGS- UND TOXIKOLOGIEDIENST","publisher":{"@id":"https:\/\/www.laboratoireslelegard.com\/#organization"},"potentialAction":[{"@type":"SearchAction","target":{"@type":"EntryPoint","urlTemplate":"https:\/\/www.laboratoireslelegard.com\/?s={search_term_string}"},"query-input":{"@type":"PropertyValueSpecification","valueRequired":true,"valueName":"search_term_string"}}],"inLanguage":"de"},{"@type":"Organization","@id":"https:\/\/www.laboratoireslelegard.com\/#organization","name":"Lel\u00e9gard Laboratories","url":"https:\/\/www.laboratoireslelegard.com\/","logo":{"@type":"ImageObject","inLanguage":"de","@id":"https:\/\/www.laboratoireslelegard.com\/#\/schema\/logo\/image\/","url":"https:\/\/www.laboratoireslelegard.com\/wp-content\/uploads\/2022\/10\/labolelegard.svg","contentUrl":"https:\/\/www.laboratoireslelegard.com\/wp-content\/uploads\/2022\/10\/labolelegard.svg","width":515,"height":116,"caption":"Laboratoires Lel\u00e9gard"},"image":{"@id":"https:\/\/www.laboratoireslelegard.com\/#\/schema\/logo\/image\/"}}]}},"_links":{"self":[{"href":"https:\/\/www.laboratoireslelegard.com\/de\/wp-json\/wp\/v2\/pages\/3","targetHints":{"allow":["GET"]}}],"collection":[{"href":"https:\/\/www.laboratoireslelegard.com\/de\/wp-json\/wp\/v2\/pages"}],"about":[{"href":"https:\/\/www.laboratoireslelegard.com\/de\/wp-json\/wp\/v2\/types\/page"}],"author":[{"embeddable":true,"href":"https:\/\/www.laboratoireslelegard.com\/de\/wp-json\/wp\/v2\/users\/1"}],"replies":[{"embeddable":true,"href":"https:\/\/www.laboratoireslelegard.com\/de\/wp-json\/wp\/v2\/comments?post=3"}],"version-history":[{"count":5,"href":"https:\/\/www.laboratoireslelegard.com\/de\/wp-json\/wp\/v2\/pages\/3\/revisions"}],"predecessor-version":[{"id":1406,"href":"https:\/\/www.laboratoireslelegard.com\/de\/wp-json\/wp\/v2\/pages\/3\/revisions\/1406"}],"wp:attachment":[{"href":"https:\/\/www.laboratoireslelegard.com\/de\/wp-json\/wp\/v2\/media?parent=3"}],"curies":[{"name":"wp","href":"https:\/\/api.w.org\/{rel}","templated":true}]}}