{"id":273,"date":"2022-11-13T23:29:06","date_gmt":"2022-11-13T22:29:06","guid":{"rendered":"https:\/\/www.laboratoireslelegard.com\/?page_id=273"},"modified":"2025-11-26T11:21:45","modified_gmt":"2025-11-26T10:21:45","slug":"kontaktieren-sie-uns","status":"publish","type":"page","link":"https:\/\/www.laboratoireslelegard.com\/de\/kontaktieren-sie-uns\/","title":{"rendered":"Kontaktieren Sie uns"},"content":{"rendered":"<div data-elementor-type=\"wp-page\" data-elementor-id=\"273\" class=\"elementor elementor-273\" data-elementor-post-type=\"page\">\n\t\t\t\t\t\t<section class=\"elementor-section elementor-top-section elementor-element elementor-element-6fd6c93 elementor-section-boxed elementor-section-height-default elementor-section-height-default\" data-id=\"6fd6c93\" data-element_type=\"section\">\n\t\t\t\t\t\t<div class=\"elementor-container elementor-column-gap-default\">\n\t\t\t\t\t<div class=\"elementor-column elementor-col-100 elementor-top-column elementor-element elementor-element-26815ef\" data-id=\"26815ef\" data-element_type=\"column\">\n\t\t\t<div class=\"elementor-widget-wrap elementor-element-populated\">\n\t\t\t\t\t\t<div class=\"elementor-element elementor-element-c12d3ec elementor-widget elementor-widget-shortcode\" data-id=\"c12d3ec\" data-element_type=\"widget\" data-widget_type=\"shortcode.default\">\n\t\t\t\t<div class=\"elementor-widget-container\">\n\t\t\t\t\t\t\t<div class=\"elementor-shortcode\"><div class=\"wpforms-container wpforms-container-full\" id=\"wpforms-218\"><form id=\"wpforms-form-218\" class=\"wpforms-validate wpforms-form wpforms-ajax-form\" data-formid=\"218\" method=\"post\" enctype=\"multipart\/form-data\" action=\"\/de\/wp-json\/wp\/v2\/pages\/273?wpforms_form_id=218\" data-token=\"8b2f64dea5b0c16092c30ad16ad797be\" data-trp-original-action=\"\/de\/wp-json\/wp\/v2\/pages\/273?wpforms_form_id=218\"><noscript class=\"wpforms-error-noscript\">Bitte aktiviere JavaScript in deinem Browser, um dieses Formular fertigzustellen.<\/noscript><div class=\"wpforms-page-indicator progress\" data-indicator=\"progress\" data-indicator-color=\"#4db6c2\" data-scroll=\"1\"><span class=\"wpforms-page-indicator-page-title\" ><\/span><span class=\"wpforms-page-indicator-page-title-sep\" style=\"display:none;\"> - <\/span><span class=\"wpforms-page-indicator-steps\">Step <span class=\"wpforms-page-indicator-steps-current\">1<\/span> of 2<\/span><div class=\"wpforms-page-indicator-page-progress-wrap\"><div class=\"wpforms-page-indicator-page-progress\" style=\"width:50%;background-color:#4db6c2\"><\/div><\/div><\/div><div class=\"wpforms-field-container\"><div class=\"wpforms-page wpforms-page-1\"><div id=\"wpforms-218-field_14-container\" class=\"wpforms-field wpforms-field-pagebreak\" data-field-id=\"14\"><\/div><div id=\"wpforms-218-field_1-container\" class=\"wpforms-field wpforms-field-text\" data-field-id=\"1\"><label class=\"wpforms-field-label\" for=\"wpforms-218-field_1\">Name und Vorname <span class=\"wpforms-required-label\">*<\/span><\/label><input type=\"text\" id=\"wpforms-218-field_1\" class=\"wpforms-field-medium wpforms-field-required\" name=\"wpforms[fields][1]\" required><\/div><div id=\"wpforms-218-field_16-container\" class=\"wpforms-field wpforms-field-text\" data-field-id=\"16\"><label class=\"wpforms-field-label\" for=\"wpforms-218-field_16\">Firmenname<\/label><input type=\"text\" id=\"wpforms-218-field_16\" class=\"wpforms-field-medium\" name=\"wpforms[fields][16]\" ><\/div><div id=\"wpforms-218-field_17-container\" class=\"wpforms-field wpforms-field-text\" data-field-id=\"17\"><label class=\"wpforms-field-label\" for=\"wpforms-218-field_17\">SIRET<\/label><input type=\"text\" id=\"wpforms-218-field_17\" class=\"wpforms-field-medium wpforms-masked-input\" data-rule-inputmask-incomplete=\"1\" data-inputmask-mask=\"99999999999999\" name=\"wpforms[fields][17]\" ><\/div><div id=\"wpforms-218-field_18-container\" class=\"wpforms-field wpforms-field-text\" data-field-id=\"18\"><label class=\"wpforms-field-label\" for=\"wpforms-218-field_18\">Adresse<\/label><input type=\"text\" id=\"wpforms-218-field_18\" class=\"wpforms-field-medium\" name=\"wpforms[fields][18]\" ><\/div><div id=\"wpforms-218-field_4-container\" class=\"wpforms-field wpforms-field-email\" data-field-id=\"4\"><label class=\"wpforms-field-label\" for=\"wpforms-218-field_4\">E-Mail <span class=\"wpforms-required-label\">*<\/span><\/label><input type=\"email\" id=\"wpforms-218-field_4\" class=\"wpforms-field-medium wpforms-field-required\" name=\"wpforms[fields][4]\" required><\/div><div id=\"wpforms-218-field_5-container\" class=\"wpforms-field wpforms-field-phone\" data-field-id=\"5\"><label class=\"wpforms-field-label\" for=\"wpforms-218-field_5\">Telefon <span class=\"wpforms-required-label\">*<\/span><\/label><input type=\"tel\" id=\"wpforms-218-field_5\" class=\"wpforms-field-medium wpforms-field-required wpforms-smart-phone-field\" data-rule-smart-phone-field=\"true\" name=\"wpforms[fields][5]\" required><\/div><div id=\"wpforms-218-field_13-container\" class=\"wpforms-field wpforms-field-pagebreak\" data-field-id=\"13\"><div class=\"wpforms-clear wpforms-pagebreak-left\"><button class=\"wpforms-page-button wpforms-page-next\" data-action=\"next\" data-page=\"1\" data-formid=\"218\" disabled>Weiter<\/button><\/div><\/div><\/div><div class=\"wpforms-page wpforms-page-2 last\" style=\"display:none;\"><div id=\"wpforms-218-field_19-container\" class=\"wpforms-field wpforms-field-checkbox\" data-field-id=\"19\"><label class=\"wpforms-field-label\" for=\"wpforms-218-field_19\">Welche Dienstleistungen interessieren Sie?<\/label><ul id=\"wpforms-218-field_19\"><li class=\"choice-0 depth-1\"><input type=\"checkbox\" id=\"wpforms-218-field_19_0\" name=\"wpforms[fields][19][]\" value=\"260\"  ><label class=\"wpforms-field-label-inline\" for=\"wpforms-218-field_19_0\"> Herstellung von Kosmetikprodukten nach Kundenwunsch<\/label><\/li><li class=\"choice-1 depth-1\"><input type=\"checkbox\" id=\"wpforms-218-field_19_1\" name=\"wpforms[fields][19][]\" value=\"254\"  ><label class=\"wpforms-field-label-inline\" for=\"wpforms-218-field_19_1\"> Herstellung von Kosmetikprodukten als White-Label-Produkte<\/label><\/li><li class=\"choice-2 depth-1\"><input type=\"checkbox\" id=\"wpforms-218-field_19_2\" name=\"wpforms[fields][19][]\" value=\"155\"  ><label class=\"wpforms-field-label-inline\" for=\"wpforms-218-field_19_2\"> Formulierung nach Lastenheft<\/label><\/li><li class=\"choice-3 depth-1\"><input type=\"checkbox\" id=\"wpforms-218-field_19_3\" name=\"wpforms[fields][19][]\" value=\"267\"  ><label class=\"wpforms-field-label-inline\" for=\"wpforms-218-field_19_3\"> Einhaltung gesetzlicher Vorschriften f\u00fcr Haushaltsprodukte<\/label><\/li><li class=\"choice-4 depth-1\"><input type=\"checkbox\" id=\"wpforms-218-field_19_4\" name=\"wpforms[fields][19][]\" value=\"261\"  ><label class=\"wpforms-field-label-inline\" for=\"wpforms-218-field_19_4\"> Erstellung und Bewertung von Kosmetikdossiers (DIP)<\/label><\/li><\/ul><\/div><div id=\"wpforms-218-field_20-container\" class=\"wpforms-field wpforms-field-checkbox\" data-field-id=\"20\"><label class=\"wpforms-field-label\" for=\"wpforms-218-field_20\">Welche Schulungen interessieren Sie?<\/label><ul id=\"wpforms-218-field_20\"><li class=\"choice-0 depth-1\"><input type=\"checkbox\" id=\"wpforms-218-field_20_0\" name=\"wpforms[fields][20][]\" value=\"399\"  ><label class=\"wpforms-field-label-inline\" for=\"wpforms-218-field_20_0\"> Umfassende Ausbildung zum Seifenhersteller<\/label><\/li><li class=\"choice-1 depth-1\"><input type=\"checkbox\" id=\"wpforms-218-field_20_1\" name=\"wpforms[fields][20][]\" value=\"397\"  ><label class=\"wpforms-field-label-inline\" for=\"wpforms-218-field_20_1\"> Ausbildung zur Parf\u00fcmkreation<\/label><\/li><li class=\"choice-2 depth-1\"><input type=\"checkbox\" id=\"wpforms-218-field_20_2\" name=\"wpforms[fields][20][]\" value=\"393\"  ><label class=\"wpforms-field-label-inline\" for=\"wpforms-218-field_20_2\"> Ausbildung zur Herstellung und Entwicklung von Seifen<\/label><\/li><li class=\"choice-3 depth-1\"><input type=\"checkbox\" id=\"wpforms-218-field_20_3\" name=\"wpforms[fields][20][]\" value=\"389\"  ><label class=\"wpforms-field-label-inline\" for=\"wpforms-218-field_20_3\"> Ausbildung Einrichtung meiner Seifenmanufaktur<\/label><\/li><li class=\"choice-4 depth-1\"><input type=\"checkbox\" id=\"wpforms-218-field_20_4\" name=\"wpforms[fields][20][]\" value=\"395\"  ><label class=\"wpforms-field-label-inline\" for=\"wpforms-218-field_20_4\"> Schulung zu Kosmetikvorschriften und Erstellung des DIP<\/label><\/li><\/ul><\/div><div id=\"wpforms-218-field_12-container\" class=\"wpforms-field wpforms-field-richtext wpforms-field-richtext-media-enabled\" data-field-id=\"12\"><label class=\"wpforms-field-label\" for=\"wpforms-218-field_12\">Beschreibung Ihrer Anfrage <span class=\"wpforms-required-label\">*<\/span><\/label><div id=\"wp-wpforms-218-field_12-wrap\" class=\"wp-core-ui wp-editor-wrap tmce-active\"><link rel='stylesheet' id='dashicons-css' href='https:\/\/www.laboratoireslelegard.com\/wp-includes\/css\/dashicons.min.css?ver=6.9.4' type='text\/css' media='all' \/>\n<link rel='stylesheet' id='editor-buttons-css' href='https:\/\/www.laboratoireslelegard.com\/wp-includes\/css\/editor.min.css?ver=6.9.4' type='text\/css' media='all' \/>\n<style>.wpforms-field-richtext .insert-media.add_media { display: none !important; }<\/style>\n<div id=\"wp-wpforms-218-field_12-editor-tools\" class=\"wp-editor-tools hide-if-no-js\"><div id=\"wp-wpforms-218-field_12-media-buttons\" class=\"wp-media-buttons\"><button type=\"button\" id=\"insert-media-button\" class=\"button insert-media add_media\" data-editor=\"wpforms-218-field_12\" aria-haspopup=\"dialog\" aria-controls=\"wp-media-modal\"><span class=\"wp-media-buttons-icon\" aria-hidden=\"true\"><\/span> Medien hinzuf\u00fcgen<\/button><\/div>\n<div class=\"wp-editor-tabs\"><button type=\"button\" id=\"wpforms-218-field_12-tmce\" aria-pressed=\"true\" class=\"wp-switch-editor switch-tmce\" data-wp-editor-id=\"wpforms-218-field_12\">Visuell<\/button>\n<button type=\"button\" id=\"wpforms-218-field_12-html\" class=\"wp-switch-editor switch-html\" data-wp-editor-id=\"wpforms-218-field_12\">Code<\/button>\n<\/div>\n<\/div>\n<div id=\"wp-wpforms-218-field_12-editor-container\" class=\"wp-editor-container\"><div id=\"qt_wpforms-218-field_12_toolbar\" class=\"quicktags-toolbar hide-if-no-js\"><\/div><textarea class=\"wpforms-field-required wp-editor-area\" style=\"height: 120px\" autocomplete=\"off\" cols=\"40\" name=\"wpforms[fields][12]\" id=\"wpforms-218-field_12\"><\/textarea><\/div>\n<\/div>\n\n<div class=\"wpforms-field-description\">Bitte geben Sie Ihre Erwartungen, gew\u00fcnschten Produkte, gew\u00fcnschten Schulungen oder alles andere an, was Ihnen relevant erscheint, damit wir Ihnen ein Angebot unterbreiten k\u00f6nnen, das wirklich auf Ihre Bed\u00fcrfnisse zugeschnitten ist.<\/div><\/div><div id=\"wpforms-218-field_11-container\" class=\"wpforms-field wpforms-field-file-upload\" data-field-id=\"11\"><label class=\"wpforms-field-label\" for=\"wpforms-218-field_11\">Dateien anh\u00e4ngen<\/label><div\n\t\tclass=\"wpforms-uploader\"\n\t\tdata-field-id=\"11\"\n\t\tdata-form-id=\"218\"\n\t\tdata-input-name=\"wpforms_218_11\"\n\t\tdata-extensions=\"tar,7z,zip,rar,png,jpg,jpeg,pdf,docx,pptx,xlsx,xls,csv,bmp,webp\"\n\t\tdata-max-size=\"104857600\"\n\t\tdata-max-file-number=\"10\"\n\t\tdata-post-max-size=\"536870912\"\n\t\tdata-max-parallel-uploads=\"4\"\n\t\tdata-parallel-uploads=\"true\"\n\t\tdata-file-chunk-size=\"2097152\">\n\t<div class=\"dz-message\">\n\t\t<svg viewbox=\"0 0 1024 1024\" focusable=\"false\" data-icon=\"inbox\" width=\"50px\" height=\"50px\" fill=\"#b1b1b1\" aria-hidden=\"true\">\n\t\t\t<path d=\"M885.2 446.3l-.2-.8-112.2-285.1c-5-16.1-19.9-27.2-36.8-27.2H281.2c-17 0-32.1 11.3-36.9 27.6L139.4 443l-.3.7-.2.8c-1.3 4.9-1.7 9.9-1 14.8-.1 1.6-.2 3.2-.2 4.8V830a60.9 60.9 0 0 0 60.8 60.8h627.2c33.5 0 60.8-27.3 60.9-60.8V464.1c0-1.3 0-2.6-.1-3.7.4-4.9 0-9.6-1.3-14.1zm-295.8-43l-.3 15.7c-.8 44.9-31.8 75.1-77.1 75.1-22.1 0-41.1-7.1-54.8-20.6S436 441.2 435.6 419l-.3-15.7H229.5L309 210h399.2l81.7 193.3H589.4zm-375 76.8h157.3c24.3 57.1 76 90.8 140.4 90.8 33.7 0 65-9.4 90.3-27.2 22.2-15.6 39.5-37.4 50.7-63.6h156.5V814H214.4V480.1z\"><\/path>\n\t\t<\/svg>\n\t\t<span class=\"modern-title\">Click or drag files to this area to upload.<\/span>\n\n\t\t\t\t\t<span class=\"modern-hint\">You can upload up to 10 files.<\/span>\n\t\t\t<\/div>\n<\/div>\n<input\n\t\ttype=\"text\"\n\t\tautocomplete=\"off\"\n\t\tclass=\"dropzone-input\"\n\t\tstyle=\"position:absolute!important;clip:rect(0,0,0,0)!important;height:1px!important;width:1px!important;border:0!important;overflow:hidden!important;padding:0!important;margin:0!important;\"\n\t\tid=\"wpforms-218-field_11\"\n\t\tname=\"wpforms_218_11\" \t\tvalue=\"\">\n<div class=\"wpforms-field-description\">Z\u00f6gern Sie nicht, alle Unterlagen beizuf\u00fcgen, die Ihnen f\u00fcr das richtige Verst\u00e4ndnis Ihres Projekts unerl\u00e4sslich erscheinen.<\/div><\/div><div id=\"wpforms-218-field_15-container\" class=\"wpforms-field wpforms-field-pagebreak\" data-field-id=\"15\"><div class=\"wpforms-clear wpforms-pagebreak-left\"><button class=\"wpforms-page-button wpforms-page-prev\" data-action=\"prev\" data-page=\"2\" data-formid=\"218\" disabled>Zur\u00fcck<\/button><\/div><\/div><\/div><\/div><div class=\"wpforms-recaptcha-container wpforms-is-hcaptcha\" style=\"display:none;\"><div class=\"g-recaptcha\" data-sitekey=\"64ee5906-5c7b-46d3-af65-2bef4a920d4b\"><\/div><input type=\"text\" name=\"g-recaptcha-hidden\" class=\"wpforms-recaptcha-hidden\" style=\"position:absolute!important;clip:rect(0,0,0,0)!important;height:1px!important;width:1px!important;border:0!important;overflow:hidden!important;padding:0!important;margin:0!important;\" required><\/div><div class=\"wpforms-submit-container\" style=\"display:none;\"><input type=\"hidden\" name=\"wpforms[id]\" value=\"218\"><input type=\"hidden\" name=\"wpforms[author]\" value=\"1\"><button type=\"submit\" name=\"wpforms[submit]\" id=\"wpforms-submit-218\" class=\"wpforms-submit\" data-alt-text=\"Envoi en cours...\" data-submit-text=\"Envoyer la demande de devis\" aria-live=\"assertive\" value=\"wpforms-submit\">Angebotsanfrage senden<\/button><img decoding=\"async\" src=\"https:\/\/www.laboratoireslelegard.com\/wp-content\/plugins\/wpforms\/assets\/images\/submit-spin.svg\" class=\"wpforms-submit-spinner\" style=\"display: none;\" width=\"26\" height=\"26\" alt=\"Wird geladen\"><\/div><input type=\"hidden\" name=\"trp-form-language\" value=\"de\"\/><\/form><\/div>  <!-- .wpforms-container --><\/div>\n\t\t\t\t\t\t<\/div>\n\t\t\t\t<\/div>\n\t\t\t\t\t<\/div>\n\t\t<\/div>\n\t\t\t\t\t<\/div>\n\t\t<\/section>\n\t\t\t\t<\/div>","protected":false},"excerpt":{"rendered":"","protected":false},"author":1,"featured_media":0,"parent":0,"menu_order":0,"comment_status":"closed","ping_status":"closed","template":"template-fullwidth.php","meta":{"_acf_changed":false,"footnotes":""},"class_list":["post-273","page","type-page","status-publish","hentry"],"acf":[],"yoast_head":"<!-- This site is optimized with the Yoast SEO plugin v24.6 - https:\/\/yoast.com\/wordpress\/plugins\/seo\/ -->\n<title>Nous contacter - Laboratoires Lel\u00e9gard<\/title>\n<meta name=\"description\" content=\"Notre laboratoire formule, fabrique et \u00e9value vos produits cosm\u00e9tiques. Nous r\u00e9pondons \u00e0 vos attentes pour accompagner votre d\u00e9veloppement.\" \/>\n<meta name=\"robots\" content=\"index, follow, max-snippet:-1, max-image-preview:large, max-video-preview:-1\" \/>\n<link rel=\"canonical\" href=\"https:\/\/www.laboratoireslelegard.com\/de\/kontaktieren-sie-uns\/\" \/>\n<meta property=\"og:locale\" content=\"de_DE\" \/>\n<meta property=\"og:type\" content=\"article\" \/>\n<meta property=\"og:title\" content=\"Nous contacter - Laboratoires Lel\u00e9gard\" \/>\n<meta property=\"og:description\" content=\"Notre laboratoire formule, fabrique et \u00e9value vos produits cosm\u00e9tiques. Nous r\u00e9pondons \u00e0 vos attentes pour accompagner votre d\u00e9veloppement.\" \/>\n<meta property=\"og:url\" content=\"https:\/\/www.laboratoireslelegard.com\/de\/kontaktieren-sie-uns\/\" \/>\n<meta property=\"og:site_name\" content=\"Laboratoires Lel\u00e9gard\" \/>\n<meta property=\"article:modified_time\" content=\"2025-11-26T10:21:45+00:00\" \/>\n<meta name=\"twitter:card\" content=\"summary_large_image\" \/>\n<script type=\"application\/ld+json\" class=\"yoast-schema-graph\">{\"@context\":\"https:\/\/schema.org\",\"@graph\":[{\"@type\":\"WebPage\",\"@id\":\"https:\/\/www.laboratoireslelegard.com\/nous-contacter\/\",\"url\":\"https:\/\/www.laboratoireslelegard.com\/nous-contacter\/\",\"name\":\"Nous contacter - Laboratoires Lel\u00e9gard\",\"isPartOf\":{\"@id\":\"https:\/\/www.laboratoireslelegard.com\/#website\"},\"datePublished\":\"2022-11-13T22:29:06+00:00\",\"dateModified\":\"2025-11-26T10:21:45+00:00\",\"description\":\"Notre laboratoire formule, fabrique et \u00e9value vos produits cosm\u00e9tiques. Nous r\u00e9pondons \u00e0 vos attentes pour accompagner votre d\u00e9veloppement.\",\"breadcrumb\":{\"@id\":\"https:\/\/www.laboratoireslelegard.com\/nous-contacter\/#breadcrumb\"},\"inLanguage\":\"de\",\"potentialAction\":[{\"@type\":\"ReadAction\",\"target\":[\"https:\/\/www.laboratoireslelegard.com\/nous-contacter\/\"]}]},{\"@type\":\"BreadcrumbList\",\"@id\":\"https:\/\/www.laboratoireslelegard.com\/nous-contacter\/#breadcrumb\",\"itemListElement\":[{\"@type\":\"ListItem\",\"position\":1,\"name\":\"Accueil\",\"item\":\"https:\/\/www.laboratoireslelegard.com\/\"},{\"@type\":\"ListItem\",\"position\":2,\"name\":\"Nous contacter\"}]},{\"@type\":\"WebSite\",\"@id\":\"https:\/\/www.laboratoireslelegard.com\/#website\",\"url\":\"https:\/\/www.laboratoireslelegard.com\/\",\"name\":\"Laboratoires Lel\u00e9gard\",\"description\":\"SERVICE DE REGLEMENTATION ET TOXICOLOGIE\",\"publisher\":{\"@id\":\"https:\/\/www.laboratoireslelegard.com\/#organization\"},\"potentialAction\":[{\"@type\":\"SearchAction\",\"target\":{\"@type\":\"EntryPoint\",\"urlTemplate\":\"https:\/\/www.laboratoireslelegard.com\/?s={search_term_string}\"},\"query-input\":{\"@type\":\"PropertyValueSpecification\",\"valueRequired\":true,\"valueName\":\"search_term_string\"}}],\"inLanguage\":\"de\"},{\"@type\":\"Organization\",\"@id\":\"https:\/\/www.laboratoireslelegard.com\/#organization\",\"name\":\"Laboratoires Lel\u00e9gard\",\"url\":\"https:\/\/www.laboratoireslelegard.com\/\",\"logo\":{\"@type\":\"ImageObject\",\"inLanguage\":\"de\",\"@id\":\"https:\/\/www.laboratoireslelegard.com\/#\/schema\/logo\/image\/\",\"url\":\"https:\/\/www.laboratoireslelegard.com\/wp-content\/uploads\/2022\/10\/labolelegard.svg\",\"contentUrl\":\"https:\/\/www.laboratoireslelegard.com\/wp-content\/uploads\/2022\/10\/labolelegard.svg\",\"width\":515,\"height\":116,\"caption\":\"Laboratoires Lel\u00e9gard\"},\"image\":{\"@id\":\"https:\/\/www.laboratoireslelegard.com\/#\/schema\/logo\/image\/\"}}]}<\/script>\n<!-- \/ Yoast SEO plugin. -->","yoast_head_json":{"title":"Kontaktieren Sie uns \u2013 Laboratoires Lel\u00e9gard","description":"Unser Labor entwickelt, produziert und bewertet Ihre Kosmetikprodukte. Wir erf\u00fcllen Ihre Erwartungen und begleiten Sie bei Ihrer Entwicklung.","robots":{"index":"index","follow":"follow","max-snippet":"max-snippet:-1","max-image-preview":"max-image-preview:large","max-video-preview":"max-video-preview:-1"},"canonical":"https:\/\/www.laboratoireslelegard.com\/de\/kontaktieren-sie-uns\/","og_locale":"de_DE","og_type":"article","og_title":"Nous contacter - Laboratoires Lel\u00e9gard","og_description":"Notre laboratoire formule, fabrique et \u00e9value vos produits cosm\u00e9tiques. Nous r\u00e9pondons \u00e0 vos attentes pour accompagner votre d\u00e9veloppement.","og_url":"https:\/\/www.laboratoireslelegard.com\/de\/kontaktieren-sie-uns\/","og_site_name":"Laboratoires Lel\u00e9gard","article_modified_time":"2025-11-26T10:21:45+00:00","twitter_card":"summary_large_image","schema":{"@context":"https:\/\/schema.org","@graph":[{"@type":"WebPage","@id":"https:\/\/www.laboratoireslelegard.com\/nous-contacter\/","url":"https:\/\/www.laboratoireslelegard.com\/nous-contacter\/","name":"Kontaktieren Sie uns \u2013 Laboratoires Lel\u00e9gard","isPartOf":{"@id":"https:\/\/www.laboratoireslelegard.com\/#website"},"datePublished":"2022-11-13T22:29:06+00:00","dateModified":"2025-11-26T10:21:45+00:00","description":"Unser Labor entwickelt, produziert und bewertet Ihre Kosmetikprodukte. Wir erf\u00fcllen Ihre Erwartungen und begleiten Sie bei Ihrer Entwicklung.","breadcrumb":{"@id":"https:\/\/www.laboratoireslelegard.com\/nous-contacter\/#breadcrumb"},"inLanguage":"de","potentialAction":[{"@type":"ReadAction","target":["https:\/\/www.laboratoireslelegard.com\/nous-contacter\/"]}]},{"@type":"BreadcrumbList","@id":"https:\/\/www.laboratoireslelegard.com\/nous-contacter\/#breadcrumb","itemListElement":[{"@type":"ListItem","position":1,"name":"Accueil","item":"https:\/\/www.laboratoireslelegard.com\/"},{"@type":"ListItem","position":2,"name":"Nous contacter"}]},{"@type":"WebSite","@id":"https:\/\/www.laboratoireslelegard.com\/#website","url":"https:\/\/www.laboratoireslelegard.com\/","name":"Lel\u00e9gard Laboratories","description":"REGULIERUNGS- UND TOXIKOLOGIEDIENST","publisher":{"@id":"https:\/\/www.laboratoireslelegard.com\/#organization"},"potentialAction":[{"@type":"SearchAction","target":{"@type":"EntryPoint","urlTemplate":"https:\/\/www.laboratoireslelegard.com\/?s={search_term_string}"},"query-input":{"@type":"PropertyValueSpecification","valueRequired":true,"valueName":"search_term_string"}}],"inLanguage":"de"},{"@type":"Organization","@id":"https:\/\/www.laboratoireslelegard.com\/#organization","name":"Lel\u00e9gard Laboratories","url":"https:\/\/www.laboratoireslelegard.com\/","logo":{"@type":"ImageObject","inLanguage":"de","@id":"https:\/\/www.laboratoireslelegard.com\/#\/schema\/logo\/image\/","url":"https:\/\/www.laboratoireslelegard.com\/wp-content\/uploads\/2022\/10\/labolelegard.svg","contentUrl":"https:\/\/www.laboratoireslelegard.com\/wp-content\/uploads\/2022\/10\/labolelegard.svg","width":515,"height":116,"caption":"Laboratoires Lel\u00e9gard"},"image":{"@id":"https:\/\/www.laboratoireslelegard.com\/#\/schema\/logo\/image\/"}}]}},"_links":{"self":[{"href":"https:\/\/www.laboratoireslelegard.com\/de\/wp-json\/wp\/v2\/pages\/273","targetHints":{"allow":["GET"]}}],"collection":[{"href":"https:\/\/www.laboratoireslelegard.com\/de\/wp-json\/wp\/v2\/pages"}],"about":[{"href":"https:\/\/www.laboratoireslelegard.com\/de\/wp-json\/wp\/v2\/types\/page"}],"author":[{"embeddable":true,"href":"https:\/\/www.laboratoireslelegard.com\/de\/wp-json\/wp\/v2\/users\/1"}],"replies":[{"embeddable":true,"href":"https:\/\/www.laboratoireslelegard.com\/de\/wp-json\/wp\/v2\/comments?post=273"}],"version-history":[{"count":12,"href":"https:\/\/www.laboratoireslelegard.com\/de\/wp-json\/wp\/v2\/pages\/273\/revisions"}],"predecessor-version":[{"id":1838,"href":"https:\/\/www.laboratoireslelegard.com\/de\/wp-json\/wp\/v2\/pages\/273\/revisions\/1838"}],"wp:attachment":[{"href":"https:\/\/www.laboratoireslelegard.com\/de\/wp-json\/wp\/v2\/media?parent=273"}],"curies":[{"name":"wp","href":"https:\/\/api.w.org\/{rel}","templated":true}]}}