{"id":641,"date":"2023-04-14T08:01:56","date_gmt":"2023-04-14T06:01:56","guid":{"rendered":"https:\/\/www.laboratoireslelegard.com\/?post_type=product&#038;p=641"},"modified":"2025-11-26T12:06:20","modified_gmt":"2025-11-26T11:06:20","slug":"wasseraktivitat-aw","status":"publish","type":"product","link":"https:\/\/www.laboratoireslelegard.com\/ch\/product\/wasseraktivitat-aw\/","title":{"rendered":"Wasseraktivit\u00e4t \u2013 aw"},"content":{"rendered":"<div data-elementor-type=\"product-post\" data-elementor-id=\"641\" class=\"elementor elementor-641\" data-elementor-post-type=\"product\">\n\t\t\t\t\t\t<section class=\"elementor-section elementor-top-section elementor-element elementor-element-06bf5d0 elementor-section-boxed elementor-section-height-default elementor-section-height-default\" data-id=\"06bf5d0\" data-element_type=\"section\">\n\t\t\t\t\t\t<div class=\"elementor-container elementor-column-gap-default\">\n\t\t\t\t\t<div class=\"elementor-column elementor-col-100 elementor-top-column elementor-element elementor-element-6f2a6e1\" data-id=\"6f2a6e1\" data-element_type=\"column\">\n\t\t\t<div class=\"elementor-widget-wrap elementor-element-populated\">\n\t\t\t\t\t\t<div class=\"elementor-element elementor-element-7d75f8c elementor-widget elementor-widget-text-editor\" data-id=\"7d75f8c\" data-element_type=\"widget\" data-widget_type=\"text-editor.default\">\n\t\t\t\t<div class=\"elementor-widget-container\">\n\t\t\t\t\t\t\t\t\t<h2 class=\"western\" align=\"left\"><span style=\"color: #0f4761;\"><span style=\"font-family: Aptos, serif;\"><span style=\"font-size: large;\">Die Wasseraktivit\u00e4t \u2013 aw<\/span><\/span><\/span><\/h2><p class=\"western\">Die Aktivit\u00e4t des Wassers \u2014 notiert <em>aw<\/em> \u2014 steht f\u00fcr die Menge an freiem Wasser, die in einem Kosmetikprodukt vorhanden ist. Es handelt sich dabei um Wasser, das von Mikroorganismen genutzt werden kann oder an physikalisch-chemischen Reaktionen beteiligt ist.<\/p><p class=\"western\">Der aw-Wert wird auf einer Skala von 0 (kein freies Wasser) bis 1 (reines Wasser) gemessen. Im Gegensatz zum Gesamtwassergehalt erm\u00f6glicht der aw-Wert die Bestimmung des tats\u00e4chlich aktiven Anteils an der mikrobiologischen, chemischen und physikalischen Stabilit\u00e4t einer Formulierung.<\/p><p class=\"western\">Diese Angabe wird in ganz Europa verwendet, insbesondere in der Schweiz, wo die Qualit\u00e4ts- und Sicherheitskontrolle von Kosmetika streng geregelt ist, sowohl f\u00fcr lokale Marken als auch f\u00fcr Unternehmen, die in die Eidgenossenschaft exportieren.<\/p><h2 class=\"western\"><span style=\"color: #0f4761;\"><span style=\"font-family: Aptos, serif;\"><span style=\"font-size: large;\">Bedeutung der Wasseraktivit\u00e4t f\u00fcr die Kosmetikbranche<\/span><\/span><\/span><\/h2><h3 class=\"western\"><span style=\"color: #0f4761;\"><span style=\"font-family: Aptos, serif;\"><span style=\"font-size: large;\">Erh\u00f6hte mikrobiologische Sicherheit<\/span><\/span><\/span><\/h3><p class=\"western\">Der aw-Wert ist einer der zuverl\u00e4ssigsten Indikatoren zur Vorhersage und Kontrolle der Vermehrung von Mikroorganismen. Durch eine kontrollierte Wasseraktivit\u00e4t l\u00e4sst sich das Kontaminationsrisiko in Produkten mit hohem Wasseranteil, die auf dem Schweizer Markt sehr verbreitet sind (Gesichtspflegeprodukte, Feuchtigkeitscremes, Milch, Gels usw.), erheblich reduzieren.<\/p><p class=\"western\">In Formulierungen, in denen der Wasseraktivit\u00e4tswert ausreichend niedrig ist, wird das Wachstum von Bakterien oder Pilzen selbst bei reduziertem Einsatz von Konservierungsstoffen nahezu unm\u00f6glich.<\/p><h3 class=\"western\"><span style=\"color: #0f4761;\"><span style=\"font-family: Aptos, serif;\"><span style=\"font-size: large;\">Physikalisch-chemische Stabilit\u00e4t<\/span><\/span><\/span><\/h3><p class=\"western\">Freies Wasser beeinflusst die Reaktionen:<\/p><ul><li><p class=\"western\">Hydrolyse,<\/p><\/li><li><p class=\"western\">Oxidation,<\/p><\/li><li><p class=\"western\">Wertminderung von Verm\u00f6genswerten,<\/p><\/li><li><p class=\"western\">Ver\u00e4nderung der Textur (Trennung, Phasenverschiebung, Verh\u00e4rtung).<\/p><\/li><\/ul><p class=\"western\">Eine genaue Kontrolle der Wasseraktivit\u00e4t erh\u00f6ht die Stabilit\u00e4t des Produkts, insbesondere in Umgebungen mit starken Temperaturschwankungen und hoher Luftfeuchtigkeit \u2013 Bedingungen, die in Mitteleuropa und der Schweiz h\u00e4ufig anzutreffen sind (H\u00f6henlage, ausgepr\u00e4gte Jahreszeiten, Lagerung in Apotheken oder Instituten).<\/p><h3 class=\"western\"><span style=\"color: #0f4761;\"><span style=\"font-family: Aptos, serif;\"><span style=\"font-size: large;\">Saubere Rezeptur und reduzierter Konservierungsstoffgehalt<\/span><\/span><\/span><\/h3><p class=\"western\">Die Schweiz sch\u00e4tzt, wie viele andere europ\u00e4ische L\u00e4nder auch, nat\u00fcrliche, minimalistische und Clean-Label-Kosmetika.<br \/>Die Kenntnis des AW erm\u00f6glicht die Optimierung der Formel f\u00fcr:<\/p><ul><li><p class=\"western\">die Menge an Konservierungsstoffen reduzieren,<\/p><\/li><li><p class=\"western\">eine nat\u00fcrliche Stabilisierung bevorzugen (Polyole, Feuchthaltemittel, Trockenstrukturen),<\/p><\/li><li><p class=\"western\">sicherere und nachhaltigere Produkte zu entwickeln.<\/p><\/li><\/ul><p class=\"western\">Dies entspricht genau den Anforderungen der Schweizer Konsumenten, die Wert auf Qualit\u00e4t, Nachhaltigkeit und Transparenz legen.<\/p><p class=\"western\">Die Wasseraktivit\u00e4t verbessert die Einhaltung der guten Herstellungspraxis (GMP), die f\u00fcr Audits, <a href=\"https:\/\/www.laboratoireslelegard.com\/ch\/product\/redaktion-kosmetik-dossier-dip\/\">DIP<\/a>, und kontinuierliche Qualit\u00e4tskontrollen.<\/p><h2 class=\"western\"><span style=\"color: #0f4761;\"><span style=\"font-family: Aptos, serif;\"><span style=\"font-size: large;\">Anwendungsbeispiele <\/span><\/span><\/span><\/h2><ul><li><p class=\"western\"><strong>Bergprodukte \/ Sportartikel<\/strong> : Gele, Emulsionen und Balsame erfordern optimale Stabilit\u00e4t gegen\u00fcber H\u00f6hen- und Temperaturschwankungen.<\/p><\/li><li><p class=\"western\"><strong>Naturkosmetik \/ Bio-Kosmetik<\/strong> : Sie sind sehr gefragt und enthalten oft nur wenige Konservierungsstoffe, was die AW unerl\u00e4sslich macht.<\/p><\/li><li><p class=\"western\"><strong>Solide Produkte im Wachstum<\/strong> : Feste Shampoos, feste Deodorants, Reinigungsseifen \u2013 alle erfordern eine AW-Messung, um ihr geringes mikrobiologisches Risiko zu best\u00e4tigen.<\/p><\/li><li><p class=\"western\"><strong>Premium-Sortimente<\/strong> : Der Schweizer Markt bevorzugt Qualit\u00e4t und Nachhaltigkeit, zwei Aspekte, die in direktem Zusammenhang mit der AW stehen.<\/p><\/li><\/ul><h2 class=\"western\"><span style=\"color: #0f4761;\"><span style=\"font-family: Aptos, serif;\"><span style=\"font-size: large;\">Die von Laboratoires Lelegard angebotenen AW-Analysedienstleistungen<\/span><\/span><\/span><\/h2><p class=\"western\">Wir bieten Herstellern, Marken, H\u00e4ndlern und Wiederverk\u00e4ufern:<\/p><ul><li><p class=\"western\"><strong>Eine genaue AW-Analyse<\/strong>, geeignet f\u00fcr alle Arten von Kosmetikformulierungen.<\/p><\/li><li><p class=\"western\"><strong>Qualitativ hochwertige Betreuung<\/strong>, in der Schweiz und in Europa.<\/p><\/li><li><p class=\"western\"><strong>Eine Hilfe bei der Formulierung<\/strong>, um Ihre Produkte zu stabilisieren oder den Konservierungsstoffgehalt zu reduzieren.<\/p><\/li><li><p class=\"western\"><strong>Verwertbare Berichte in Ihren <a href=\"https:\/\/www.laboratoireslelegard.com\/ch\/product\/redaktion-kosmetik-dossier-dip\/\">DIP<\/a><\/strong>, Ihre Qualit\u00e4tskontrollen, Audits oder CPNP-\/SwissReg-Akten.<\/p><\/li><\/ul><p class=\"western\">Unsere Fachkompetenz garantiert zuverl\u00e4ssige, schnelle Ergebnisse, die den Anforderungen des franz\u00f6sischen, europ\u00e4ischen und schweizerischen Marktes entsprechen.<\/p><p class=\"western\">Die Wasseraktivit\u00e4t (aw) ist ein technischer Parameter, der jedoch f\u00fcr die Sicherheit, Stabilit\u00e4t und Einhaltung der Vorschriften f\u00fcr Kosmetika von entscheidender Bedeutung ist. F\u00fcr Marken, die den f\u00fcr seine hohen Anforderungen und seine Strenge bekannten Schweizer Markt anvisieren, ist die Beherrschung der aw ein echter Qualit\u00e4ts- und Differenzierungsvorteil.<\/p><p class=\"western\">Um die Qualit\u00e4t Ihrer Produkte zu verbessern und Ihre Markteinf\u00fchrungen in Frankreich, Europa und der Schweiz sicherzustellen, unterst\u00fctzen Sie unsere AW-Analysedienste mit Pr\u00e4zision, Effizienz und Fachkompetenz.<\/p><p class=\"western\" align=\"left\">\u00a0<\/p>\t\t\t\t\t\t\t\t<\/div>\n\t\t\t\t<\/div>\n\t\t\t\t\t<\/div>\n\t\t<\/div>\n\t\t\t\t\t<\/div>\n\t\t<\/section>\n\t\t\t\t<\/div>","protected":false},"excerpt":{"rendered":"<p>L\u2019activit\u00e9 de l\u2019eau &#8211; aw L\u2019activit\u00e9 de l\u2019eau \u2014 not\u00e9e aw \u2014 repr\u00e9sente la quantit\u00e9 d\u2019eau libre disponible dans un produit cosm\u00e9tique. Il s\u2019agit de l\u2019eau susceptible d\u2019\u00eatre utilis\u00e9e par des micro-organismes ou impliqu\u00e9e dans des r\u00e9actions physico-chimiques. L\u2019aw se mesure sur une \u00e9chelle allant de 0 (absence d\u2019eau libre) \u00e0 1 (eau pure). Contrairement [&hellip;]<\/p>","protected":false},"featured_media":657,"template":"","meta":{"_acf_changed":false},"product_brand":[],"product_cat":[151],"product_tag":[113,116,112,114,115,117],"class_list":{"0":"post-641","1":"product","2":"type-product","3":"status-publish","4":"has-post-thumbnail","6":"product_cat-analyse","7":"product_tag-activite","8":"product_tag-activity","9":"product_tag-analyse","10":"product_tag-eau","11":"product_tag-micro-organismes","12":"product_tag-water","14":"first","15":"instock","16":"shipping-taxable","17":"product-type-simple"},"acf":[],"yoast_head":"<!-- This site is optimized with the Yoast SEO plugin v24.6 - https:\/\/yoast.com\/wordpress\/plugins\/seo\/ -->\n<title>Activit\u00e9 de l&#039;eau - aw<\/title>\n<meta name=\"description\" content=\"L\u2019activit\u00e9 de l\u2019eau, aw, est l\u2019un des param\u00e8tres principaux concernant la conservation d\u2019un produit, qu\u2019il soit alimentaire, pharmaceutique ou cosm\u00e9tique.\" \/>\n<meta name=\"robots\" content=\"index, follow, max-snippet:-1, max-image-preview:large, max-video-preview:-1\" \/>\n<link rel=\"canonical\" href=\"https:\/\/www.laboratoireslelegard.com\/ch\/product\/wasseraktivitat-aw\/\" \/>\n<meta property=\"og:locale\" content=\"de_DE\" \/>\n<meta property=\"og:type\" content=\"article\" \/>\n<meta property=\"og:title\" content=\"Activit\u00e9 de l&#039;eau - aw\" \/>\n<meta property=\"og:description\" content=\"L\u2019activit\u00e9 de l\u2019eau, aw, est l\u2019un des param\u00e8tres principaux concernant la conservation d\u2019un produit, qu\u2019il soit alimentaire, pharmaceutique ou cosm\u00e9tique.\" \/>\n<meta property=\"og:url\" content=\"https:\/\/www.laboratoireslelegard.com\/ch\/product\/wasseraktivitat-aw\/\" \/>\n<meta property=\"og:site_name\" content=\"Laboratoires Lel\u00e9gard\" \/>\n<meta property=\"article:modified_time\" content=\"2025-11-26T11:06:20+00:00\" \/>\n<meta property=\"og:image\" content=\"https:\/\/www.laboratoireslelegard.com\/wp-content\/uploads\/2023\/04\/aw-metre3.jpg\" \/>\n\t<meta property=\"og:image:width\" content=\"1000\" \/>\n\t<meta property=\"og:image:height\" content=\"1000\" \/>\n\t<meta property=\"og:image:type\" content=\"image\/jpeg\" \/>\n<meta name=\"twitter:card\" content=\"summary_large_image\" \/>\n<meta name=\"twitter:label1\" content=\"Gesch\u00e4tzte Lesezeit\" \/>\n\t<meta name=\"twitter:data1\" content=\"4\u00a0Minuten\" \/>\n<script type=\"application\/ld+json\" class=\"yoast-schema-graph\">{\"@context\":\"https:\/\/schema.org\",\"@graph\":[{\"@type\":\"WebPage\",\"@id\":\"https:\/\/www.laboratoireslelegard.com\/produit\/activite-eau-aw\/\",\"url\":\"https:\/\/www.laboratoireslelegard.com\/produit\/activite-eau-aw\/\",\"name\":\"Activit\u00e9 de l'eau - aw\",\"isPartOf\":{\"@id\":\"https:\/\/www.laboratoireslelegard.com\/#website\"},\"primaryImageOfPage\":{\"@id\":\"https:\/\/www.laboratoireslelegard.com\/produit\/activite-eau-aw\/#primaryimage\"},\"image\":{\"@id\":\"https:\/\/www.laboratoireslelegard.com\/produit\/activite-eau-aw\/#primaryimage\"},\"thumbnailUrl\":\"https:\/\/www.laboratoireslelegard.com\/wp-content\/uploads\/2023\/04\/aw-metre3.jpg\",\"datePublished\":\"2023-04-14T06:01:56+00:00\",\"dateModified\":\"2025-11-26T11:06:20+00:00\",\"description\":\"L\u2019activit\u00e9 de l\u2019eau, aw, est l\u2019un des param\u00e8tres principaux concernant la conservation d\u2019un produit, qu\u2019il soit alimentaire, pharmaceutique ou cosm\u00e9tique.\",\"breadcrumb\":{\"@id\":\"https:\/\/www.laboratoireslelegard.com\/produit\/activite-eau-aw\/#breadcrumb\"},\"inLanguage\":\"de-CH\",\"potentialAction\":[{\"@type\":\"ReadAction\",\"target\":[\"https:\/\/www.laboratoireslelegard.com\/produit\/activite-eau-aw\/\"]}]},{\"@type\":\"ImageObject\",\"inLanguage\":\"de-CH\",\"@id\":\"https:\/\/www.laboratoireslelegard.com\/produit\/activite-eau-aw\/#primaryimage\",\"url\":\"https:\/\/www.laboratoireslelegard.com\/wp-content\/uploads\/2023\/04\/aw-metre3.jpg\",\"contentUrl\":\"https:\/\/www.laboratoireslelegard.com\/wp-content\/uploads\/2023\/04\/aw-metre3.jpg\",\"width\":1000,\"height\":1000,\"caption\":\"analyse-activite-eau-aw\"},{\"@type\":\"BreadcrumbList\",\"@id\":\"https:\/\/www.laboratoireslelegard.com\/produit\/activite-eau-aw\/#breadcrumb\",\"itemListElement\":[{\"@type\":\"ListItem\",\"position\":1,\"name\":\"Accueil\",\"item\":\"https:\/\/www.laboratoireslelegard.com\/\"},{\"@type\":\"ListItem\",\"position\":2,\"name\":\"Boutique\",\"item\":\"https:\/\/www.laboratoireslelegard.com\/prestations-formations\/\"},{\"@type\":\"ListItem\",\"position\":3,\"name\":\"Activit\u00e9 de l&rsquo;eau &#8211; aw\"}]},{\"@type\":\"WebSite\",\"@id\":\"https:\/\/www.laboratoireslelegard.com\/#website\",\"url\":\"https:\/\/www.laboratoireslelegard.com\/\",\"name\":\"Laboratoires Lel\u00e9gard\",\"description\":\"SERVICE DE REGLEMENTATION ET TOXICOLOGIE\",\"publisher\":{\"@id\":\"https:\/\/www.laboratoireslelegard.com\/#organization\"},\"potentialAction\":[{\"@type\":\"SearchAction\",\"target\":{\"@type\":\"EntryPoint\",\"urlTemplate\":\"https:\/\/www.laboratoireslelegard.com\/?s={search_term_string}\"},\"query-input\":{\"@type\":\"PropertyValueSpecification\",\"valueRequired\":true,\"valueName\":\"search_term_string\"}}],\"inLanguage\":\"de-CH\"},{\"@type\":\"Organization\",\"@id\":\"https:\/\/www.laboratoireslelegard.com\/#organization\",\"name\":\"Laboratoires Lel\u00e9gard\",\"url\":\"https:\/\/www.laboratoireslelegard.com\/\",\"logo\":{\"@type\":\"ImageObject\",\"inLanguage\":\"de-CH\",\"@id\":\"https:\/\/www.laboratoireslelegard.com\/#\/schema\/logo\/image\/\",\"url\":\"https:\/\/www.laboratoireslelegard.com\/wp-content\/uploads\/2022\/10\/labolelegard.svg\",\"contentUrl\":\"https:\/\/www.laboratoireslelegard.com\/wp-content\/uploads\/2022\/10\/labolelegard.svg\",\"width\":515,\"height\":116,\"caption\":\"Laboratoires Lel\u00e9gard\"},\"image\":{\"@id\":\"https:\/\/www.laboratoireslelegard.com\/#\/schema\/logo\/image\/\"}}]}<\/script>\n<!-- \/ Yoast SEO plugin. -->","yoast_head_json":{"title":"Wasseraktivit\u00e4t \u2013 aw","description":"Die Wasseraktivit\u00e4t (aw) ist einer der wichtigsten Parameter f\u00fcr die Konservierung eines Produkts, sei es ein Lebensmittel, ein Arzneimittel oder ein Kosmetikum.","robots":{"index":"index","follow":"follow","max-snippet":"max-snippet:-1","max-image-preview":"max-image-preview:large","max-video-preview":"max-video-preview:-1"},"canonical":"https:\/\/www.laboratoireslelegard.com\/ch\/product\/wasseraktivitat-aw\/","og_locale":"de_DE","og_type":"article","og_title":"Activit\u00e9 de l'eau - aw","og_description":"L\u2019activit\u00e9 de l\u2019eau, aw, est l\u2019un des param\u00e8tres principaux concernant la conservation d\u2019un produit, qu\u2019il soit alimentaire, pharmaceutique ou cosm\u00e9tique.","og_url":"https:\/\/www.laboratoireslelegard.com\/ch\/product\/wasseraktivitat-aw\/","og_site_name":"Laboratoires Lel\u00e9gard","article_modified_time":"2025-11-26T11:06:20+00:00","og_image":[{"width":1000,"height":1000,"url":"https:\/\/www.laboratoireslelegard.com\/wp-content\/uploads\/2023\/04\/aw-metre3.jpg","type":"image\/jpeg"}],"twitter_card":"summary_large_image","twitter_misc":{"Gesch\u00e4tzte Lesezeit":"4\u00a0Minuten"},"schema":{"@context":"https:\/\/schema.org","@graph":[{"@type":"WebPage","@id":"https:\/\/www.laboratoireslelegard.com\/produit\/activite-eau-aw\/","url":"https:\/\/www.laboratoireslelegard.com\/produit\/activite-eau-aw\/","name":"Wasseraktivit\u00e4t \u2013 aw","isPartOf":{"@id":"https:\/\/www.laboratoireslelegard.com\/#website"},"primaryImageOfPage":{"@id":"https:\/\/www.laboratoireslelegard.com\/produit\/activite-eau-aw\/#primaryimage"},"image":{"@id":"https:\/\/www.laboratoireslelegard.com\/produit\/activite-eau-aw\/#primaryimage"},"thumbnailUrl":"https:\/\/www.laboratoireslelegard.com\/wp-content\/uploads\/2023\/04\/aw-metre3.jpg","datePublished":"2023-04-14T06:01:56+00:00","dateModified":"2025-11-26T11:06:20+00:00","description":"Die Wasseraktivit\u00e4t (aw) ist einer der wichtigsten Parameter f\u00fcr die Konservierung eines Produkts, sei es ein Lebensmittel, ein Arzneimittel oder ein Kosmetikum.","breadcrumb":{"@id":"https:\/\/www.laboratoireslelegard.com\/produit\/activite-eau-aw\/#breadcrumb"},"inLanguage":"de-CH","potentialAction":[{"@type":"ReadAction","target":["https:\/\/www.laboratoireslelegard.com\/produit\/activite-eau-aw\/"]}]},{"@type":"ImageObject","inLanguage":"de-CH","@id":"https:\/\/www.laboratoireslelegard.com\/produit\/activite-eau-aw\/#primaryimage","url":"https:\/\/www.laboratoireslelegard.com\/wp-content\/uploads\/2023\/04\/aw-metre3.jpg","contentUrl":"https:\/\/www.laboratoireslelegard.com\/wp-content\/uploads\/2023\/04\/aw-metre3.jpg","width":1000,"height":1000,"caption":"analyse-activite-eau-aw"},{"@type":"BreadcrumbList","@id":"https:\/\/www.laboratoireslelegard.com\/produit\/activite-eau-aw\/#breadcrumb","itemListElement":[{"@type":"ListItem","position":1,"name":"Accueil","item":"https:\/\/www.laboratoireslelegard.com\/"},{"@type":"ListItem","position":2,"name":"Boutique","item":"https:\/\/www.laboratoireslelegard.com\/prestations-formations\/"},{"@type":"ListItem","position":3,"name":"Activit\u00e9 de l&rsquo;eau &#8211; aw"}]},{"@type":"WebSite","@id":"https:\/\/www.laboratoireslelegard.com\/#website","url":"https:\/\/www.laboratoireslelegard.com\/","name":"Lel\u00e9gard Laboratories","description":"REGULIERUNGS- UND TOXIKOLOGIESERVICE","publisher":{"@id":"https:\/\/www.laboratoireslelegard.com\/#organization"},"potentialAction":[{"@type":"SearchAction","target":{"@type":"EntryPoint","urlTemplate":"https:\/\/www.laboratoireslelegard.com\/?s={search_term_string}"},"query-input":{"@type":"PropertyValueSpecification","valueRequired":true,"valueName":"search_term_string"}}],"inLanguage":"de-CH"},{"@type":"Organization","@id":"https:\/\/www.laboratoireslelegard.com\/#organization","name":"Lel\u00e9gard Laboratories","url":"https:\/\/www.laboratoireslelegard.com\/","logo":{"@type":"ImageObject","inLanguage":"de-CH","@id":"https:\/\/www.laboratoireslelegard.com\/#\/schema\/logo\/image\/","url":"https:\/\/www.laboratoireslelegard.com\/wp-content\/uploads\/2022\/10\/labolelegard.svg","contentUrl":"https:\/\/www.laboratoireslelegard.com\/wp-content\/uploads\/2022\/10\/labolelegard.svg","width":515,"height":116,"caption":"Laboratoires Lel\u00e9gard"},"image":{"@id":"https:\/\/www.laboratoireslelegard.com\/#\/schema\/logo\/image\/"}}]}},"_links":{"self":[{"href":"https:\/\/www.laboratoireslelegard.com\/ch\/wp-json\/wp\/v2\/product\/641","targetHints":{"allow":["GET"]}}],"collection":[{"href":"https:\/\/www.laboratoireslelegard.com\/ch\/wp-json\/wp\/v2\/product"}],"about":[{"href":"https:\/\/www.laboratoireslelegard.com\/ch\/wp-json\/wp\/v2\/types\/product"}],"version-history":[{"count":17,"href":"https:\/\/www.laboratoireslelegard.com\/ch\/wp-json\/wp\/v2\/product\/641\/revisions"}],"predecessor-version":[{"id":1851,"href":"https:\/\/www.laboratoireslelegard.com\/ch\/wp-json\/wp\/v2\/product\/641\/revisions\/1851"}],"wp:featuredmedia":[{"embeddable":true,"href":"https:\/\/www.laboratoireslelegard.com\/ch\/wp-json\/wp\/v2\/media\/657"}],"wp:attachment":[{"href":"https:\/\/www.laboratoireslelegard.com\/ch\/wp-json\/wp\/v2\/media?parent=641"}],"wp:term":[{"taxonomy":"product_brand","embeddable":true,"href":"https:\/\/www.laboratoireslelegard.com\/ch\/wp-json\/wp\/v2\/product_brand?post=641"},{"taxonomy":"product_cat","embeddable":true,"href":"https:\/\/www.laboratoireslelegard.com\/ch\/wp-json\/wp\/v2\/product_cat?post=641"},{"taxonomy":"product_tag","embeddable":true,"href":"https:\/\/www.laboratoireslelegard.com\/ch\/wp-json\/wp\/v2\/product_tag?post=641"}],"curies":[{"name":"wp","href":"https:\/\/api.w.org\/{rel}","templated":true}]}}